{"id":9960,"date":"2024-08-05T01:04:16","date_gmt":"2024-08-05T01:04:16","guid":{"rendered":"http:\/\/mesrecettesww.com\/livres\/?post_type=product&#038;p=9960"},"modified":"2024-08-05T01:40:46","modified_gmt":"2024-08-05T01:40:46","slug":"recette-anti-inflammatoire","status":"publish","type":"product","link":"https:\/\/mesrecettesww.com\/livres\/product\/recette-anti-inflammatoire\/","title":{"rendered":"Recette Anti-inflammatoire"},"content":{"rendered":"<h3><span style=\"color: #ed1c24;\">Introduction au livre : Recette Anti-inflammatoire<\/span><\/h3>\n<p><span style=\"color: #000000;\">Recette Anti-inflammatoire est un livre de recette anti-inflammatoire qui vous guide vers un mode de vie plus sain en int\u00e9grant des aliments qui r\u00e9duisent l&rsquo;inflammation dans votre alimentation quotidienne. <\/span><\/p>\n<p><span style=\"color: #000000;\">Ce guide complet est sp\u00e9cialement con\u00e7u pour ceux qui souhaitent am\u00e9liorer leur sant\u00e9 en changeant leurs habitudes alimentaires.<\/span><\/p>\n<div class=\"row\"  id=\"row-1008058895\"><\/p>\n<p>\n\t<div id=\"col-297977571\" class=\"col medium-2 small-12 large-2\"  >\n\t\t\t\t<div class=\"col-inner\"  >\n\t\t\t\n\t\t\t<\/p>\n<p>\t\t<\/div>\n\t\t\t\t\t<\/div>\n\n\t<br \/>\n\n\t<div id=\"col-1995998870\" class=\"col medium-8 small-12 large-8\"  >\n\t\t\t\t<div class=\"col-inner text-center\"  >\n\t\t\t\n\t\t\t<\/p>\n<p><a data-animate=\"fadeInLeft\" href=\"http:\/\/mesrecettesww.com\/livres\/?add-to-cart=9960\" target=\"_self\" class=\"button alert is-shade is-larger box-shadow-4 box-shadow-5-hover\"  style=\"border-radius:10px;\">\n    <span>EXCLUSIVIT\u00c9 WEB : NON DISPONIBLE EN MAGASIN<\/span>\n  <\/a>\n<\/p>\n<p>\t\t<\/div>\n\t\t\t\t\t<\/div>\n\n\t<br \/>\n\n\t<div id=\"col-1706369649\" class=\"col medium-2 small-12 large-2\"  >\n\t\t\t\t<div class=\"col-inner\"  >\n\t\t\t\n\t\t\t<\/p>\n<p>\t\t<\/div>\n\t\t\t\t\t<\/div>\n\n\t<\/p>\n<p><\/div>\n<h3><span style=\"color: #ed1c24;\"><strong>Qu&rsquo;est-ce qu&rsquo;une alimentation ou recette anti-inflammatoire?<\/strong><\/span><\/h3>\n<p><span style=\"font-weight: 400; color: #000000;\">L&rsquo;alimentation anti-inflammatoire se concentre sur des ingr\u00e9dients naturels qui aident \u00e0 r\u00e9duire l&rsquo;inflammation dans le corps, am\u00e9liorant ainsi la sant\u00e9 g\u00e9n\u00e9rale et pr\u00e9venant diverses maladies chroniques. <\/span><\/p>\n<p><span style=\"font-weight: 400; color: #000000;\">Les recettes de ce livre sont bas\u00e9es sur des aliments riches en nutriments, tels que les fruits, l\u00e9gumes, noix, graines, et poissons gras, connus pour leurs propri\u00e9t\u00e9s anti-inflammatoires.<\/span><\/p>\n<div class=\"row row-collapse row-full-width align-middle\"  id=\"row-135765872\"><\/p>\n<p>\n\t<div id=\"col-3539933\" class=\"col medium-6 small-12 large-6\"  >\n\t\t\t\t<div class=\"col-inner\" style=\"max-width:520px;\" >\n\t\t\t\n\t\t\t<\/p>\n<h3><span style=\"color: #ed1c24;\">Caract\u00e9ristiques du livre :<\/span><\/h3>\n<ul>\n<li><span style=\"color: #000000;\"><b>Recettes Faciles \u00e0 Suivre:<\/b><span style=\"font-weight: 400;\"> Ce livre de recette anti-inflammatoire propose des recettes simples et d\u00e9taill\u00e9es qui conviennent aussi bien aux d\u00e9butants qu&rsquo;aux cuisiniers exp\u00e9riment\u00e9s. Chaque recette est accompagn\u00e9e d&rsquo;instructions claires et de conseils pratiques.<\/span><\/span><\/li>\n<li><span style=\"color: #000000;\"><b>Vari\u00e9t\u00e9 de Recettes:<\/b><span style=\"font-weight: 400;\"> Explorez une large gamme de plats allant des petits d\u00e9jeuners nutritifs aux d\u00eeners copieux, en passant par des desserts savoureux. Vous trouverez des id\u00e9es pour chaque repas de la journ\u00e9e, facilitant l&rsquo;adoption d&rsquo;un r\u00e9gime anti-inflammatoire.<\/span><\/span><\/li>\n<li><span style=\"color: #000000;\"><b>Ingr\u00e9dients Sains:<\/b><span style=\"font-weight: 400;\"> Les recettes mettent en avant des ingr\u00e9dients naturels et non transform\u00e9s, s\u00e9lectionn\u00e9s pour leurs bienfaits sur la sant\u00e9. Ce livre de recette anti-inflammatoire vous aidera \u00e0 int\u00e9grer facilement ces aliments dans votre quotidien.<\/span><\/span><\/li>\n<\/ul>\n<p>\t\t<\/div>\n\t\t\t\t\n<style>\n#col-3539933 > .col-inner {\n  padding: 5% 5% 5% 5%;\n}\n<\/style>\n\t<\/div>\n\n\t<br \/>\n\n\t<div id=\"col-147184866\" class=\"col medium-6 small-12 large-6\"  >\n\t\t\t\t<div class=\"col-inner\"  >\n\t\t\t\n\t\t\t<\/p>\n<p>\t<div class=\"img has-hover x md-x lg-x y md-y lg-y\" id=\"image_383334974\">\n\t\t<a class=\"\" href=\"http:\/\/mesrecettesww.com\/livres\/product\/recette-anti-inflammatoire\/\"  >\t\t\t\t\t\t<div class=\"img-inner dark\" >\n\t\t\t<img loading=\"lazy\" decoding=\"async\" width=\"800\" height=\"800\" src=\"https:\/\/mesrecettesww.com\/livres\/wp-content\/uploads\/2024\/08\/recettes-Anti-inflammatoire-livre-800x800.jpg\" class=\"attachment-large size-large\" alt=\"recette Anti-inflammatoire livre\" srcset=\"https:\/\/mesrecettesww.com\/livres\/wp-content\/uploads\/2024\/08\/recettes-Anti-inflammatoire-livre-800x800.jpg 800w, https:\/\/mesrecettesww.com\/livres\/wp-content\/uploads\/2024\/08\/recettes-Anti-inflammatoire-livre-400x400.jpg 400w, https:\/\/mesrecettesww.com\/livres\/wp-content\/uploads\/2024\/08\/recettes-Anti-inflammatoire-livre-280x280.jpg 280w, https:\/\/mesrecettesww.com\/livres\/wp-content\/uploads\/2024\/08\/recettes-Anti-inflammatoire-livre-768x768.jpg 768w, https:\/\/mesrecettesww.com\/livres\/wp-content\/uploads\/2024\/08\/recettes-Anti-inflammatoire-livre-300x300.jpg 300w, https:\/\/mesrecettesww.com\/livres\/wp-content\/uploads\/2024\/08\/recettes-Anti-inflammatoire-livre-600x600.jpg 600w, https:\/\/mesrecettesww.com\/livres\/wp-content\/uploads\/2024\/08\/recettes-Anti-inflammatoire-livre-100x100.jpg 100w, https:\/\/mesrecettesww.com\/livres\/wp-content\/uploads\/2024\/08\/recettes-Anti-inflammatoire-livre-60x60.jpg 60w, https:\/\/mesrecettesww.com\/livres\/wp-content\/uploads\/2024\/08\/recettes-Anti-inflammatoire-livre-90x90.jpg 90w, https:\/\/mesrecettesww.com\/livres\/wp-content\/uploads\/2024\/08\/recettes-Anti-inflammatoire-livre.jpg 1500w\" sizes=\"auto, (max-width: 800px) 100vw, 800px\" \/>\t\t\t\t\t\t\n\t\t\t\t\t<\/div>\n\t\t\t\t\t\t<\/a>\t\t\n<style>\n#image_383334974 {\n  width: 100%;\n}\n<\/style>\n\t<\/div>\n\t<\/p>\n<p>\t\t<\/div>\n\t\t\t\t\t<\/div>\n\n\t<\/p>\n<p><\/div>\n<h3><span style=\"color: #ed1c24;\">Avantages d&rsquo;un r\u00e9gime anti-inflammatoire :<\/span><\/h3>\n<p><span style=\"font-weight: 400; color: #000000;\">Adopter un r\u00e9gime anti-inflammatoire peut avoir de nombreux b\u00e9n\u00e9fices pour la sant\u00e9, notamment :<\/span><\/p>\n<ul>\n<li><span style=\"font-weight: 400; color: #000000;\"><strong>R\u00e9duction des Sympt\u00f4mes Inflammatoires:<\/strong> Am\u00e9liorez votre bien-\u00eatre g\u00e9n\u00e9ral en att\u00e9nuant les douleurs articulaires, les gonflements, et autres sympt\u00f4mes li\u00e9s \u00e0 l&rsquo;inflammation.<\/span><\/li>\n<li><span style=\"font-weight: 400; color: #000000;\"><strong>Pr\u00e9vention des Maladies Chroniques:<\/strong> Une alimentation anti-inflammatoire aide \u00e0 pr\u00e9venir des maladies telles que les maladies cardiaques, le diab\u00e8te, et certains types de cancer.<\/span><\/li>\n<li><span style=\"font-weight: 400; color: #000000;\"><strong>Augmentation de l&rsquo;\u00c9nergie:<\/strong> En \u00e9liminant les aliments inflammatoires, vous pouvez ressentir une am\u00e9lioration significative de votre niveau d&rsquo;\u00e9nergie et de votre vitalit\u00e9 au quotidien.<\/span><\/li>\n<\/ul>\n<h3><span style=\"color: #ed1c24;\">Pourquoi choisir ce livre?<\/span><\/h3>\n<p><span style=\"font-weight: 400; color: #000000;\">Ce livre de recette anti-inflammatoire est un outil essentiel pour toute personne souhaitant am\u00e9liorer sa sant\u00e9 de mani\u00e8re naturelle et d\u00e9licieuse. <\/span><\/p>\n<p><span style=\"font-weight: 400; color: #000000;\">Il offre une approche pratique et accessible pour transformer votre alimentation anti-inflammatoire en un mode de vie durable et agr\u00e9able.<\/span><\/p>\n<p><span style=\"font-weight: 400; color: #000000;\">En choisissant Recette Anti-inflammatoire, vous faites le premier pas vers une meilleure sant\u00e9 et un bien-\u00eatre durable. <\/span><\/p>\n<p><span style=\"font-weight: 400; color: #000000;\">Profitez des saveurs et des bienfaits d&rsquo;une alimentation anti-inflammatoire d\u00e8s aujourd&rsquo;hui!<\/span><\/p>\n<div class=\"is-divider divider clearfix\" style=\"max-width:0px;\"><\/div>\n<div class=\"container section-title-container\" ><h3 class=\"section-title section-title-center\"><b><\/b><span class=\"section-title-main\" >Ce que les gens disent sur ce livre<\/span><b><\/b><\/h3><\/div>\n<div class=\"row align-equal row-box-shadow-2 row-box-shadow-5-hover\"  id=\"row-844095999\">\n\n\t<div id=\"col-1757640205\" class=\"col medium-4 small-12 large-4\"  >\n\t\t\t\t<div class=\"col-inner\"  >\n\t\t\t\n\t\t\t\n  <div class=\"icon-box testimonial-box icon-box-center text-center\">\n                <div class=\"icon-box-img testimonial-image circle\" style=\"width: 121px\">\n                      <\/div>\n                <div class=\"icon-box-text p-last-0\">\n          <div class=\"star-rating\"><span style=\"width:100%\"><strong class=\"rating\"><\/strong><\/span><\/div>  \t\t\t\t<div class=\"testimonial-text line-height-small italic test_text first-reset last-reset is-italic\">\n            <\/p>\n<p>\u00ab\u00a0Je suis ravie d&rsquo;avoir achet\u00e9 ce livre de recette anti-inflammatoire! Les recettes sont non seulement d\u00e9licieuses mais aussi tr\u00e8s faciles \u00e0 suivre. J&rsquo;ai remarqu\u00e9 une nette am\u00e9lioration de mon \u00e9nergie et de mon bien-\u00eatre g\u00e9n\u00e9ral depuis que j&rsquo;ai commenc\u00e9 \u00e0 suivre un r\u00e9gime anti-inflammatoire. Ce livre est un excellent guide pour toute personne souhaitant adopter un mode de vie plus sain.\u00a0\u00bb<\/p>\n<p>          <\/div>\n          <div class=\"testimonial-meta pt-half\">\n             <strong class=\"testimonial-name test_name\">Marie D.<\/strong>\n             <span class=\"testimonial-name-divider\"> \/ <\/span>             <span class=\"testimonial-company test_company\">Facebook<\/span>\n          <\/div>\n        <\/div>\n  <\/div>\n\n  \n<p>\t\t<\/div>\n\t\t\t\t\t<\/div>\n\n\t<br \/>\n\n\t<div id=\"col-1745156030\" class=\"col medium-4 small-12 large-4\"  >\n\t\t\t\t<div class=\"col-inner\"  >\n\t\t\t\n\t\t\t<\/p>\n  <div class=\"icon-box testimonial-box icon-box-center text-center\">\n                <div class=\"icon-box-img testimonial-image circle\" style=\"width: 121px\">\n                      <\/div>\n                <div class=\"icon-box-text p-last-0\">\n          <div class=\"star-rating\"><span style=\"width:100%\"><strong class=\"rating\"><\/strong><\/span><\/div>  \t\t\t\t<div class=\"testimonial-text line-height-small italic test_text first-reset last-reset is-italic\">\n            <\/p>\n<div class=\"e-box h-p2 -stacked -radius-none\">\n<p class=\"t-body h-my1\">\u00ab\u00a0Ce livre de recette anti-inflammatoire a compl\u00e8tement transform\u00e9 ma fa\u00e7on de cuisiner. Les plats sont simples \u00e0 pr\u00e9parer et les ingr\u00e9dients sont facilement accessibles. J&rsquo;adore la vari\u00e9t\u00e9 des recettes qui m&rsquo;aide \u00e0 ne jamais m&rsquo;ennuyer en cuisine. Gr\u00e2ce \u00e0 ce livre, j&rsquo;ai d\u00e9couvert comment une alimentation anti-inflammatoire peut \u00eatre savoureuse et b\u00e9n\u00e9fique pour la sant\u00e9.\u00a0\u00bb<\/p>\n<\/div>\n<p>          <\/div>\n          <div class=\"testimonial-meta pt-half\">\n             <strong class=\"testimonial-name test_name\">Julien L.<\/strong>\n             <span class=\"testimonial-name-divider\"> \/ <\/span>             <span class=\"testimonial-company test_company\">Facebook<\/span>\n          <\/div>\n        <\/div>\n  <\/div>\n\n  \n<p>\t\t<\/div>\n\t\t\t\t\t<\/div>\n\n\t<br \/>\n\n\t<div id=\"col-1640623320\" class=\"col medium-4 small-12 large-4\"  >\n\t\t\t\t<div class=\"col-inner\"  >\n\t\t\t\n\t\t\t<\/p>\n  <div class=\"icon-box testimonial-box icon-box-center text-center\">\n                <div class=\"icon-box-img testimonial-image circle\" style=\"width: 121px\">\n                      <\/div>\n                <div class=\"icon-box-text p-last-0\">\n          <div class=\"star-rating\"><span style=\"width:100%\"><strong class=\"rating\"><\/strong><\/span><\/div>  \t\t\t\t<div class=\"testimonial-text line-height-small italic test_text first-reset last-reset is-italic\">\n            <\/p>\n<p>\u00ab\u00a0Je recommande vivement Recette Anti-inflammatoire \u00e0 tous ceux qui souhaitent am\u00e9liorer leur sant\u00e9 tout en se r\u00e9galant. Les recettes sont bien expliqu\u00e9es et adapt\u00e9es \u00e0 toute la famille. J&rsquo;appr\u00e9cie particuli\u00e8rement les conseils nutritionnels qui accompagnent chaque plat. Ce livre de recette anti-inflammatoire m&rsquo;a aid\u00e9e \u00e0 mieux comprendre les bienfaits d&rsquo;une alimentation anti-inflammatoire et \u00e0 les int\u00e9grer dans mon quotidien.\u00a0\u00bb<\/p>\n<p>          <\/div>\n          <div class=\"testimonial-meta pt-half\">\n             <strong class=\"testimonial-name test_name\">Sophie T.<\/strong>\n             <span class=\"testimonial-name-divider\"> \/ <\/span>             <span class=\"testimonial-company test_company\">Facebook<\/span>\n          <\/div>\n        <\/div>\n  <\/div>\n\n  \n<p>\t\t<\/div>\n\t\t\t\t\t<\/div>\n\n\t<\/p>\n<p>\n<style>\n#row-844095999 > .col > .col-inner {\n  padding: 30px 30px 30px 30px;\n}\n<\/style>\n<\/div><br \/>\n<div class=\"row\"  id=\"row-615912825\"><\/p>\n\n\t<div id=\"col-1588739811\" class=\"col small-12 large-12\"  >\n\t\t\t\t<div class=\"col-inner text-center\"  >\n\t\t\t\n\t\t\t<\/p>\n<p><a data-animate=\"bounceIn\" href=\"http:\/\/mesrecettesww.com\/livres\/?add-to-cart=9960\" target=\"_self\" class=\"button primary is-shade is-larger box-shadow-4 box-shadow-5-hover\"  style=\"border-radius:10px;\">\n    <span>Commandez maintenant ce livre<\/span>\n  <\/a>\n<\/p>\n<p>\t\t<\/div>\n\t\t\t\t\t<\/div>\n\n\t\n<p><\/div>\n","protected":false},"excerpt":{"rendered":"<p><span style=\"color: #ed1c24;\">D\u00e9couvrez ce livre \u00ab\u00a0Recette Anti-inflammatoire\u00a0\u00bb pour un r\u00e9gime sain ainsi transformez votre alimentation avec ces recettes anti-inflammatoires.<\/span><\/p>\n","protected":false},"featured_media":9961,"comment_status":"closed","ping_status":"closed","template":"","meta":{"_iconic_wsb_product_page_order_bump_ids":[[316,5787]],"_sku":[],"_iconic_wsb_product_page_bump_modal_ids":[[]]},"product_brand":[],"product_cat":[70],"product_tag":[],"class_list":{"0":"post-9960","1":"product","2":"type-product","3":"status-publish","4":"has-post-thumbnail","6":"product_cat-livres-weight-watchers","8":"first","9":"instock","10":"sale","11":"downloadable","12":"virtual","13":"sold-individually","14":"taxable","15":"purchasable","16":"product-type-simple"},"_links":{"self":[{"href":"https:\/\/mesrecettesww.com\/livres\/wp-json\/wp\/v2\/product\/9960","targetHints":{"allow":["GET"]}}],"collection":[{"href":"https:\/\/mesrecettesww.com\/livres\/wp-json\/wp\/v2\/product"}],"about":[{"href":"https:\/\/mesrecettesww.com\/livres\/wp-json\/wp\/v2\/types\/product"}],"replies":[{"embeddable":true,"href":"https:\/\/mesrecettesww.com\/livres\/wp-json\/wp\/v2\/comments?post=9960"}],"wp:featuredmedia":[{"embeddable":true,"href":"https:\/\/mesrecettesww.com\/livres\/wp-json\/wp\/v2\/media\/9961"}],"wp:attachment":[{"href":"https:\/\/mesrecettesww.com\/livres\/wp-json\/wp\/v2\/media?parent=9960"}],"wp:term":[{"taxonomy":"product_brand","embeddable":true,"href":"https:\/\/mesrecettesww.com\/livres\/wp-json\/wp\/v2\/product_brand?post=9960"},{"taxonomy":"product_cat","embeddable":true,"href":"https:\/\/mesrecettesww.com\/livres\/wp-json\/wp\/v2\/product_cat?post=9960"},{"taxonomy":"product_tag","embeddable":true,"href":"https:\/\/mesrecettesww.com\/livres\/wp-json\/wp\/v2\/product_tag?post=9960"}],"curies":[{"name":"wp","href":"https:\/\/api.w.org\/{rel}","templated":true}]}}