{"id":9386,"date":"2024-07-11T14:27:27","date_gmt":"2024-07-11T14:27:27","guid":{"rendered":"http:\/\/mesrecettesww.com\/livres\/?post_type=product&#038;p=9386"},"modified":"2024-07-14T23:25:22","modified_gmt":"2024-07-14T23:25:22","slug":"lot-de-4-livres-weight-watchers","status":"publish","type":"product","link":"https:\/\/mesrecettesww.com\/livres\/product\/lot-de-4-livres-weight-watchers\/","title":{"rendered":"Lot de 4 Livres Weight Watchers\u00ae"},"content":{"rendered":"<div class=\"row\"  id=\"row-1604259973\"><\/p>\n<p>\n\t<div id=\"col-1185112597\" class=\"col medium-2 small-12 large-2\"  >\n\t\t\t\t<div class=\"col-inner\"  >\n\t\t\t\n\t\t\t<\/p>\n<p>\t\t<\/div>\n\t\t\t\t\t<\/div>\n\n\t<br \/>\n\n\t<div id=\"col-919428024\" class=\"col medium-8 small-12 large-8\"  >\n\t\t\t\t<div class=\"col-inner text-center\"  >\n\t\t\t\n\t\t\t<\/p>\n<p><a data-animate=\"fadeInLeft\" href=\"http:\/\/mesrecettesww.com\/livres\/?add-to-cart=9386\" target=\"_self\" class=\"button alert is-shade is-larger box-shadow-4 box-shadow-5-hover\"  style=\"border-radius:10px;\">\n    <span>EXCLUSIVIT\u00c9 WEB : NON DISPONIBLE EN MAGASIN<\/span>\n  <\/a>\n<\/p>\n<p>\t\t<\/div>\n\t\t\t\t\t<\/div>\n\n\t<br \/>\n\n\t<div id=\"col-1115237111\" class=\"col medium-2 small-12 large-2\"  >\n\t\t\t\t<div class=\"col-inner\"  >\n\t\t\t\n\t\t\t<\/p>\n<p>\t\t<\/div>\n\t\t\t\t\t<\/div>\n\n\t<\/p>\n<p><\/div>\n<h3><span style=\"color: #ed1c24;\"><strong>Cuisinez sainement et d\u00e9licieusement!<\/strong><\/span><\/h3>\n<p><span style=\"color: #000000;\">\u00cates-vous pr\u00eat \u00e0 vous lancer dans un voyage vers un mode de vie plus sain et plus heureux ? <\/span><\/p>\n<p><span style=\"color: #000000;\">Ne cherchez pas plus loin que <strong>notre lot de 4 livres Weight Watchers\u00ae<\/strong> \u2013 un guide complet con\u00e7u pour soutenir vos objectifs de perte de poids et de bien-\u00eatre comme jamais auparavant.<\/span><\/p>\n<div class=\"row row-collapse row-full-width align-middle\"  id=\"row-140666280\"><\/p>\n<p>\n\t<div id=\"col-1145092077\" class=\"col medium-6 small-12 large-6\"  >\n\t\t\t\t<div class=\"col-inner\" style=\"max-width:520px;\" >\n\t\t\t\n\t\t\t<\/p>\n<h3><strong><span style=\"color: #d83131;\">Ce que vous trouverez \u00e0 l&rsquo;int\u00e9rieur :<\/span><\/strong><\/h3>\n<p><a href=\"http:\/\/mesrecettesww.com\/livres\/product\/recettes-ww-au-cookeo-v2\/\"><strong>Livre 1 : Livre Recettes WW au Cookeo (version 2) :<\/strong> <\/a>Des recettes ww au cookeo classiques au plus originales, vous allez pouvoir vous r\u00e9galer avec l\u00e9g\u00e8ret\u00e9 !<\/p>\n<p><strong><a href=\"http:\/\/mesrecettesww.com\/livres\/product\/recettes-weight-watchers-thermomix-v2\/\">Livre 2 : Livre Recettes WW au Thermomix (version 2) :<\/a> <\/strong>Si vous suivez ou que vous vous lancez dans le r\u00e9gime Weight Watchers, voici des recettes que vous pourrez facilement et rapidement r\u00e9aliser avec votre Thermomix (TM6, TM5, TM31).<\/p>\n<p><strong><a href=\"http:\/\/mesrecettesww.com\/livres\/product\/liste-des-aliments-a-zeropoint\/\">Livre 3 : La liste compl\u00e8te des aliments \u00e0 ZeroPoint (imprimable) :<\/a> <\/strong>Obtenez cette liste compl\u00e8te des aliments Zero Point, afin de pouvoir l\u2019imprimer et la mettre sur votre r\u00e9frig\u00e9rateur pour une r\u00e9f\u00e9rence rapide et facile.<\/p>\n<p><strong><a href=\"http:\/\/mesrecettesww.com\/livres\/product\/recettes-zero-point-weight-watchers\/\">Livre 4 : Recettes Zero Point Weight Watchers :<\/a> <\/strong>Une s\u00e9lection de recettes d\u00e9licieuses \u00e0 zero point weight watchers, permettant de savourer des repas savoureux tout en atteignant vos objectifs de perte de poids.<\/p>\n<p>\t\t<\/div>\n\t\t\t\t\n<style>\n#col-1145092077 > .col-inner {\n  padding: 5% 5% 5% 5%;\n}\n<\/style>\n\t<\/div>\n\n\t<br \/>\n\n\t<div id=\"col-236921408\" class=\"col medium-6 small-12 large-6\"  >\n\t\t\t\t<div class=\"col-inner\"  >\n\t\t\t\n\t\t\t<\/p>\n<p>\t<div class=\"img has-hover x md-x lg-x y md-y lg-y\" id=\"image_2097801183\">\n\t\t\t\t\t\t\t\t<div class=\"img-inner dark\" >\n\t\t\t<img loading=\"lazy\" decoding=\"async\" width=\"637\" height=\"800\" src=\"https:\/\/mesrecettesww.com\/livres\/wp-content\/uploads\/2024\/07\/Weight-Watchers-Collection-4-livres-637x800.jpg\" class=\"attachment-large size-large\" alt=\"Livres Weight Watchers\" srcset=\"https:\/\/mesrecettesww.com\/livres\/wp-content\/uploads\/2024\/07\/Weight-Watchers-Collection-4-livres-637x800.jpg 637w, https:\/\/mesrecettesww.com\/livres\/wp-content\/uploads\/2024\/07\/Weight-Watchers-Collection-4-livres-318x400.jpg 318w, https:\/\/mesrecettesww.com\/livres\/wp-content\/uploads\/2024\/07\/Weight-Watchers-Collection-4-livres-768x965.jpg 768w, https:\/\/mesrecettesww.com\/livres\/wp-content\/uploads\/2024\/07\/Weight-Watchers-Collection-4-livres-600x754.jpg 600w, https:\/\/mesrecettesww.com\/livres\/wp-content\/uploads\/2024\/07\/Weight-Watchers-Collection-4-livres-48x60.jpg 48w, https:\/\/mesrecettesww.com\/livres\/wp-content\/uploads\/2024\/07\/Weight-Watchers-Collection-4-livres-72x90.jpg 72w, https:\/\/mesrecettesww.com\/livres\/wp-content\/uploads\/2024\/07\/Weight-Watchers-Collection-4-livres.jpg 1223w\" sizes=\"auto, (max-width: 637px) 100vw, 637px\" \/>\t\t\t\t\t\t\n\t\t\t\t\t<\/div>\n\t\t\t\t\t\t\t\t\n<style>\n#image_2097801183 {\n  width: 100%;\n}\n<\/style>\n\t<\/div>\n\t<\/p>\n<p>\t\t<\/div>\n\t\t\t\t\t<\/div>\n\n\t<\/p>\n<p><\/div>\n<p><span style=\"color: #000000;\">Ce lot est votre ressource tout-en-un pour un mode de vie \u00e9quilibr\u00e9. Que vous soyez novice en gestion du poids ou un professionnel exp\u00e9riment\u00e9, ces livres offrent des conseils pr\u00e9cieux et des recommandations pratiques.<\/span><\/p>\n<p><span style=\"color: #000000;\"><strong>Pourquoi choisir Weight Watchers\u00ae ?<\/strong><\/span><\/p>\n<ul>\n<li><span style=\"color: #000000;\">Plus de cinq d\u00e9cennies d&rsquo;expertise.<\/span><\/li>\n<li><span style=\"color: #000000;\">Une communaut\u00e9 de personnes partageant les m\u00eames id\u00e9es.<\/span><\/li>\n<li><span style=\"color: #000000;\">Des approches \u00e9prouv\u00e9es et bas\u00e9es sur la science pour la perte de poids.<\/span><\/li>\n<li><span style=\"color: #000000;\">Pr\u00eat \u00e0 faire le premier pas vers une version plus saine de vous-m\u00eame ?<\/span><\/li>\n<\/ul>\n<blockquote>\n<p>Cliquez sur le lien ci-dessous pour commander votre lot de 4 livres Weight Watchers\u00ae d\u00e8s aujourd&rsquo;hui. Commencez votre voyage vers une vie plus dynamique, \u00e9nergique et confiante !<\/p>\n<\/blockquote>\n<div class=\"row\"  id=\"row-812995601\">\n\n\t<div id=\"col-1809967029\" class=\"col medium-4 small-12 large-4\"  >\n\t\t\t\t<div class=\"col-inner\"  >\n\t\t\t\n\t\t\t\n<p>\t\t<\/div>\n\t\t\t\t\t<\/div>\n\n\t<br \/>\n\n\t<div id=\"col-1376665295\" class=\"col medium-4 small-12 large-4\"  >\n\t\t\t\t<div class=\"col-inner text-center\"  >\n\t\t\t\n\t\t\t<\/p>\n<a href=\"http:\/\/mesrecettesww.com\/livres\/?add-to-cart=9386\" target=\"_self\" class=\"button primary is-large\"  >\n    <span>ACHETEZ MAINTENANT<\/span>\n  <\/a>\n\n<p>\t\t<\/div>\n\t\t\t\t\t<\/div>\n\n\t<br \/>\n\n\t<div id=\"col-1741085851\" class=\"col medium-4 small-12 large-4\"  >\n\t\t\t\t<div class=\"col-inner\"  >\n\t\t\t\n\t\t\t<\/p>\n<p>\t\t<\/div>\n\t\t\t\t\t<\/div>\n\n\t<\/p>\n<p><\/div><br \/>\n<div class=\"is-divider divider clearfix\" style=\"max-width:0px;\"><\/div>\n<div class=\"container section-title-container\" ><h3 class=\"section-title section-title-center\"><b><\/b><span class=\"section-title-main\" >Ce que les gens disent sur ce Lot<\/span><b><\/b><\/h3><\/div>\n<div class=\"row align-equal row-box-shadow-2 row-box-shadow-5-hover\"  id=\"row-1135536735\">\n\n\t<div id=\"col-1614704742\" class=\"col medium-4 small-12 large-4\"  >\n\t\t\t\t<div class=\"col-inner\"  >\n\t\t\t\n\t\t\t\n  <div class=\"icon-box testimonial-box icon-box-center text-center\">\n                <div class=\"icon-box-img testimonial-image circle\" style=\"width: 121px\">\n                      <\/div>\n                <div class=\"icon-box-text p-last-0\">\n          <div class=\"star-rating\"><span style=\"width:100%\"><strong class=\"rating\"><\/strong><\/span><\/div>  \t\t\t\t<div class=\"testimonial-text line-height-small italic test_text first-reset last-reset is-italic\">\n            <\/p>\n<p>\u00ab\u00a0Je ne peux pas vous remercier assez pour ce lot incroyable. C&rsquo;est comme avoir un coach personnel et un chef en un seul ! Les recettes sont faciles \u00e0 suivre, et l&rsquo;inspiration quotidienne me permet de rester sur la bonne voie. Si vous cherchez \u00e0 transformer votre mode de vie, ce lot est indispensable. Passez \u00e0 l&rsquo;action d\u00e8s maintenant \u2013 commandez le v\u00f4tre !\u00a0\u00bb<\/p>\n<p>          <\/div>\n          <div class=\"testimonial-meta pt-half\">\n             <strong class=\"testimonial-name test_name\">Charlotte Chandonnet<\/strong>\n             <span class=\"testimonial-name-divider\"> \/ <\/span>             <span class=\"testimonial-company test_company\">Facebook<\/span>\n          <\/div>\n        <\/div>\n  <\/div>\n\n  \n<p>\t\t<\/div>\n\t\t\t\t\t<\/div>\n\n\t<br \/>\n\n\t<div id=\"col-273632500\" class=\"col medium-4 small-12 large-4\"  >\n\t\t\t\t<div class=\"col-inner\"  >\n\t\t\t\n\t\t\t<\/p>\n  <div class=\"icon-box testimonial-box icon-box-center text-center\">\n                <div class=\"icon-box-img testimonial-image circle\" style=\"width: 121px\">\n                      <\/div>\n                <div class=\"icon-box-text p-last-0\">\n          <div class=\"star-rating\"><span style=\"width:100%\"><strong class=\"rating\"><\/strong><\/span><\/div>  \t\t\t\t<div class=\"testimonial-text line-height-small italic test_text first-reset last-reset is-italic\">\n            <\/p>\n<div class=\"e-box h-p2 -stacked -radius-none\">\n<p class=\"t-body h-my1\">\u00ab\u00a0J&rsquo;ai essay\u00e9 de nombreux programmes de perte de poids, mais aucun n&rsquo;a \u00e9t\u00e9 aussi efficace que le lot de 4 livres Weight Watchers\u00ae. Les conseils dans ces livres sont inestimables. J&rsquo;ai d\u00e9j\u00e0 vu des r\u00e9sultats incroyables et je suis impatient de continuer mon parcours avec cette ressource fantastique. Procurez-vous votre lot d\u00e8s aujourd&rsquo;hui \u2013 vous ne le regretterez pas !\u00a0\u00bb<\/p>\n<\/div>\n<p>          <\/div>\n          <div class=\"testimonial-meta pt-half\">\n             <strong class=\"testimonial-name test_name\">Jeanette Laboissonni\u00e8re<\/strong>\n             <span class=\"testimonial-name-divider\"> \/ <\/span>             <span class=\"testimonial-company test_company\">Facebook<\/span>\n          <\/div>\n        <\/div>\n  <\/div>\n\n  \n<p>\t\t<\/div>\n\t\t\t\t\t<\/div>\n\n\t<br \/>\n\n\t<div id=\"col-1051504944\" class=\"col medium-4 small-12 large-4\"  >\n\t\t\t\t<div class=\"col-inner\"  >\n\t\t\t\n\t\t\t<\/p>\n  <div class=\"icon-box testimonial-box icon-box-center text-center\">\n                <div class=\"icon-box-img testimonial-image circle\" style=\"width: 121px\">\n                      <\/div>\n                <div class=\"icon-box-text p-last-0\">\n          <div class=\"star-rating\"><span style=\"width:100%\"><strong class=\"rating\"><\/strong><\/span><\/div>  \t\t\t\t<div class=\"testimonial-text line-height-small italic test_text first-reset last-reset is-italic\">\n            <\/p>\n<p>\u00ab\u00a0Je ne peux exprimer \u00e0 quel point je suis ravi du lot de 4 livres Weight Watchers\u00ae ! Ces livres ont vraiment chang\u00e9 ma vie. Les recettes sont d\u00e9licieuses et l&rsquo;inspiration quotidienne me garde motiv\u00e9. Je recommande vivement ce lot \u00e0 tous ceux qui sont en qu\u00eate de bien-\u00eatre. N&rsquo;attendez plus \u2013 commandez-le maintenant et commencez votre transformation !\u00a0\u00bb<\/p>\n<p>          <\/div>\n          <div class=\"testimonial-meta pt-half\">\n             <strong class=\"testimonial-name test_name\">Amber Lamarre<\/strong>\n             <span class=\"testimonial-name-divider\"> \/ <\/span>             <span class=\"testimonial-company test_company\">Facebook<\/span>\n          <\/div>\n        <\/div>\n  <\/div>\n\n  \n<p>\t\t<\/div>\n\t\t\t\t\t<\/div>\n\n\t<\/p>\n<p>\n<style>\n#row-1135536735 > .col > .col-inner {\n  padding: 30px 30px 30px 30px;\n}\n<\/style>\n<\/div><br \/>\n<div class=\"row\"  id=\"row-938335075\"><\/p>\n\n\t<div id=\"col-1379715034\" class=\"col small-12 large-12\"  >\n\t\t\t\t<div class=\"col-inner text-center\"  >\n\t\t\t\n\t\t\t<\/p>\n<p><a data-animate=\"bounceIn\" href=\"http:\/\/mesrecettesww.com\/livres\/?add-to-cart=9386\" target=\"_self\" class=\"button primary is-shade is-larger box-shadow-4 box-shadow-5-hover\"  style=\"border-radius:10px;\">\n    <span>Commandez maintenant ce livre<\/span>\n  <\/a>\n<\/p>\n<p>\t\t<\/div>\n\t\t\t\t\t<\/div>\n\n\t\n<p><\/div>\n","protected":false},"excerpt":{"rendered":"<p><span style=\"color: #ed1c24;\">Pr\u00eat \u00e0 transformer votre vie ? Ne manquez pas cette offre incroyable. Procurez-vous d\u00e8s aujourd&rsquo;hui le lot de 4 livres Weight Watchers\u00ae et faites le premier pas vers une meilleure version de vous-m\u00eame.<\/span><\/p>\n","protected":false},"featured_media":9387,"comment_status":"closed","ping_status":"closed","template":"","meta":{"_iconic_wsb_product_page_order_bump_ids":[[8341,8351]],"_sku":[],"_iconic_wsb_product_page_bump_modal_ids":[[]]},"product_brand":[],"product_cat":[70],"product_tag":[],"class_list":{"0":"post-9386","1":"product","2":"type-product","3":"status-publish","4":"has-post-thumbnail","6":"product_cat-livres-weight-watchers","8":"first","9":"instock","10":"sale","11":"downloadable","12":"virtual","13":"sold-individually","14":"taxable","15":"purchasable","16":"product-type-simple"},"_links":{"self":[{"href":"https:\/\/mesrecettesww.com\/livres\/wp-json\/wp\/v2\/product\/9386","targetHints":{"allow":["GET"]}}],"collection":[{"href":"https:\/\/mesrecettesww.com\/livres\/wp-json\/wp\/v2\/product"}],"about":[{"href":"https:\/\/mesrecettesww.com\/livres\/wp-json\/wp\/v2\/types\/product"}],"replies":[{"embeddable":true,"href":"https:\/\/mesrecettesww.com\/livres\/wp-json\/wp\/v2\/comments?post=9386"}],"wp:featuredmedia":[{"embeddable":true,"href":"https:\/\/mesrecettesww.com\/livres\/wp-json\/wp\/v2\/media\/9387"}],"wp:attachment":[{"href":"https:\/\/mesrecettesww.com\/livres\/wp-json\/wp\/v2\/media?parent=9386"}],"wp:term":[{"taxonomy":"product_brand","embeddable":true,"href":"https:\/\/mesrecettesww.com\/livres\/wp-json\/wp\/v2\/product_brand?post=9386"},{"taxonomy":"product_cat","embeddable":true,"href":"https:\/\/mesrecettesww.com\/livres\/wp-json\/wp\/v2\/product_cat?post=9386"},{"taxonomy":"product_tag","embeddable":true,"href":"https:\/\/mesrecettesww.com\/livres\/wp-json\/wp\/v2\/product_tag?post=9386"}],"curies":[{"name":"wp","href":"https:\/\/api.w.org\/{rel}","templated":true}]}}