{"id":8353,"date":"2024-05-23T00:34:42","date_gmt":"2024-05-23T00:34:42","guid":{"rendered":"http:\/\/mesrecettesww.com\/livres\/?post_type=product&#038;p=8353"},"modified":"2024-05-23T00:54:49","modified_gmt":"2024-05-23T00:54:49","slug":"la-bonne-cuisine-francaise-au-cookeo","status":"publish","type":"product","link":"https:\/\/mesrecettesww.com\/livres\/product\/la-bonne-cuisine-francaise-au-cookeo\/","title":{"rendered":"La bonne cuisine Fran\u00e7aise au Cookeo"},"content":{"rendered":"<div class=\"row\"  id=\"row-2054533236\"><\/p>\n<p>\n\t<div id=\"col-876042456\" class=\"col medium-2 small-12 large-2\"  >\n\t\t\t\t<div class=\"col-inner\"  >\n\t\t\t\n\t\t\t<\/p>\n<p>\t\t<\/div>\n\t\t\t\t\t<\/div>\n\n\t<br \/>\n\n\t<div id=\"col-1843072909\" class=\"col medium-8 small-12 large-8\"  >\n\t\t\t\t<div class=\"col-inner text-center\"  >\n\t\t\t\n\t\t\t<\/p>\n<p><a data-animate=\"fadeInLeft\" href=\"http:\/\/mesrecettesww.com\/livres\/?add-to-cart=8353\" target=\"_self\" class=\"button alert is-shade is-larger box-shadow-4 box-shadow-5-hover\"  style=\"border-radius:10px;\">\n    <span>EXCLUSIVIT\u00c9 WEB : NON DISPONIBLE EN MAGASIN<\/span>\n  <\/a>\n<\/p>\n<p>\t\t<\/div>\n\t\t\t\t\t<\/div>\n\n\t<br \/>\n\n\t<div id=\"col-1564794806\" class=\"col medium-2 small-12 large-2\"  >\n\t\t\t\t<div class=\"col-inner\"  >\n\t\t\t\n\t\t\t<\/p>\n<p>\t\t<\/div>\n\t\t\t\t\t<\/div>\n\n\t<\/p>\n<p><\/div>\n<h3><span style=\"color: #ed1c24;\"><strong>Cuisinez sainement et d\u00e9licieusement!<\/strong><\/span><\/h3>\n<p><span style=\"color: #000000;\"><span style=\"font-weight: 400;\">D\u00e9couvrez l&rsquo;art de la cuisine fran\u00e7aise avec le livre de recettes ultime : <\/span><b>La bonne cuisine Fran\u00e7aise au Cookeo<\/b><span style=\"font-weight: 400;\">. <\/span><\/span><\/p>\n<p><span style=\"color: #000000;\"><span style=\"font-weight: 400;\">Plongez dans un monde de saveurs authentiques et de <\/span><b>d\u00e9lices de France<\/b><span style=\"font-weight: 400;\">, o\u00f9 chaque plat raconte une histoire et \u00e9voque des souvenirs de la tradition culinaire fran\u00e7aise.\u00a0<\/span><\/span><\/p>\n<p><span style=\"color: #000000;\"><span style=\"font-weight: 400;\">Ce livre est une ode \u00e0 la <\/span><b>gastronomie fran\u00e7aise<\/b><span style=\"font-weight: 400;\">, mettant en valeur les recettes embl\u00e9matiques de ce pays riche en histoire et en culture.<\/span><\/span><\/p>\n<p><span style=\"color: #000000;\"><span style=\"font-weight: 400;\">Dans ce recueil, vous trouverez une s\u00e9lection soigneusement \u00e9labor\u00e9e de recettes fran\u00e7aises classiques, revisit\u00e9es pour \u00eatre pr\u00e9par\u00e9es avec votre Cookeo. <\/span><\/span><\/p>\n<p><span style=\"color: #000000;\"><span style=\"font-weight: 400;\">Des plats embl\u00e9matiques tels que le <\/span><b>boeuf bourguignon<\/b><span style=\"font-weight: 400;\">, la <\/span><b>ratatouille proven\u00e7ale<\/b><span style=\"font-weight: 400;\">, le <\/span><b>coq au vin<\/b><span style=\"font-weight: 400;\"> et la <\/span><b>bouillabaisse<\/b><span style=\"font-weight: 400;\"> vous transporteront directement en France, avec chaque bouch\u00e9e vous offrant une exp\u00e9rience gustative inoubliable.<\/span><\/span><\/p>\n<div class=\"row row-collapse row-full-width align-middle\"  id=\"row-626069313\"><\/p>\n<p>\n\t<div id=\"col-627949979\" class=\"col medium-6 small-12 large-6\"  >\n\t\t\t\t<div class=\"col-inner\" style=\"max-width:520px;\" >\n\t\t\t\n\t\t\t<\/p>\n<h3><span style=\"color: #ed1c24;\">Ce livre est une ode \u00e0 la gastronomie fran\u00e7aise<\/span><\/h3>\n<p><span style=\"font-weight: 400; color: #000000;\">Ce livre de cuisine offre non seulement des recettes d\u00e9licieuses, mais aussi une facilit\u00e9 et une praticit\u00e9 in\u00e9gal\u00e9es gr\u00e2ce \u00e0 l&rsquo;utilisation du Cookeo.<\/span><\/p>\n<p><span style=\"font-weight: 400; color: #000000;\">Finis les longues heures pass\u00e9es en cuisine, avec ce livre, vous pourrez pr\u00e9parer des repas savoureux en un rien de temps. <\/span><\/p>\n<p><span style=\"font-weight: 400; color: #000000;\">Les instructions claires et d\u00e9taill\u00e9es vous guident \u00e0 chaque \u00e9tape, tandis que les fonctions intelligentes du Cookeo garantissent des r\u00e9sultats parfaits \u00e0 chaque fois.<\/span><\/p>\n<p>\t\t<\/div>\n\t\t\t\t\n<style>\n#col-627949979 > .col-inner {\n  padding: 5% 5% 5% 5%;\n}\n<\/style>\n\t<\/div>\n\n\t<br \/>\n\n\t<div id=\"col-310315499\" class=\"col medium-6 small-12 large-6\"  >\n\t\t\t\t<div class=\"col-inner\"  >\n\t\t\t\n\t\t\t<\/p>\n<p>\t<div class=\"img has-hover x md-x lg-x y md-y lg-y\" id=\"image_775704561\">\n\t\t\t\t\t\t\t\t<div class=\"img-inner dark\" >\n\t\t\t<img loading=\"lazy\" decoding=\"async\" width=\"800\" height=\"800\" src=\"https:\/\/mesrecettesww.com\/livres\/wp-content\/uploads\/2024\/05\/La-bonne-cuisine-Francaise-au-Cookeo-800x800.jpg\" class=\"attachment-large size-large\" alt=\"La bonne cuisine Franc\u0327aise au Cookeo\" srcset=\"https:\/\/mesrecettesww.com\/livres\/wp-content\/uploads\/2024\/05\/La-bonne-cuisine-Francaise-au-Cookeo-800x800.jpg 800w, https:\/\/mesrecettesww.com\/livres\/wp-content\/uploads\/2024\/05\/La-bonne-cuisine-Francaise-au-Cookeo-400x400.jpg 400w, https:\/\/mesrecettesww.com\/livres\/wp-content\/uploads\/2024\/05\/La-bonne-cuisine-Francaise-au-Cookeo-280x280.jpg 280w, https:\/\/mesrecettesww.com\/livres\/wp-content\/uploads\/2024\/05\/La-bonne-cuisine-Francaise-au-Cookeo-768x768.jpg 768w, https:\/\/mesrecettesww.com\/livres\/wp-content\/uploads\/2024\/05\/La-bonne-cuisine-Francaise-au-Cookeo-300x300.jpg 300w, https:\/\/mesrecettesww.com\/livres\/wp-content\/uploads\/2024\/05\/La-bonne-cuisine-Francaise-au-Cookeo-600x600.jpg 600w, https:\/\/mesrecettesww.com\/livres\/wp-content\/uploads\/2024\/05\/La-bonne-cuisine-Francaise-au-Cookeo-100x100.jpg 100w, https:\/\/mesrecettesww.com\/livres\/wp-content\/uploads\/2024\/05\/La-bonne-cuisine-Francaise-au-Cookeo-60x60.jpg 60w, https:\/\/mesrecettesww.com\/livres\/wp-content\/uploads\/2024\/05\/La-bonne-cuisine-Francaise-au-Cookeo-90x90.jpg 90w, https:\/\/mesrecettesww.com\/livres\/wp-content\/uploads\/2024\/05\/La-bonne-cuisine-Francaise-au-Cookeo.jpg 1500w\" sizes=\"auto, (max-width: 800px) 100vw, 800px\" \/>\t\t\t\t\t\t\n\t\t\t\t\t<\/div>\n\t\t\t\t\t\t\t\t\n<style>\n#image_775704561 {\n  width: 100%;\n}\n<\/style>\n\t<\/div>\n\t<\/p>\n<p>\t\t<\/div>\n\t\t\t\t\t<\/div>\n\n\t<\/p>\n<p><\/div>\n<p><span style=\"color: #000000;\"><span style=\"font-weight: 400;\">Que vous soyez un novice en cuisine ou un chef exp\u00e9riment\u00e9, ce livre repr\u00e9sente <strong>La bonne cuisine Fran\u00e7aise au Cookeo qui <\/strong><\/span><span style=\"font-weight: 400;\">vous offre une exp\u00e9rience culinaire sans pareille. \u00c9patez votre famille et vos amis avec des plats authentiques et savoureux, tout en \u00e9conomisant du temps et de l&rsquo;effort en cuisine. <\/span><\/span><\/p>\n<blockquote><p><span style=\"font-weight: 400;\">Rejoignez-nous dans <strong>ce voyage culinaire \u00e0 travers<span style=\"color: #000000;\"> la France<\/span><\/strong> et laissez-vous s\u00e9duire par les merveilles de la cuisine fran\u00e7aise au Cookeo<\/span><\/p><\/blockquote>\n<div class=\"is-divider divider clearfix\" style=\"max-width:0px;\"><\/div>\n<div class=\"container section-title-container\" ><h3 class=\"section-title section-title-center\"><b><\/b><span class=\"section-title-main\" >Ce que les gens disent sur ce livre<\/span><b><\/b><\/h3><\/div>\n<div class=\"row align-equal row-box-shadow-2 row-box-shadow-5-hover\"  id=\"row-144235825\">\n\n\t<div id=\"col-339874647\" class=\"col medium-4 small-12 large-4\"  >\n\t\t\t\t<div class=\"col-inner\"  >\n\t\t\t\n\t\t\t\n  <div class=\"icon-box testimonial-box icon-box-center text-center\">\n                <div class=\"icon-box-img testimonial-image circle\" style=\"width: 121px\">\n                      <\/div>\n                <div class=\"icon-box-text p-last-0\">\n          <div class=\"star-rating\"><span style=\"width:100%\"><strong class=\"rating\"><\/strong><\/span><\/div>  \t\t\t\t<div class=\"testimonial-text line-height-small italic test_text first-reset last-reset is-italic\">\n            <\/p>\n<p><span style=\"color: #000000;\">Cookeo et la bonne cuisine fran\u00e7aise est un v\u00e9ritable bijou pour tous ceux qui aiment la cuisine fran\u00e7aise. Les recettes sont authentiques et faciles \u00e0 suivre, m\u00eame pour un novice comme moi. J&rsquo;ai pr\u00e9par\u00e9 le boeuf bourguignon pour un d\u00eener entre amis, et tout le monde a \u00e9t\u00e9 impressionn\u00e9. Le Cookeo simplifie vraiment la pr\u00e9paration des plats, ce qui me permet de savourer davantage le processus de cuisine. Je recommande vivement ce livre \u00e0 tous les amoureux des d\u00e9lices de France!<\/span><\/p>\n<p>          <\/div>\n          <div class=\"testimonial-meta pt-half\">\n             <strong class=\"testimonial-name test_name\">Pansy Marseau<\/strong>\n             <span class=\"testimonial-name-divider\"> \/ <\/span>             <span class=\"testimonial-company test_company\">Facebook<\/span>\n          <\/div>\n        <\/div>\n  <\/div>\n\n  \n<p>\t\t<\/div>\n\t\t\t\t\t<\/div>\n\n\t<br \/>\n\n\t<div id=\"col-1359322526\" class=\"col medium-4 small-12 large-4\"  >\n\t\t\t\t<div class=\"col-inner\"  >\n\t\t\t\n\t\t\t<\/p>\n  <div class=\"icon-box testimonial-box icon-box-center text-center\">\n                <div class=\"icon-box-img testimonial-image circle\" style=\"width: 121px\">\n                      <\/div>\n                <div class=\"icon-box-text p-last-0\">\n          <div class=\"star-rating\"><span style=\"width:100%\"><strong class=\"rating\"><\/strong><\/span><\/div>  \t\t\t\t<div class=\"testimonial-text line-height-small italic test_text first-reset last-reset is-italic\">\n            <\/p>\n<div class=\"e-box h-p2 -stacked -radius-none\">\n<p class=\"t-body h-my1\"><span style=\"color: #000000;\">En tant que maman de trois enfants, trouver le temps de cuisiner des repas \u00e9labor\u00e9s peut \u00eatre un d\u00e9fi. Cookeo et la bonne cuisine fran\u00e7aise a r\u00e9volutionn\u00e9 ma routine culinaire. Les recettes comme la ratatouille proven\u00e7ale et le coq au vin sont pr\u00eates en un rien de temps gr\u00e2ce aux instructions claires et \u00e0 l&rsquo;utilisation du Cookeo. Le go\u00fbt est incroyable, et mes enfants adorent. Ce livre est un must pour quiconque veut savourer les recettes fran\u00e7aises sans passer des heures en cuisine.<\/span><\/p>\n<\/div>\n<p>          <\/div>\n          <div class=\"testimonial-meta pt-half\">\n             <strong class=\"testimonial-name test_name\">Eloise Artois<\/strong>\n             <span class=\"testimonial-name-divider\"> \/ <\/span>             <span class=\"testimonial-company test_company\">Facebook<\/span>\n          <\/div>\n        <\/div>\n  <\/div>\n\n  \n<p>\t\t<\/div>\n\t\t\t\t\t<\/div>\n\n\t<br \/>\n\n\t<div id=\"col-2142325818\" class=\"col medium-4 small-12 large-4\"  >\n\t\t\t\t<div class=\"col-inner\"  >\n\t\t\t\n\t\t\t<\/p>\n  <div class=\"icon-box testimonial-box icon-box-center text-center\">\n                <div class=\"icon-box-img testimonial-image circle\" style=\"width: 121px\">\n                      <\/div>\n                <div class=\"icon-box-text p-last-0\">\n          <div class=\"star-rating\"><span style=\"width:100%\"><strong class=\"rating\"><\/strong><\/span><\/div>  \t\t\t\t<div class=\"testimonial-text line-height-small italic test_text first-reset last-reset is-italic\">\n            <\/p>\n<p><span style=\"color: #000000;\">Ce livre est tout simplement extraordinaire! Cookeo et la bonne cuisine fran\u00e7aise m&rsquo;a permis de red\u00e9couvrir les saveurs de mon enfance. Les recettes sont vari\u00e9es et capturent parfaitement l&rsquo;essence des recettes fran\u00e7aises au Cookeo. Chaque plat que j&rsquo;ai essay\u00e9, du boeuf bourguignon \u00e0 la bouillabaisse, a \u00e9t\u00e9 un succ\u00e8s. L&rsquo;utilisation du Cookeo est un vrai plus, rendant la pr\u00e9paration rapide et efficace sans sacrifier le go\u00fbt. Un must pour tous les gourmets!<\/span><\/p>\n<p>          <\/div>\n          <div class=\"testimonial-meta pt-half\">\n             <strong class=\"testimonial-name test_name\">Clothilde Vadeboncoeur<\/strong>\n             <span class=\"testimonial-name-divider\"> \/ <\/span>             <span class=\"testimonial-company test_company\">Facebook<\/span>\n          <\/div>\n        <\/div>\n  <\/div>\n\n  \n<p>\t\t<\/div>\n\t\t\t\t\t<\/div>\n\n\t<\/p>\n<p>\n<style>\n#row-144235825 > .col > .col-inner {\n  padding: 30px 30px 30px 30px;\n}\n<\/style>\n<\/div><br \/>\n<div class=\"row\"  id=\"row-277952129\"><\/p>\n\n\t<div id=\"col-31924627\" class=\"col small-12 large-12\"  >\n\t\t\t\t<div class=\"col-inner text-center\"  >\n\t\t\t\n\t\t\t<\/p>\n<p><a data-animate=\"bounceIn\" href=\"http:\/\/mesrecettesww.com\/livres\/?add-to-cart=8353\" target=\"_self\" class=\"button primary is-shade is-larger box-shadow-4 box-shadow-5-hover\"  style=\"border-radius:10px;\">\n    <span>Commandez maintenant ce livre<\/span>\n  <\/a>\n<\/p>\n<p>\t\t<\/div>\n\t\t\t\t\t<\/div>\n\n\t\n<p><\/div>\n","protected":false},"excerpt":{"rendered":"<p><span style=\"color: #ed1c24;\">D\u00e9couvrez les d\u00e9lices de la cuisine fran\u00e7aise avec ce livre de recettes authentiques pour Cookeo. Des plats traditionnels faciles \u00e0 pr\u00e9parer!<\/span><\/p>\n","protected":false},"featured_media":8345,"comment_status":"closed","ping_status":"closed","template":"","meta":{"_iconic_wsb_product_page_order_bump_ids":[[316,5787]],"_sku":[],"_iconic_wsb_product_page_bump_modal_ids":[[]]},"product_brand":[],"product_cat":[70],"product_tag":[],"class_list":{"0":"post-8353","1":"product","2":"type-product","3":"status-publish","4":"has-post-thumbnail","6":"product_cat-livres-weight-watchers","8":"first","9":"instock","10":"sale","11":"downloadable","12":"virtual","13":"sold-individually","14":"taxable","15":"purchasable","16":"product-type-simple"},"_links":{"self":[{"href":"https:\/\/mesrecettesww.com\/livres\/wp-json\/wp\/v2\/product\/8353","targetHints":{"allow":["GET"]}}],"collection":[{"href":"https:\/\/mesrecettesww.com\/livres\/wp-json\/wp\/v2\/product"}],"about":[{"href":"https:\/\/mesrecettesww.com\/livres\/wp-json\/wp\/v2\/types\/product"}],"replies":[{"embeddable":true,"href":"https:\/\/mesrecettesww.com\/livres\/wp-json\/wp\/v2\/comments?post=8353"}],"wp:featuredmedia":[{"embeddable":true,"href":"https:\/\/mesrecettesww.com\/livres\/wp-json\/wp\/v2\/media\/8345"}],"wp:attachment":[{"href":"https:\/\/mesrecettesww.com\/livres\/wp-json\/wp\/v2\/media?parent=8353"}],"wp:term":[{"taxonomy":"product_brand","embeddable":true,"href":"https:\/\/mesrecettesww.com\/livres\/wp-json\/wp\/v2\/product_brand?post=8353"},{"taxonomy":"product_cat","embeddable":true,"href":"https:\/\/mesrecettesww.com\/livres\/wp-json\/wp\/v2\/product_cat?post=8353"},{"taxonomy":"product_tag","embeddable":true,"href":"https:\/\/mesrecettesww.com\/livres\/wp-json\/wp\/v2\/product_tag?post=8353"}],"curies":[{"name":"wp","href":"https:\/\/api.w.org\/{rel}","templated":true}]}}