{"id":8351,"date":"2024-05-23T00:23:06","date_gmt":"2024-05-23T00:23:06","guid":{"rendered":"http:\/\/mesrecettesww.com\/livres\/?post_type=product&#038;p=8351"},"modified":"2024-07-10T13:00:37","modified_gmt":"2024-07-10T13:00:37","slug":"recettes-ig-bas-au-thermomix","status":"publish","type":"product","link":"https:\/\/mesrecettesww.com\/livres\/product\/recettes-ig-bas-au-thermomix\/","title":{"rendered":"Recettes IG Bas au Thermomix"},"content":{"rendered":"<div class=\"row\"  id=\"row-705267274\"><\/p>\n<p>\n\t<div id=\"col-247514716\" class=\"col medium-2 small-12 large-2\"  >\n\t\t\t\t<div class=\"col-inner\"  >\n\t\t\t\n\t\t\t<\/p>\n<p>\t\t<\/div>\n\t\t\t\t\t<\/div>\n\n\t<br \/>\n\n\t<div id=\"col-1071169602\" class=\"col medium-8 small-12 large-8\"  >\n\t\t\t\t<div class=\"col-inner text-center\"  >\n\t\t\t\n\t\t\t<\/p>\n<p><a data-animate=\"fadeInLeft\" href=\"http:\/\/mesrecettesww.com\/livres\/?add-to-cart=8351\" target=\"_self\" class=\"button alert is-shade is-larger box-shadow-4 box-shadow-5-hover\"  style=\"border-radius:10px;\">\n    <span>EXCLUSIVIT\u00c9 WEB : NON DISPONIBLE EN MAGASIN<\/span>\n  <\/a>\n<\/p>\n<p>\t\t<\/div>\n\t\t\t\t\t<\/div>\n\n\t<br \/>\n\n\t<div id=\"col-808298260\" class=\"col medium-2 small-12 large-2\"  >\n\t\t\t\t<div class=\"col-inner\"  >\n\t\t\t\n\t\t\t<\/p>\n<p>\t\t<\/div>\n\t\t\t\t\t<\/div>\n\n\t<\/p>\n<p><\/div>\n<h3><span style=\"color: #00a859;\"><strong>Cuisinez sainement et d\u00e9licieusement!<\/strong><\/span><\/h3>\n<p><span style=\"color: #000000;\"><span style=\"font-weight: 400;\">D\u00e9couvrez ce livre <\/span><b>Recettes IG Bas au Thermomix<\/b><span style=\"font-weight: 400;\">, l&rsquo;outil indispensable pour r\u00e9ussir dans votre <\/span><b>r\u00e9gime \u00e0 indice glyc\u00e9mique bas<\/b><span style=\"font-weight: 400;\"> tout en vous r\u00e9galant de d\u00e9lices pr\u00e9par\u00e9s avec votre Thermomix.\u00a0<\/span><\/span><\/p>\n<p><span style=\"font-weight: 400; color: #000000;\">Cette compilation est bien plus qu&rsquo;un simple recueil de recettes ; c&rsquo;est une invitation \u00e0 transformer votre mani\u00e8re de cuisiner et de vous nourrir, pour une sant\u00e9 optimale et un plaisir gustatif in\u00e9gal\u00e9.<\/span><\/p>\n<p><span style=\"color: #000000;\"><span style=\"font-weight: 400;\">Plongez dans l&rsquo;univers captivant de la <\/span><b>cuisine \u00e0 indice glyc\u00e9mique bas<\/b><span style=\"font-weight: 400;\">, o\u00f9 chaque plat est m\u00e9ticuleusement con\u00e7u pour favoriser une glyc\u00e9mie stable et un bien-\u00eatre durable. Gr\u00e2ce \u00e0 la polyvalence du Thermomix, pr\u00e9parer des repas sains et \u00e9quilibr\u00e9s devient un jeu d&rsquo;enfant, m\u00eame pour les novices en cuisine.<\/span><\/span><\/p>\n<div class=\"row row-collapse row-full-width align-middle\"  id=\"row-1777877992\"><\/p>\n<p>\n\t<div id=\"col-202377118\" class=\"col medium-6 small-12 large-6\"  >\n\t\t\t\t<div class=\"col-inner\" style=\"max-width:520px;\" >\n\t\t\t\n\t\t\t<\/p>\n<h3><span style=\"color: #00a859;\">Mes recettes \u00e0 IG Bas<\/span><\/h3>\n<p><span style=\"color: #000000;\"><span style=\"font-weight: 400;\">Que vous soyez \u00e0 la recherche d&rsquo;entr\u00e9es l\u00e9g\u00e8res, de plats principaux savoureux ou de desserts d\u00e9licieusement sucr\u00e9s, \u00ab\u00a0<\/span><b>Recettes IG Bas au Thermomix<\/b><span style=\"font-weight: 400;\">\u00a0\u00bb vous offre une multitude d&rsquo;options pour satisfaire vos papilles sans compromettre votre sant\u00e9.\u00a0<\/span><\/span><\/p>\n<p><span style=\"color: #000000;\"><span style=\"font-weight: 400;\">En utilisant des ingr\u00e9dients soigneusement s\u00e9lectionn\u00e9s et en suivant des techniques de cuisson adapt\u00e9es, vous pouvez vous r\u00e9galer tout en respectant les principes d&rsquo;un <\/span><b>r\u00e9gime \u00e0 IG bas<\/b><span style=\"font-weight: 400;\">.<\/span><\/span><\/p>\n<p>\t\t<\/div>\n\t\t\t\t\n<style>\n#col-202377118 > .col-inner {\n  padding: 5% 5% 5% 5%;\n}\n<\/style>\n\t<\/div>\n\n\t<br \/>\n\n\t<div id=\"col-555171821\" class=\"col medium-6 small-12 large-6\"  >\n\t\t\t\t<div class=\"col-inner\"  >\n\t\t\t\n\t\t\t<\/p>\n<p>\t<div class=\"img has-hover x md-x lg-x y md-y lg-y\" id=\"image_1729320340\">\n\t\t\t\t\t\t\t\t<div class=\"img-inner dark\" >\n\t\t\t<img loading=\"lazy\" decoding=\"async\" width=\"800\" height=\"800\" src=\"https:\/\/mesrecettesww.com\/livres\/wp-content\/uploads\/2024\/05\/Recettes-IG-bas-au-thermomix-800x800.jpg\" class=\"attachment-large size-large\" alt=\"Recettes IG Bas au Thermomix\" srcset=\"https:\/\/mesrecettesww.com\/livres\/wp-content\/uploads\/2024\/05\/Recettes-IG-bas-au-thermomix-800x800.jpg 800w, https:\/\/mesrecettesww.com\/livres\/wp-content\/uploads\/2024\/05\/Recettes-IG-bas-au-thermomix-400x400.jpg 400w, https:\/\/mesrecettesww.com\/livres\/wp-content\/uploads\/2024\/05\/Recettes-IG-bas-au-thermomix-280x280.jpg 280w, https:\/\/mesrecettesww.com\/livres\/wp-content\/uploads\/2024\/05\/Recettes-IG-bas-au-thermomix-768x768.jpg 768w, https:\/\/mesrecettesww.com\/livres\/wp-content\/uploads\/2024\/05\/Recettes-IG-bas-au-thermomix-300x300.jpg 300w, https:\/\/mesrecettesww.com\/livres\/wp-content\/uploads\/2024\/05\/Recettes-IG-bas-au-thermomix-600x600.jpg 600w, https:\/\/mesrecettesww.com\/livres\/wp-content\/uploads\/2024\/05\/Recettes-IG-bas-au-thermomix-100x100.jpg 100w, https:\/\/mesrecettesww.com\/livres\/wp-content\/uploads\/2024\/05\/Recettes-IG-bas-au-thermomix-60x60.jpg 60w, https:\/\/mesrecettesww.com\/livres\/wp-content\/uploads\/2024\/05\/Recettes-IG-bas-au-thermomix-90x90.jpg 90w, https:\/\/mesrecettesww.com\/livres\/wp-content\/uploads\/2024\/05\/Recettes-IG-bas-au-thermomix.jpg 1500w\" sizes=\"auto, (max-width: 800px) 100vw, 800px\" \/>\t\t\t\t\t\t\n\t\t\t\t\t<\/div>\n\t\t\t\t\t\t\t\t\n<style>\n#image_1729320340 {\n  width: 100%;\n}\n<\/style>\n\t<\/div>\n\t<\/p>\n<p>\t\t<\/div>\n\t\t\t\t\t<\/div>\n\n\t<\/p>\n<p><\/div>\n<p><span style=\"font-weight: 400; color: #000000;\"><strong>Les fonctionnalit\u00e9s avanc\u00e9es du Thermomix<\/strong> vous permettent de r\u00e9aliser une grande vari\u00e9t\u00e9 de pr\u00e9parations culinaires avec une efficacit\u00e9 et une pr\u00e9cision impressionnantes. <\/span><\/p>\n<p><span style=\"font-weight: 400; color: #000000;\">Hacher, m\u00e9langer, cuire \u00e0 la vapeur, p\u00e9trir : tout devient plus facile et plus rapide avec votre Thermomix, vous laissant ainsi plus de temps pour profiter de vos cr\u00e9ations culinaires et de moments pr\u00e9cieux en famille.<\/span><\/p>\n<p><span style=\"font-weight: 400; color: #000000;\"><strong>En adoptant les recettes IG Bas au Thermomix<\/strong>, vous faites le choix de prendre soin de votre sant\u00e9 tout en vous r\u00e9galant de plats d\u00e9licieux et nourrissants. <\/span><\/p>\n<p><span style=\"font-weight: 400; color: #000000;\">Fini le stress li\u00e9 \u00e0 la planification de repas \u00e9quilibr\u00e9s, car ce livre de recettes vous offre une multitude d&rsquo;options adapt\u00e9es \u00e0 vos besoins nutritionnels et \u00e0 vos pr\u00e9f\u00e9rences culinaires.<\/span><\/p>\n<blockquote><p><span style=\"font-weight: 400;\">N&rsquo;attendez plus pour d\u00e9couvrir les avantages de la <\/span><b>cuisine \u00e0 IG bas<\/b><span style=\"font-weight: 400;\"> avec votre Thermomix. Avec ce livre \u00ab\u00a0<\/span><b>Recettes IG Bas au Thermomix<\/b><span style=\"font-weight: 400;\">\u00ab\u00a0, r\u00e9galez-vous tout en prenant soin de votre corps et de votre bien-\u00eatre.<\/span><\/p><\/blockquote>\n<div class=\"is-divider divider clearfix\" style=\"max-width:0px;\"><\/div>\n<div class=\"container section-title-container\" ><h3 class=\"section-title section-title-center\"><b><\/b><span class=\"section-title-main\" >Ce que les gens disent sur ce livre<\/span><b><\/b><\/h3><\/div>\n<div class=\"row align-equal row-box-shadow-2 row-box-shadow-5-hover\"  id=\"row-2116054505\">\n\n\t<div id=\"col-1093329178\" class=\"col medium-4 small-12 large-4\"  >\n\t\t\t\t<div class=\"col-inner\"  >\n\t\t\t\n\t\t\t\n  <div class=\"icon-box testimonial-box icon-box-center text-center\">\n                <div class=\"icon-box-img testimonial-image circle\" style=\"width: 121px\">\n                      <\/div>\n                <div class=\"icon-box-text p-last-0\">\n          <div class=\"star-rating\"><span style=\"width:100%\"><strong class=\"rating\"><\/strong><\/span><\/div>  \t\t\t\t<div class=\"testimonial-text line-height-small italic test_text first-reset last-reset is-italic\">\n            <\/p>\n<p><span style=\"color: #000000;\">Ce livre de recettes est tout simplement incroyable. Depuis que j&rsquo;ai commenc\u00e9 \u00e0 suivre un <strong>r\u00e9gime IG bas<\/strong>, je cherchais des id\u00e9es pour diversifier mes repas tout en respectant les principes de ce r\u00e9gime. &lsquo;Recettes IG Bas au Thermomix&rsquo; a surpass\u00e9 toutes mes attentes. Les recettes sont faciles \u00e0 suivre, d\u00e9licieuses et parfaitement adapt\u00e9es \u00e0 mon Thermomix. Je me sens plus \u00e9nergique et j&rsquo;ai m\u00eame perdu quelques kilos. Je recommande vivement ce livre \u00e0 tous ceux qui veulent adopter une alimentation plus saine sans sacrifier le go\u00fbt.<\/span><\/p>\n<p>          <\/div>\n          <div class=\"testimonial-meta pt-half\">\n             <strong class=\"testimonial-name test_name\">Charmaine Robitaille<\/strong>\n             <span class=\"testimonial-name-divider\"> \/ <\/span>             <span class=\"testimonial-company test_company\">Facebook<\/span>\n          <\/div>\n        <\/div>\n  <\/div>\n\n  \n<p>\t\t<\/div>\n\t\t\t\t\t<\/div>\n\n\t<br \/>\n\n\t<div id=\"col-1137268917\" class=\"col medium-4 small-12 large-4\"  >\n\t\t\t\t<div class=\"col-inner\"  >\n\t\t\t\n\t\t\t<\/p>\n  <div class=\"icon-box testimonial-box icon-box-center text-center\">\n                <div class=\"icon-box-img testimonial-image circle\" style=\"width: 121px\">\n                      <\/div>\n                <div class=\"icon-box-text p-last-0\">\n          <div class=\"star-rating\"><span style=\"width:100%\"><strong class=\"rating\"><\/strong><\/span><\/div>  \t\t\t\t<div class=\"testimonial-text line-height-small italic test_text first-reset last-reset is-italic\">\n            <\/p>\n<div class=\"e-box h-p2 -stacked -radius-none\">\n<p class=\"t-body h-my1\"><span style=\"color: #000000;\">En tant que grande fan du Thermomix et adepte de la cuisine \u00e0 IG bas, ce livre est devenu un incontournable dans ma cuisine. Les recettes sont vari\u00e9es et savoureuses, allant des petits d\u00e9jeuners aux desserts. J&rsquo;adore la fa\u00e7on dont chaque recette est expliqu\u00e9e en d\u00e9tail, ce qui rend la pr\u00e9paration simple et rapide. Les r\u00e9sultats sont toujours d\u00e9licieux et conformes aux principes d&rsquo;un r\u00e9gime \u00e0 IG bas. Ce livre m&rsquo;a vraiment aid\u00e9e \u00e0 maintenir une alimentation \u00e9quilibr\u00e9e et \u00e0 stabiliser ma glyc\u00e9mie. Un excellent achat !<\/span><\/p>\n<\/div>\n<p>          <\/div>\n          <div class=\"testimonial-meta pt-half\">\n             <strong class=\"testimonial-name test_name\">Zo\u00e9 Poirier<\/strong>\n             <span class=\"testimonial-name-divider\"> \/ <\/span>             <span class=\"testimonial-company test_company\">Facebook<\/span>\n          <\/div>\n        <\/div>\n  <\/div>\n\n  \n<p>\t\t<\/div>\n\t\t\t\t\t<\/div>\n\n\t<br \/>\n\n\t<div id=\"col-2023014688\" class=\"col medium-4 small-12 large-4\"  >\n\t\t\t\t<div class=\"col-inner\"  >\n\t\t\t\n\t\t\t<\/p>\n  <div class=\"icon-box testimonial-box icon-box-center text-center\">\n                <div class=\"icon-box-img testimonial-image circle\" style=\"width: 121px\">\n                      <\/div>\n                <div class=\"icon-box-text p-last-0\">\n          <div class=\"star-rating\"><span style=\"width:100%\"><strong class=\"rating\"><\/strong><\/span><\/div>  \t\t\t\t<div class=\"testimonial-text line-height-small italic test_text first-reset last-reset is-italic\">\n            <\/p>\n<p><span style=\"color: #000000;\">J&rsquo;ai achet\u00e9 &lsquo;Recettes IG Bas au Thermomix&rsquo; pour aider ma famille \u00e0 manger plus sainement, et c&rsquo;est une v\u00e9ritable r\u00e9ussite ! Les plats sont non seulement bons pour la sant\u00e9, mais aussi incroyablement savoureux. Mes enfants adorent les desserts et moi, j&rsquo;appr\u00e9cie particuli\u00e8rement les options de d\u00eener rapides et \u00e9quilibr\u00e9es. L&rsquo;utilisation du Thermomix rend la cuisine beaucoup plus facile et amusante. Gr\u00e2ce \u00e0 ce livre, nous avons tous adopt\u00e9 un mode de vie plus sain tout en profitant de repas d\u00e9licieux. Je ne pourrais pas \u00eatre plus satisfaite !<\/span><\/p>\n<p>          <\/div>\n          <div class=\"testimonial-meta pt-half\">\n             <strong class=\"testimonial-name test_name\">Harriette Chenard<\/strong>\n             <span class=\"testimonial-name-divider\"> \/ <\/span>             <span class=\"testimonial-company test_company\">Facebook<\/span>\n          <\/div>\n        <\/div>\n  <\/div>\n\n  \n<p>\t\t<\/div>\n\t\t\t\t\t<\/div>\n\n\t<\/p>\n<p>\n<style>\n#row-2116054505 > .col > .col-inner {\n  padding: 30px 30px 30px 30px;\n}\n<\/style>\n<\/div><br \/>\n<div class=\"row\"  id=\"row-1501077352\"><\/p>\n\n\t<div id=\"col-1133055947\" class=\"col small-12 large-12\"  >\n\t\t\t\t<div class=\"col-inner text-center\"  >\n\t\t\t\n\t\t\t<\/p>\n<p><a data-animate=\"bounceIn\" href=\"http:\/\/mesrecettesww.com\/livres\/?add-to-cart=8351\" target=\"_self\" class=\"button primary is-shade is-larger box-shadow-4 box-shadow-5-hover\"  style=\"border-radius:10px;\">\n    <span>Commandez maintenant ce livre<\/span>\n  <\/a>\n<\/p>\n<p>\t\t<\/div>\n\t\t\t\t\t<\/div>\n\n\t\n<p><\/div>\n","protected":false},"excerpt":{"rendered":"<p><span style=\"color: #ed1c24;\">D\u00e9couvrez des recettes savoureuses et \u00e9quilibr\u00e9es pour un r\u00e9gime IG bas au Thermomix. Cuisinez sainement et d\u00e9licieusement!<\/span><\/p>\n","protected":false},"featured_media":8344,"comment_status":"closed","ping_status":"closed","template":"","meta":{"_iconic_wsb_product_page_order_bump_ids":[[316,5787]],"_sku":[],"_iconic_wsb_product_page_bump_modal_ids":[[]]},"product_brand":[],"product_cat":[70],"product_tag":[],"class_list":{"0":"post-8351","1":"product","2":"type-product","3":"status-publish","4":"has-post-thumbnail","6":"product_cat-livres-weight-watchers","8":"first","9":"instock","10":"sale","11":"downloadable","12":"virtual","13":"sold-individually","14":"taxable","15":"purchasable","16":"product-type-simple"},"_links":{"self":[{"href":"https:\/\/mesrecettesww.com\/livres\/wp-json\/wp\/v2\/product\/8351","targetHints":{"allow":["GET"]}}],"collection":[{"href":"https:\/\/mesrecettesww.com\/livres\/wp-json\/wp\/v2\/product"}],"about":[{"href":"https:\/\/mesrecettesww.com\/livres\/wp-json\/wp\/v2\/types\/product"}],"replies":[{"embeddable":true,"href":"https:\/\/mesrecettesww.com\/livres\/wp-json\/wp\/v2\/comments?post=8351"}],"wp:featuredmedia":[{"embeddable":true,"href":"https:\/\/mesrecettesww.com\/livres\/wp-json\/wp\/v2\/media\/8344"}],"wp:attachment":[{"href":"https:\/\/mesrecettesww.com\/livres\/wp-json\/wp\/v2\/media?parent=8351"}],"wp:term":[{"taxonomy":"product_brand","embeddable":true,"href":"https:\/\/mesrecettesww.com\/livres\/wp-json\/wp\/v2\/product_brand?post=8351"},{"taxonomy":"product_cat","embeddable":true,"href":"https:\/\/mesrecettesww.com\/livres\/wp-json\/wp\/v2\/product_cat?post=8351"},{"taxonomy":"product_tag","embeddable":true,"href":"https:\/\/mesrecettesww.com\/livres\/wp-json\/wp\/v2\/product_tag?post=8351"}],"curies":[{"name":"wp","href":"https:\/\/api.w.org\/{rel}","templated":true}]}}