{"id":5787,"date":"2023-07-31T21:30:37","date_gmt":"2023-07-31T21:30:37","guid":{"rendered":"http:\/\/mesrecettesww.com\/livres\/?post_type=product&#038;p=5787"},"modified":"2025-12-27T09:53:47","modified_gmt":"2025-12-27T09:53:47","slug":"liste-des-aliments-a-zeropoint","status":"publish","type":"product","link":"https:\/\/mesrecettesww.com\/livres\/product\/liste-des-aliments-a-zeropoint\/","title":{"rendered":"La liste compl\u00e8te des aliments \u00e0 ZeroPoint (imprimable)"},"content":{"rendered":"<p><center><br \/>\n<a class=\"button alert is-alert is-medium\"  >\n    <span>Exclusivit\u00e9 web : non disponible en magasin<\/span>\n  <\/a>\n<\/center><center><\/center><br \/>\n<div class=\"row\"  id=\"row-2089384016\"><\/p>\n<p><img loading=\"lazy\" decoding=\"async\" class=\"size-medium wp-image-5790 alignright\" src=\"http:\/\/mesrecettesww.com\/livres\/wp-content\/uploads\/2023\/07\/La-liste-complete-des-aliments-a-ZeroPoint-318x400.jpg\" alt=\"liste des aliments \u00e0 ZeroPoint\" width=\"318\" height=\"400\" srcset=\"https:\/\/mesrecettesww.com\/livres\/wp-content\/uploads\/2023\/07\/La-liste-complete-des-aliments-a-ZeroPoint-318x400.jpg 318w, https:\/\/mesrecettesww.com\/livres\/wp-content\/uploads\/2023\/07\/La-liste-complete-des-aliments-a-ZeroPoint-637x800.jpg 637w, https:\/\/mesrecettesww.com\/livres\/wp-content\/uploads\/2023\/07\/La-liste-complete-des-aliments-a-ZeroPoint-768x965.jpg 768w, https:\/\/mesrecettesww.com\/livres\/wp-content\/uploads\/2023\/07\/La-liste-complete-des-aliments-a-ZeroPoint-600x754.jpg 600w, https:\/\/mesrecettesww.com\/livres\/wp-content\/uploads\/2023\/07\/La-liste-complete-des-aliments-a-ZeroPoint-48x60.jpg 48w, https:\/\/mesrecettesww.com\/livres\/wp-content\/uploads\/2023\/07\/La-liste-complete-des-aliments-a-ZeroPoint-72x90.jpg 72w, https:\/\/mesrecettesww.com\/livres\/wp-content\/uploads\/2023\/07\/La-liste-complete-des-aliments-a-ZeroPoint.jpg 1223w\" sizes=\"auto, (max-width: 318px) 100vw, 318px\" \/><\/p>\n<h3>\u00a0La <strong>liste des aliments \u00e0 ZeroPoint<\/strong> qui contient plus de 280 aliments que vous pouvez utiliser pour rester sur la bonne voie et vous aider \u00e0 maintenir vos points dans vos pr\u00e9parations quotidienne et hebdomadaire recommand\u00e9e pour maintenir vos objectifs.<\/h3>\n<p><\/div>\n<p>&nbsp;<\/p>\n<p><span style=\"color: #ed1c24;\"><strong>Avertissement\u00a0:<\/strong> <\/span>Les marques d\u00e9pos\u00e9es et les marques repr\u00e9sent\u00e9es dans ce livre sont la propri\u00e9t\u00e9 exclusive de leurs propri\u00e9taires respectifs. Aucune r\u00e9clamation ne leur est faite et aucune approbation de leur part de ce livre ou de ces recettes n&rsquo;est implicite ou revendiqu\u00e9e.<\/p>\n<p>&nbsp;<\/p>\n<p style=\"text-align: center;\">\n","protected":false},"excerpt":{"rendered":"<p><span style=\"color: #ed1c24;\">Obtenez cette liste compl\u00e8te des aliments Zero Point, afin de pouvoir l&rsquo;imprimer et la mettre sur votre r\u00e9frig\u00e9rateur pour une r\u00e9f\u00e9rence rapide et facile.<\/span><\/p>\n","protected":false},"featured_media":5790,"comment_status":"closed","ping_status":"closed","template":"","meta":{"_iconic_wsb_product_page_order_bump_ids":[[1436,1440]],"_sku":[],"_iconic_wsb_product_page_bump_modal_ids":[[]]},"product_brand":[],"product_cat":[70],"product_tag":[],"class_list":{"0":"post-5787","1":"product","2":"type-product","3":"status-publish","4":"has-post-thumbnail","6":"product_cat-livres-weight-watchers","8":"first","9":"instock","10":"sale","11":"downloadable","12":"virtual","13":"sold-individually","14":"taxable","15":"purchasable","16":"product-type-simple"},"_links":{"self":[{"href":"https:\/\/mesrecettesww.com\/livres\/wp-json\/wp\/v2\/product\/5787","targetHints":{"allow":["GET"]}}],"collection":[{"href":"https:\/\/mesrecettesww.com\/livres\/wp-json\/wp\/v2\/product"}],"about":[{"href":"https:\/\/mesrecettesww.com\/livres\/wp-json\/wp\/v2\/types\/product"}],"replies":[{"embeddable":true,"href":"https:\/\/mesrecettesww.com\/livres\/wp-json\/wp\/v2\/comments?post=5787"}],"wp:featuredmedia":[{"embeddable":true,"href":"https:\/\/mesrecettesww.com\/livres\/wp-json\/wp\/v2\/media\/5790"}],"wp:attachment":[{"href":"https:\/\/mesrecettesww.com\/livres\/wp-json\/wp\/v2\/media?parent=5787"}],"wp:term":[{"taxonomy":"product_brand","embeddable":true,"href":"https:\/\/mesrecettesww.com\/livres\/wp-json\/wp\/v2\/product_brand?post=5787"},{"taxonomy":"product_cat","embeddable":true,"href":"https:\/\/mesrecettesww.com\/livres\/wp-json\/wp\/v2\/product_cat?post=5787"},{"taxonomy":"product_tag","embeddable":true,"href":"https:\/\/mesrecettesww.com\/livres\/wp-json\/wp\/v2\/product_tag?post=5787"}],"curies":[{"name":"wp","href":"https:\/\/api.w.org\/{rel}","templated":true}]}}