{"id":317,"date":"2021-08-12T19:33:26","date_gmt":"2021-08-12T19:33:26","guid":{"rendered":"http:\/\/mesrecettesww.com\/livres\/?post_type=product&#038;p=317"},"modified":"2024-04-15T00:26:21","modified_gmt":"2024-04-15T00:26:21","slug":"livre-recettes-weight-watchers","status":"publish","type":"product","link":"https:\/\/mesrecettesww.com\/livres\/product\/livre-recettes-weight-watchers\/","title":{"rendered":"Recettes Weight Watchers (Sans Robot)"},"content":{"rendered":"<p><center><a class=\"button alert is-alert is-medium\"  >\n    <span>Exclusivit\u00e9 web : non disponible en magasin<\/span>\n  <\/a>\n<center><\/center><\/center><br \/>\n<div class=\"row\"  id=\"row-807912466\"><\/p>\n<p>&nbsp;<\/p>\n<h3>Dans ce livre de 103 pages, vous trouverez 92 Recettes Weight Watchers, faciles et savoureuses.<br \/>\nSi vous aimez les plats classiques, de multiples recettes l\u00e9g\u00e8res s\u2019offrent \u00e0 vous.<\/h3>\n<ul>\n<li>Des recettes WW faciles misent sur des ingr\u00e9dients pratiques \u00e0 assembler en quelques \u00e9tapes rapides pour simplifier le quotidien<\/li>\n<li>Des recettes saines et \u00e9quilibr\u00e9es.<\/li>\n<li>Les recettes sont calcul\u00e9es dans le cadre du programme Weight Watchers SP LIBERTE<\/li>\n<\/ul>\n<p><\/div>\n<h3><img loading=\"lazy\" decoding=\"async\" class=\" wp-image-322 alignright\" src=\"http:\/\/mesrecettesww.com\/livres\/wp-content\/uploads\/2021\/08\/Recettes-Weight-Watchers-site-318x400.jpg\" alt=\"Recettes Weight Watchers\" width=\"430\" height=\"541\" srcset=\"https:\/\/mesrecettesww.com\/livres\/wp-content\/uploads\/2021\/08\/Recettes-Weight-Watchers-site-318x400.jpg 318w, https:\/\/mesrecettesww.com\/livres\/wp-content\/uploads\/2021\/08\/Recettes-Weight-Watchers-site-636x800.jpg 636w, https:\/\/mesrecettesww.com\/livres\/wp-content\/uploads\/2021\/08\/Recettes-Weight-Watchers-site-768x966.jpg 768w, https:\/\/mesrecettesww.com\/livres\/wp-content\/uploads\/2021\/08\/Recettes-Weight-Watchers-site-1221x1536.jpg 1221w, https:\/\/mesrecettesww.com\/livres\/wp-content\/uploads\/2021\/08\/Recettes-Weight-Watchers-site-1629x2048.jpg 1629w, https:\/\/mesrecettesww.com\/livres\/wp-content\/uploads\/2021\/08\/Recettes-Weight-Watchers-site-1320x1660.jpg 1320w, https:\/\/mesrecettesww.com\/livres\/wp-content\/uploads\/2021\/08\/Recettes-Weight-Watchers-site-600x755.jpg 600w, https:\/\/mesrecettesww.com\/livres\/wp-content\/uploads\/2021\/08\/Recettes-Weight-Watchers-site.jpg 1848w\" sizes=\"auto, (max-width: 430px) 100vw, 430px\" \/><\/h3>\n<h3>Le livre qui va devenir indispensable au quotidien !<\/h3>\n<p>Si vous suivez ou que vous vous lancez dans le r\u00e9gime WW, voici des recettes que vous pourrez facilement et rapidement r\u00e9aliser.<\/p>\n<p>Des recettes classiques au plus originales, vous allez pouvoir vous r\u00e9galer avec l\u00e9g\u00e8ret\u00e9 !<\/p>\n<p>Inspirez vous de nos id\u00e9es recettes gourmandes, simples et \u00e9quilibr\u00e9es sp\u00e9cialement con\u00e7ues pour vous faciliter la vie au quotidien et favoriser la perte de poids.<\/p>\n<p>Vous retrouverez dans ce livre toutes des Recettes Weight Watchers, class\u00e9es par SmartPoints.<\/p>\n<div class=\"text-center\"><div class=\"is-divider divider clearfix\" style=\"max-width:medium;\"><\/div><\/div>\n<p><span style=\"color: #ff0000;\">Mentions l\u00e9gales :<\/span> Ce livre ne fait pas partie du r\u00e9seau ou des publications du groupe Weight-watchers. <a href=\"https:\/\/www.weightwatchers.com\/fr\/\" target=\"_blank\" rel=\"noopener\">Weight-watchers\u00ae<\/a> est une marque d\u00e9pos\u00e9e du groupe Weight Watchers (Weight Watchers International, Inc) .<\/p>\n<p>Les recettes r\u00e9unies dans ce livre ne sont pas surveill\u00e9s, contr\u00f4l\u00e9s ou recommand\u00e9s par aucun Weight Watchers (Weight Watchers International, Inc).<br \/>\nCe livre ne fait pas de d\u00e9monstrations, d\u2019achats ou de ventes pour le compte Weight Watchers (Weight Watchers International, Inc).<\/p>\n\n<div class=\"container section-title-container\" ><h3 class=\"section-title section-title-center\"><b><\/b><span class=\"section-title-main\" >Ce que les gens disent sur ce livre<\/span><b><\/b><\/h3><\/div>\n<div class=\"row\"  id=\"row-923078423\">\n\t<div id=\"col-188283138\" class=\"col medium-1\/3 large-4\"  >\n\t\t\t\t<div class=\"col-inner\"  >\n\t\t\t\n\t\t\t<\/p>\n<p>  <div class=\"icon-box testimonial-box icon-box-left text-left\">\n                <div class=\"icon-box-img testimonial-image circle\" style=\"width: 80px\">\n              <img decoding=\"async\" src=\"http:\/\/mesrecettesww.com\/livres\/wp-content\/uploads\/2021\/08\/user-avatar.png\" alt=\"Magda O.\" \/>        <\/div>\n                <div class=\"icon-box-text p-last-0\">\n          <div class=\"star-rating\"><span style=\"width:100%\"><strong class=\"rating\"><\/strong><\/span><\/div>  \t\t\t\t<div class=\"testimonial-text line-height-small italic test_text first-reset last-reset is-italic\">\n            <\/p>\n<p>beau livre avec des recettes faciles \u00e0 r\u00e9aliser ainsi les smarts points sont calculer pour chaque.<\/p>\n<p>          <\/div>\n          <div class=\"testimonial-meta pt-half\">\n             <strong class=\"testimonial-name test_name\">Magda O.<\/strong>\n                          <span class=\"testimonial-company test_company\"><\/span>\n          <\/div>\n        <\/div>\n  <\/div>\n\n  <\/p>\n<p>\t\t<\/div>\n\t\t\t\t\t<\/div>\n\n\t<\/p>\n<p>\n\t<div id=\"col-1711847582\" class=\"col medium-1\/3 large-4\"  >\n\t\t\t\t<div class=\"col-inner\"  >\n\t\t\t\n\t\t\t<\/p>\n<p>  <div class=\"icon-box testimonial-box icon-box-left text-left\">\n                <div class=\"icon-box-img testimonial-image circle\" style=\"width: 80px\">\n              <img decoding=\"async\" src=\"http:\/\/mesrecettesww.com\/livres\/wp-content\/uploads\/2021\/08\/user-avatar.png\" alt=\"Sara P.\" \/>        <\/div>\n                <div class=\"icon-box-text p-last-0\">\n          <div class=\"star-rating\"><span style=\"width:100%\"><strong class=\"rating\"><\/strong><\/span><\/div>  \t\t\t\t<div class=\"testimonial-text line-height-small italic test_text first-reset last-reset is-italic\">\n            <\/p>\n<p>De tr\u00e8s bonnes recettes simples !! Bcp d\u2019id\u00e9es quand on est au r\u00e9gime on se demande tjrs ce que l\u2019on va manger et l\u00e0 \u00e7a nous permets de piocher des id\u00e9es !!!!<\/p>\n<p>          <\/div>\n          <div class=\"testimonial-meta pt-half\">\n             <strong class=\"testimonial-name test_name\">Sara P.<\/strong>\n                          <span class=\"testimonial-company test_company\"><\/span>\n          <\/div>\n        <\/div>\n  <\/div>\n\n  <\/p>\n<p>\t\t<\/div>\n\t\t\t\t\t<\/div>\n\n\t<\/p>\n<p>\n\t<div id=\"col-1065381696\" class=\"col medium-1\/3 large-4\"  >\n\t\t\t\t<div class=\"col-inner\"  >\n\t\t\t\n\t\t\t<\/p>\n<p>  <div class=\"icon-box testimonial-box icon-box-left text-left\">\n                <div class=\"icon-box-img testimonial-image circle\" style=\"width: 80px\">\n              <img decoding=\"async\" src=\"http:\/\/mesrecettesww.com\/livres\/wp-content\/uploads\/2021\/08\/user-avatar.png\" alt=\"Sandrine K.\" \/>        <\/div>\n                <div class=\"icon-box-text p-last-0\">\n          <div class=\"star-rating\"><span style=\"width:100%\"><strong class=\"rating\"><\/strong><\/span><\/div>  \t\t\t\t<div class=\"testimonial-text line-height-small italic test_text first-reset last-reset is-italic\">\n            <\/p>\n<p>Super le livre! Je suis tr\u00e8s contente de mon achat! Extra! Et 2 kilos en moins d\u00e8s la deuxi\u00e8me semaine<\/p>\n<p>          <\/div>\n          <div class=\"testimonial-meta pt-half\">\n             <strong class=\"testimonial-name test_name\">Sandrine K.<\/strong>\n                          <span class=\"testimonial-company test_company\"><\/span>\n          <\/div>\n        <\/div>\n  <\/div>\n\n  <\/p>\n<p>\t\t<\/div>\n\t\t\t\t\t<\/div>\n\n\t<\/div>\n<p style=\"text-align: center;\"><a href=\"http:\/\/mesrecettesww.com\/livres\/?add-to-cart=34555\" class=\"button secondary is-secondary is-large\">\n    <span>Ajouter au Panier<\/span>\n  <\/a>\n<\/p>\n <p style=\"text-align: center\"><a href=\"http:\/\/mesrecettesww.com\/livres\/securite\/\" target=\"_blank\" rel=\"noopener\"><img loading=\"lazy\" decoding=\"async\" class=\"alignnone wp-image-2295 size-full\" src=\"http:\/\/mesrecettesww.com\/livres\/wp-content\/uploads\/2021\/08\/ss-secure2.png\" alt=\"\" width=\"411\" height=\"107\" \/><\/a><\/p>\n","protected":false},"excerpt":{"rendered":"<p>Des recettes classiques au plus originales, vous allez pouvoir vous r\u00e9galer avec l\u00e9g\u00e8ret\u00e9!<\/p>\n","protected":false},"featured_media":322,"comment_status":"closed","ping_status":"closed","template":"","meta":{"_iconic_wsb_product_page_order_bump_ids":[[1292,5787]],"_sku":[],"_iconic_wsb_product_page_bump_modal_ids":[[]]},"product_brand":[],"product_cat":[70],"product_tag":[],"class_list":{"0":"post-317","1":"product","2":"type-product","3":"status-publish","4":"has-post-thumbnail","6":"product_cat-livres-weight-watchers","8":"first","9":"instock","10":"sale","11":"downloadable","12":"virtual","13":"sold-individually","14":"taxable","15":"purchasable","16":"product-type-simple"},"_links":{"self":[{"href":"https:\/\/mesrecettesww.com\/livres\/wp-json\/wp\/v2\/product\/317","targetHints":{"allow":["GET"]}}],"collection":[{"href":"https:\/\/mesrecettesww.com\/livres\/wp-json\/wp\/v2\/product"}],"about":[{"href":"https:\/\/mesrecettesww.com\/livres\/wp-json\/wp\/v2\/types\/product"}],"replies":[{"embeddable":true,"href":"https:\/\/mesrecettesww.com\/livres\/wp-json\/wp\/v2\/comments?post=317"}],"wp:featuredmedia":[{"embeddable":true,"href":"https:\/\/mesrecettesww.com\/livres\/wp-json\/wp\/v2\/media\/322"}],"wp:attachment":[{"href":"https:\/\/mesrecettesww.com\/livres\/wp-json\/wp\/v2\/media?parent=317"}],"wp:term":[{"taxonomy":"product_brand","embeddable":true,"href":"https:\/\/mesrecettesww.com\/livres\/wp-json\/wp\/v2\/product_brand?post=317"},{"taxonomy":"product_cat","embeddable":true,"href":"https:\/\/mesrecettesww.com\/livres\/wp-json\/wp\/v2\/product_cat?post=317"},{"taxonomy":"product_tag","embeddable":true,"href":"https:\/\/mesrecettesww.com\/livres\/wp-json\/wp\/v2\/product_tag?post=317"}],"curies":[{"name":"wp","href":"https:\/\/api.w.org\/{rel}","templated":true}]}}