{"id":299,"date":"2021-08-11T20:45:10","date_gmt":"2021-08-11T20:45:10","guid":{"rendered":"http:\/\/mesrecettesww.com\/livres\/?post_type=product&#038;p=299"},"modified":"2024-05-26T23:57:41","modified_gmt":"2024-05-26T23:57:41","slug":"recettes-weight-watchers-thermomix","status":"publish","type":"product","link":"https:\/\/mesrecettesww.com\/livres\/product\/recettes-weight-watchers-thermomix\/","title":{"rendered":"Livre Recettes Weight Watchers au Thermomix"},"content":{"rendered":"<p><center><a class=\"button alert is-alert is-medium\"  >\n    <span>Exclusivit\u00e9 web : non disponible en magasin<\/span>\n  <\/a>\n<center><\/center><\/center><br \/>\n<div class=\"row\"  id=\"row-1344212036\"><\/p>\n<h3>Dans ce livre de 222 pages, vous trouverez 180 Recettes Weight Watchers Thermomix, faciles et savoureuses avec votre Thermomix (TM6, TM5, TM31).<\/h3>\n<p>Si vous aimez les plats classiques, de multiples recettes l\u00e9g\u00e8res s\u2019offrent \u00e0 vous.<\/p>\n<ul>\n<li>Toutes les petites astuces \u00e0 conna\u00eetre pour utiliser son robot de mani\u00e8re optimale (TM6, TM5, TM31).<\/li>\n<li>Des recettes saines et \u00e9quilibr\u00e9es.<\/li>\n<li>Les recettes sont calcul\u00e9es dans le cadre du programme Weight Watchers SP LIBERTE<\/li>\n<\/ul>\n<p><\/div>\n<h3><img loading=\"lazy\" decoding=\"async\" class=\" wp-image-318 alignright\" src=\"http:\/\/mesrecettesww.com\/livres\/wp-content\/uploads\/2021\/08\/Recettes-Weight-Watchers-au-thermomix-318x400.jpg\" alt=\"Recettes Weight Watchers au Thermomix\" width=\"392\" height=\"493\" srcset=\"https:\/\/mesrecettesww.com\/livres\/wp-content\/uploads\/2021\/08\/Recettes-Weight-Watchers-au-thermomix-318x400.jpg 318w, https:\/\/mesrecettesww.com\/livres\/wp-content\/uploads\/2021\/08\/Recettes-Weight-Watchers-au-thermomix-636x800.jpg 636w, https:\/\/mesrecettesww.com\/livres\/wp-content\/uploads\/2021\/08\/Recettes-Weight-Watchers-au-thermomix-768x966.jpg 768w, https:\/\/mesrecettesww.com\/livres\/wp-content\/uploads\/2021\/08\/Recettes-Weight-Watchers-au-thermomix-1221x1536.jpg 1221w, https:\/\/mesrecettesww.com\/livres\/wp-content\/uploads\/2021\/08\/Recettes-Weight-Watchers-au-thermomix-1629x2048.jpg 1629w, https:\/\/mesrecettesww.com\/livres\/wp-content\/uploads\/2021\/08\/Recettes-Weight-Watchers-au-thermomix-1320x1660.jpg 1320w, https:\/\/mesrecettesww.com\/livres\/wp-content\/uploads\/2021\/08\/Recettes-Weight-Watchers-au-thermomix-600x755.jpg 600w, https:\/\/mesrecettesww.com\/livres\/wp-content\/uploads\/2021\/08\/Recettes-Weight-Watchers-au-thermomix.jpg 1848w\" sizes=\"auto, (max-width: 392px) 100vw, 392px\" \/><\/h3>\n<h3>Le livre qui va devenir indispensable au quotidien !<\/h3>\n<p>Si vous suivez ou que vous vous lancez dans le <a href=\"http:\/\/mesrecettesww.com\/livres\/product\/livre-de-recettes-ww-plats-desserts\/\">r\u00e9gime Weight Watchers<\/a>, voici des recettes que vous pourrez facilement et rapidement r\u00e9aliser avec votre Thermomix (TM6, TM5, TM31).<\/p>\n<p>Des recettes classiques au plus originales, vous allez pouvoir vous r\u00e9galer avec l\u00e9g\u00e8ret\u00e9 !<\/p>\n<p>Amatrices et amateurs de l\u00e9gumes, votre Thermomix (TM6, TM5, TM31) sera un pr\u00e9cieux alli\u00e9 pour les sublimer dans des recettes minceur ultra gourmandes.<\/p>\n<p>D\u00e9couvrez d&rsquo;autres Recettes Weight Watchers Thermomix r\u00e9unies dans ce livre.<\/p>\n<div class=\"text-center\"><div class=\"is-divider divider clearfix\" style=\"max-width:medium;\"><\/div><\/div>\n<p><span style=\"color: #ff0000;\">Mentions l\u00e9gales :<\/span> Ce livre ne fait pas partie du r\u00e9seau ou des publications du groupe Vorwerk ou du groupe <a href=\"https:\/\/www.weightwatchers.com\/fr\" target=\"_blank\" rel=\"noopener\">Weight-watchers.<\/a> <a href=\"https:\/\/www.thermomix.com\/\" target=\"_blank\" rel=\"noopener\">Thermomix<\/a>\u00ae, Weight-watchers\u00ae sont des marques d\u00e9pos\u00e9es respectivement des groupes Vorwerk (Vorwerk INTERNATIONAL AG) et du groupe Weight Watchers (Weight Watchers International, Inc) .<\/p>\n<p>Les recettes r\u00e9unies dans ce livre ne sont pas surveill\u00e9s, contr\u00f4l\u00e9s ou recommand\u00e9s par aucun groupe. Ce livre ne fait pas de d\u00e9monstrations, d\u2019achats ou de ventes pour le compte d\u2019aucun groupe.<\/p>\n\n<div class=\"container section-title-container\" ><h3 class=\"section-title section-title-center\"><b><\/b><span class=\"section-title-main\" >Ce que les gens disent sur ce livre<\/span><b><\/b><\/h3><\/div>\n<div class=\"row\"  id=\"row-748622151\">\n\t<div id=\"col-1403728437\" class=\"col medium-1\/3 large-4\"  >\n\t\t\t\t<div class=\"col-inner\"  >\n\t\t\t\n\t\t\t<\/p>\n<p>  <div class=\"icon-box testimonial-box icon-box-left text-left\">\n                <div class=\"icon-box-img testimonial-image circle\" style=\"width: 80px\">\n              <img decoding=\"async\" src=\"http:\/\/mesrecettesww.com\/livres\/wp-content\/uploads\/2021\/08\/user-avatar.png\" alt=\"Agnes L.\" \/>        <\/div>\n                <div class=\"icon-box-text p-last-0\">\n          <div class=\"star-rating\"><span style=\"width:100%\"><strong class=\"rating\"><\/strong><\/span><\/div>  \t\t\t\t<div class=\"testimonial-text line-height-small italic test_text first-reset last-reset is-italic\">\n            <\/p>\n<p>J&rsquo;ai beaucoup aim\u00e9 ce livre, il est pratique et tr\u00e8s clair. je trouve qu il y a pas mal de recette ww thermomix, elles sont bien expliqu\u00e9es et assez vari\u00e9es.<\/p>\n<p>          <\/div>\n          <div class=\"testimonial-meta pt-half\">\n             <strong class=\"testimonial-name test_name\">Agnes L.<\/strong>\n                          <span class=\"testimonial-company test_company\"><\/span>\n          <\/div>\n        <\/div>\n  <\/div>\n\n  <\/p>\n<p>\t\t<\/div>\n\t\t\t\t\t<\/div>\n\n\t<\/p>\n<p>\n\t<div id=\"col-2093400194\" class=\"col medium-1\/3 large-4\"  >\n\t\t\t\t<div class=\"col-inner\"  >\n\t\t\t\n\t\t\t<\/p>\n<p>  <div class=\"icon-box testimonial-box icon-box-left text-left\">\n                <div class=\"icon-box-img testimonial-image circle\" style=\"width: 80px\">\n              <img decoding=\"async\" src=\"http:\/\/mesrecettesww.com\/livres\/wp-content\/uploads\/2021\/08\/user-avatar.png\" alt=\"Michel J.\" \/>        <\/div>\n                <div class=\"icon-box-text p-last-0\">\n          <div class=\"star-rating\"><span style=\"width:100%\"><strong class=\"rating\"><\/strong><\/span><\/div>  \t\t\t\t<div class=\"testimonial-text line-height-small italic test_text first-reset last-reset is-italic\">\n            <\/p>\n<p>Indispensable pour notre bien cher Thermomix. Les recettes sont vari\u00e9es et faciles, SP calcul\u00e9es.<\/p>\n<p>          <\/div>\n          <div class=\"testimonial-meta pt-half\">\n             <strong class=\"testimonial-name test_name\">Michel J.<\/strong>\n                          <span class=\"testimonial-company test_company\"><\/span>\n          <\/div>\n        <\/div>\n  <\/div>\n\n  <\/p>\n<p>\t\t<\/div>\n\t\t\t\t\t<\/div>\n\n\t<\/p>\n<p>\n\t<div id=\"col-1880679698\" class=\"col medium-1\/3 large-4\"  >\n\t\t\t\t<div class=\"col-inner\"  >\n\t\t\t\n\t\t\t<\/p>\n<p>  <div class=\"icon-box testimonial-box icon-box-left text-left\">\n                <div class=\"icon-box-img testimonial-image circle\" style=\"width: 80px\">\n              <img decoding=\"async\" src=\"http:\/\/mesrecettesww.com\/livres\/wp-content\/uploads\/2021\/08\/user-avatar.png\" alt=\"Isabelle C.\" \/>        <\/div>\n                <div class=\"icon-box-text p-last-0\">\n          <div class=\"star-rating\"><span style=\"width:100%\"><strong class=\"rating\"><\/strong><\/span><\/div>  \t\t\t\t<div class=\"testimonial-text line-height-small italic test_text first-reset last-reset is-italic\">\n            <\/p>\n<p>je d\u00e9couvre ce livre, je d\u00e9bute WW et cela me donne envie de cuisiner. Merci beaucoup pour ce livre.<\/p>\n<p>          <\/div>\n          <div class=\"testimonial-meta pt-half\">\n             <strong class=\"testimonial-name test_name\">Isabelle C.<\/strong>\n                          <span class=\"testimonial-company test_company\"><\/span>\n          <\/div>\n        <\/div>\n  <\/div>\n\n  <\/p>\n<p>\t\t<\/div>\n\t\t\t\t\t<\/div>\n\n\t<\/div>\n<p style=\"text-align: center;\"><a href=\"http:\/\/mesrecettesww.com\/livres\/?add-to-cart=299\" class=\"button secondary is-secondary is-large\">\n    <span>Ajouter au Panier<\/span>\n  <\/a>\n<\/p>\n <p style=\"text-align: center\"><a href=\"http:\/\/mesrecettesww.com\/livres\/securite\/\" target=\"_blank\" rel=\"noopener\"><img loading=\"lazy\" decoding=\"async\" class=\"alignnone wp-image-2295 size-full\" src=\"http:\/\/mesrecettesww.com\/livres\/wp-content\/uploads\/2021\/08\/ss-secure2.png\" alt=\"\" width=\"411\" height=\"107\" \/><\/a><\/p>\n","protected":false},"excerpt":{"rendered":"<p>Des recettes weight watchers thermomix simples, rapides, gourmandes et saines afin de vous faire plaisir ainsi qu\u2019\u00e0 vos proches tout en gardant la ligne et en surveillant vos apports nutritionnels<\/p>\n","protected":false},"featured_media":318,"comment_status":"closed","ping_status":"closed","template":"","meta":{"_iconic_wsb_product_page_order_bump_ids":[[1440,5787,8351]],"_sku":[],"_iconic_wsb_product_page_bump_modal_ids":[[]]},"product_brand":[],"product_cat":[70],"product_tag":[],"class_list":{"0":"post-299","1":"product","2":"type-product","3":"status-publish","4":"has-post-thumbnail","6":"product_cat-livres-weight-watchers","8":"first","9":"instock","10":"sale","11":"downloadable","12":"virtual","13":"sold-individually","14":"taxable","15":"purchasable","16":"product-type-simple"},"_links":{"self":[{"href":"https:\/\/mesrecettesww.com\/livres\/wp-json\/wp\/v2\/product\/299","targetHints":{"allow":["GET"]}}],"collection":[{"href":"https:\/\/mesrecettesww.com\/livres\/wp-json\/wp\/v2\/product"}],"about":[{"href":"https:\/\/mesrecettesww.com\/livres\/wp-json\/wp\/v2\/types\/product"}],"replies":[{"embeddable":true,"href":"https:\/\/mesrecettesww.com\/livres\/wp-json\/wp\/v2\/comments?post=299"}],"wp:featuredmedia":[{"embeddable":true,"href":"https:\/\/mesrecettesww.com\/livres\/wp-json\/wp\/v2\/media\/318"}],"wp:attachment":[{"href":"https:\/\/mesrecettesww.com\/livres\/wp-json\/wp\/v2\/media?parent=299"}],"wp:term":[{"taxonomy":"product_brand","embeddable":true,"href":"https:\/\/mesrecettesww.com\/livres\/wp-json\/wp\/v2\/product_brand?post=299"},{"taxonomy":"product_cat","embeddable":true,"href":"https:\/\/mesrecettesww.com\/livres\/wp-json\/wp\/v2\/product_cat?post=299"},{"taxonomy":"product_tag","embeddable":true,"href":"https:\/\/mesrecettesww.com\/livres\/wp-json\/wp\/v2\/product_tag?post=299"}],"curies":[{"name":"wp","href":"https:\/\/api.w.org\/{rel}","templated":true}]}}