{"id":2479,"date":"2022-03-07T20:21:08","date_gmt":"2022-03-07T20:21:08","guid":{"rendered":"http:\/\/mesrecettesww.com\/livres\/?post_type=product&#038;p=2479"},"modified":"2025-12-27T09:53:57","modified_gmt":"2025-12-27T09:53:57","slug":"recettes-desserts-weight-watchers","status":"publish","type":"product","link":"https:\/\/mesrecettesww.com\/livres\/product\/recettes-desserts-weight-watchers\/","title":{"rendered":"Livre Recettes Desserts Weight Watchers"},"content":{"rendered":"<p><center><a class=\"button alert is-alert is-medium\"  >\n    <span>Exclusivit\u00e9 web : non disponible en magasin<\/span>\n  <\/a>\n<center><\/center><\/center><br \/>\n<div class=\"row\"  id=\"row-1646492174\"><\/p>\n<p>&nbsp;<\/p>\n<h3>Dans ce livre de 109 pages, vous trouverez 109 recettes desserts weight watchers, faciles, savoureuses et ultra-gourmands.<\/h3>\n<ul>\n<li>Toutes les petites astuces pour garder la ligne et se faire plaisir.<\/li>\n<li>Des recettes saines et \u00e9quilibr\u00e9es.<\/li>\n<li>Les recettes desserts weight watchers sont calcul\u00e9es dans le cadre du nouveau programme de couleurs ainsi calcul en kcal.<\/li>\n<\/ul>\n<p><\/div>\n<h3>Le livre qui va devenir indispensable au quotidien !<\/h3>\n<p>Quand on fait attention \u00e0 sa ligne, on a souvent tendance \u00e0 zapper le dessert, le jugeant \u00e0 tort incompatible avec une perte de poids.<\/p>\n<p>Pourtant, en associant les bons aliments du programme de points <a href=\"https:\/\/www.weightwatchers.com\/be\/fr\/recettes\" target=\"_blank\" rel=\"noopener\">Weight Watchers<\/a> et les bonnes pr\u00e9parations, on peut se faire plaisir avec des desserts maison qui n\u2019entameront ni la perte de poids ni le quota de points quotidien.<\/p>\n<p>La preuve avec ces <strong>100 recettes de desserts Weight Watchers ultra-gourmands<\/strong>.<\/p>\n<p><a href=\"http:\/\/mesrecettesww.com\/livres\/product\/livre-de-recettes-ww-plats-desserts\/\">D\u00e9couvrez aussi Livre de Recettes WW Plats &amp; Desserts<\/a><\/p>\n<div class=\"text-center\"><div class=\"is-divider divider clearfix\" style=\"max-width:medium;\"><\/div><\/div>\n<p><img loading=\"lazy\" decoding=\"async\" class=\"alignnone  wp-image-2482\" src=\"http:\/\/mesrecettesww.com\/livres\/wp-content\/uploads\/2022\/03\/Recettes-de-Desserts-Weight-Watchers-318x400.png\" alt=\"Recettes Desserts Weight Watchers\" width=\"491\" height=\"618\" srcset=\"https:\/\/mesrecettesww.com\/livres\/wp-content\/uploads\/2022\/03\/Recettes-de-Desserts-Weight-Watchers-318x400.png 318w, https:\/\/mesrecettesww.com\/livres\/wp-content\/uploads\/2022\/03\/Recettes-de-Desserts-Weight-Watchers-636x800.png 636w, https:\/\/mesrecettesww.com\/livres\/wp-content\/uploads\/2022\/03\/Recettes-de-Desserts-Weight-Watchers-768x966.png 768w, https:\/\/mesrecettesww.com\/livres\/wp-content\/uploads\/2022\/03\/Recettes-de-Desserts-Weight-Watchers-1221x1536.png 1221w, https:\/\/mesrecettesww.com\/livres\/wp-content\/uploads\/2022\/03\/Recettes-de-Desserts-Weight-Watchers-1629x2048.png 1629w, https:\/\/mesrecettesww.com\/livres\/wp-content\/uploads\/2022\/03\/Recettes-de-Desserts-Weight-Watchers-600x755.png 600w, https:\/\/mesrecettesww.com\/livres\/wp-content\/uploads\/2022\/03\/Recettes-de-Desserts-Weight-Watchers.png 1848w\" sizes=\"auto, (max-width: 491px) 100vw, 491px\" \/><\/p>\n\n<div class=\"container section-title-container\" ><h3 class=\"section-title section-title-center\"><b><\/b><span class=\"section-title-main\" >Ce que les gens disent sur ce livre<\/span><b><\/b><\/h3><\/div>\n<div class=\"row\"  id=\"row-2123949603\">\n\t<div id=\"col-844222681\" class=\"col medium-1\/3 large-4\"  >\n\t\t\t\t<div class=\"col-inner\"  >\n\t\t\t\n\t\t\t<\/p>\n<p>  <div class=\"icon-box testimonial-box icon-box-left text-left\">\n                <div class=\"icon-box-img testimonial-image circle\" style=\"width: 80px\">\n              <img decoding=\"async\" src=\"http:\/\/mesrecettesww.com\/livres\/wp-content\/uploads\/2021\/08\/user-avatar.png\" alt=\"Natalie D.\" \/>        <\/div>\n                <div class=\"icon-box-text p-last-0\">\n          <div class=\"star-rating\"><span style=\"width:100%\"><strong class=\"rating\"><\/strong><\/span><\/div>  \t\t\t\t<div class=\"testimonial-text line-height-small italic test_text first-reset last-reset is-italic\">\n            <\/p>\n<p>J&rsquo;ai d\u00e9j\u00e0 test\u00e9 de nombreuses recettes ww de ce livre et \u00e0 chaque fois elles ont beaucoup de succ\u00e8s, sans oublier le calcul des points selon le nouveau programme de couleurs<br \/>\nRecettes faciles avec peu d&rsquo;ingr\u00e9dients, \u00e0 la port\u00e9e de tous.<\/p>\n<p>          <\/div>\n          <div class=\"testimonial-meta pt-half\">\n             <strong class=\"testimonial-name test_name\">Natalie D.<\/strong>\n                          <span class=\"testimonial-company test_company\"><\/span>\n          <\/div>\n        <\/div>\n  <\/div>\n\n  <\/p>\n<p>\t\t<\/div>\n\t\t\t\t\t<\/div>\n\n\t<\/p>\n<p>\n\t<div id=\"col-2025203093\" class=\"col medium-1\/3 large-4\"  >\n\t\t\t\t<div class=\"col-inner\"  >\n\t\t\t\n\t\t\t<\/p>\n<p>  <div class=\"icon-box testimonial-box icon-box-left text-left\">\n                <div class=\"icon-box-img testimonial-image circle\" style=\"width: 80px\">\n              <img decoding=\"async\" src=\"http:\/\/mesrecettesww.com\/livres\/wp-content\/uploads\/2021\/08\/user-avatar.png\" alt=\"Alice M.\" \/>        <\/div>\n                <div class=\"icon-box-text p-last-0\">\n          <div class=\"star-rating\"><span style=\"width:100%\"><strong class=\"rating\"><\/strong><\/span><\/div>  \t\t\t\t<div class=\"testimonial-text line-height-small italic test_text first-reset last-reset is-italic\">\n            <\/p>\n<p>G\u00e9nial !! Je recommande j\u2019arr\u00eate pas de faire des dessert ww.. Vraiment un livre g\u00e9nial.\u00a0!!<\/p>\n<p>          <\/div>\n          <div class=\"testimonial-meta pt-half\">\n             <strong class=\"testimonial-name test_name\">Alice M.<\/strong>\n                          <span class=\"testimonial-company test_company\"><\/span>\n          <\/div>\n        <\/div>\n  <\/div>\n\n  <\/p>\n<p>\t\t<\/div>\n\t\t\t\t\t<\/div>\n\n\t<\/p>\n<p>\n\t<div id=\"col-1483730687\" class=\"col medium-1\/3 large-4\"  >\n\t\t\t\t<div class=\"col-inner\"  >\n\t\t\t\n\t\t\t<\/p>\n<p>  <div class=\"icon-box testimonial-box icon-box-left text-left\">\n                <div class=\"icon-box-img testimonial-image circle\" style=\"width: 80px\">\n              <img decoding=\"async\" src=\"http:\/\/mesrecettesww.com\/livres\/wp-content\/uploads\/2021\/08\/user-avatar.png\" alt=\"Constance A.\" \/>        <\/div>\n                <div class=\"icon-box-text p-last-0\">\n          <div class=\"star-rating\"><span style=\"width:100%\"><strong class=\"rating\"><\/strong><\/span><\/div>  \t\t\t\t<div class=\"testimonial-text line-height-small italic test_text first-reset last-reset is-italic\">\n            <\/p>\n<p>Tr\u00e8s bon livre pour des personnes qui d\u00e9butent dans la p\u00e2tisserie, ce sont des recettes faciles et rapides a r\u00e9alis\u00e9s.Il faut peu d&rsquo;ingr\u00e9dient et les recettes sont tr\u00e8s bien expliqu\u00e9.<\/p>\n<p>          <\/div>\n          <div class=\"testimonial-meta pt-half\">\n             <strong class=\"testimonial-name test_name\">Constance A.<\/strong>\n                          <span class=\"testimonial-company test_company\"><\/span>\n          <\/div>\n        <\/div>\n  <\/div>\n\n  <\/p>\n<p>\t\t<\/div>\n\t\t\t\t\t<\/div>\n\n\t<\/div>\n<p style=\"text-align: center;\"><a href=\"http:\/\/mesrecettesww.com\/livres\/?add-to-cart=2479\" class=\"button secondary is-secondary is-large\">\n    <span>Ajouter au Panier<\/span>\n  <\/a>\n<\/p>\n <p style=\"text-align: center\"><a href=\"http:\/\/mesrecettesww.com\/livres\/securite\/\" target=\"_blank\" rel=\"noopener\"><img loading=\"lazy\" decoding=\"async\" class=\"alignnone wp-image-2295 size-full\" src=\"http:\/\/mesrecettesww.com\/livres\/wp-content\/uploads\/2021\/08\/ss-secure2.png\" alt=\"\" width=\"411\" height=\"107\" \/><\/a><\/p>\n","protected":false},"excerpt":{"rendered":"<p><span style=\"color: #ed1c24;\">Pr\u00e9parez de superbes recettes desserts weight watchers, adapt\u00e9 aux cuisiniers confirm\u00e9s comme aux novices en cuisine.<\/span><\/p>\n","protected":false},"featured_media":2482,"comment_status":"closed","ping_status":"closed","template":"","meta":{"_iconic_wsb_product_page_order_bump_ids":[[316,1292]],"_sku":[],"_iconic_wsb_product_page_bump_modal_ids":[[]]},"product_brand":[],"product_cat":[70],"product_tag":[],"class_list":{"0":"post-2479","1":"product","2":"type-product","3":"status-publish","4":"has-post-thumbnail","6":"product_cat-livres-weight-watchers","8":"first","9":"instock","10":"sale","11":"downloadable","12":"virtual","13":"sold-individually","14":"taxable","15":"purchasable","16":"product-type-simple"},"_links":{"self":[{"href":"https:\/\/mesrecettesww.com\/livres\/wp-json\/wp\/v2\/product\/2479","targetHints":{"allow":["GET"]}}],"collection":[{"href":"https:\/\/mesrecettesww.com\/livres\/wp-json\/wp\/v2\/product"}],"about":[{"href":"https:\/\/mesrecettesww.com\/livres\/wp-json\/wp\/v2\/types\/product"}],"replies":[{"embeddable":true,"href":"https:\/\/mesrecettesww.com\/livres\/wp-json\/wp\/v2\/comments?post=2479"}],"wp:featuredmedia":[{"embeddable":true,"href":"https:\/\/mesrecettesww.com\/livres\/wp-json\/wp\/v2\/media\/2482"}],"wp:attachment":[{"href":"https:\/\/mesrecettesww.com\/livres\/wp-json\/wp\/v2\/media?parent=2479"}],"wp:term":[{"taxonomy":"product_brand","embeddable":true,"href":"https:\/\/mesrecettesww.com\/livres\/wp-json\/wp\/v2\/product_brand?post=2479"},{"taxonomy":"product_cat","embeddable":true,"href":"https:\/\/mesrecettesww.com\/livres\/wp-json\/wp\/v2\/product_cat?post=2479"},{"taxonomy":"product_tag","embeddable":true,"href":"https:\/\/mesrecettesww.com\/livres\/wp-json\/wp\/v2\/product_tag?post=2479"}],"curies":[{"name":"wp","href":"https:\/\/api.w.org\/{rel}","templated":true}]}}