{"id":13708,"date":"2025-11-23T15:31:21","date_gmt":"2025-11-23T15:31:21","guid":{"rendered":"https:\/\/mesrecettesww.com\/livres\/?post_type=product&#038;p=13708"},"modified":"2025-12-27T11:09:06","modified_gmt":"2025-12-27T11:09:06","slug":"recettes-ww-a-petit-budget","status":"publish","type":"product","link":"https:\/\/mesrecettesww.com\/livres\/product\/recettes-ww-a-petit-budget\/","title":{"rendered":"Recettes WW \u00c0 Petit Budget"},"content":{"rendered":"<div class=\"row align-center\"  id=\"row-696259471\"><\/p>\n<p>\n\t<div id=\"col-668371703\" class=\"col medium-6 small-12 large-6\"  >\n\t\t\t\t<div class=\"col-inner\"  >\n\t\t\t\n\t\t\t<\/p>\n<p><a href=\"https:\/\/mesrecettesww.com\/livres\/?add-to-cart=13708\" target=\"_self\" class=\"button primary is-shade box-shadow-3 box-shadow-5-hover\"  style=\"border-radius:5px;\">\n    <span>Exclusivit\u00e9 en ligne ! Non disponible en magasin. Commandez votre exemplaire d\u00e8s maintenant !<\/span>\n  <\/a>\n<\/p>\n<p>\t\t<\/div>\n\t\t\t\t\t<\/div>\n\n\t<\/p>\n<p><\/div>\n<h2 class=\"uppercase\">Manger Sain Sans Se Ruiner \u2013 Le Guide WW Indispensable en Temps d\u2019Inflation<\/h2>\n<p data-start=\"249\" data-end=\"520\"><strong data-start=\"249\" data-end=\"319\">Vous avez l\u2019impression que suivre WW\u00ae co\u00fbte de plus en plus cher ?<\/strong><br data-start=\"319\" data-end=\"322\" \/>Entre la hausse des prix, les courses qui explosent et les repas diff\u00e9rents \u00e0 pr\u00e9parer pour toute la famille\u2026 votre parcours minceur peut vite devenir un luxe que vous ne pouvez plus vous permettre.<\/p>\n<p data-start=\"522\" data-end=\"593\">La v\u00e9rit\u00e9, c\u2019est que <strong data-start=\"543\" data-end=\"589\">manger sain n\u2019a jamais \u00e9t\u00e9 aussi compliqu\u00e9<\/strong> :<\/p>\n<ul data-start=\"594\" data-end=\"804\">\n<li data-start=\"594\" data-end=\"635\">\n<p data-start=\"596\" data-end=\"635\">Les aliments frais co\u00fbtent plus cher,<\/p>\n<\/li>\n<li data-start=\"636\" data-end=\"689\">\n<p data-start=\"638\" data-end=\"689\">Les plats pr\u00e9par\u00e9s low-cost sabotent vos progr\u00e8s,<\/p>\n<\/li>\n<li data-start=\"690\" data-end=\"804\">\n<p data-start=\"692\" data-end=\"804\">Et vous tombez peut-\u00eatre dans le <strong data-start=\"725\" data-end=\"749\">pi\u00e8ge des deux repas<\/strong> : un plat \u201clight\u201d pour vous, un autre pour la famille.<\/p>\n<\/li>\n<\/ul>\n<p>\ud83d\udc49 <strong data-start=\"809\" data-end=\"899\">Bonne nouvelle : vous n\u2019avez plus besoin de choisir entre votre budget et votre sant\u00e9.<\/strong><br data-start=\"899\" data-end=\"902\" \/>Ce guide vous montre comment rester 100% dans votre programme WW\u00ae <strong data-start=\"968\" data-end=\"1073\">tout en r\u00e9duisant votre budget courses\u2026 et en cuisinant un seul repas que TOUTE la famille va adorer.<\/strong><\/p>\n<div class=\"row align-middle\"  id=\"row-1520496914\"><\/p>\n<p>\n\t<div id=\"col-712159483\" class=\"col medium-6 small-12 large-6\"  >\n\t\t\t\t<div class=\"col-inner\"  >\n\t\t\t\n\t\t\t<\/p>\n<h3 data-path-to-node=\"5\"><b>Il est temps d&rsquo;arr\u00eater le sacrifice.<\/b><\/h3>\n<p data-path-to-node=\"5\">Vous <i>pouvez<\/i> manger sainement, rester \u00e0 100% dans votre programme et <b>r\u00e9duire consid\u00e9rablement votre facture d&rsquo;\u00e9picerie<\/b> \u2014 tout en cuisinant UN SEUL repas que toute la famille aimera.<\/p>\n<p data-path-to-node=\"6\"><b>WW \u00c0 Petit Budget<\/b> est votre syst\u00e8me complet et pr\u00eat \u00e0 l&#8217;emploi, con\u00e7u pour vous apporter un soulagement financier et la tranquillit\u00e9 d&rsquo;esprit dans la cuisine.<\/p>\n<p><a href=\"https:\/\/mesrecettesww.com\/livres\/?add-to-cart=13708\" target=\"_self\" class=\"button primary is-shade is-larger box-shadow-4 box-shadow-5-hover\"  style=\"border-radius:10px;\">\n    <span>Ajouter au panier<\/span>\n  <\/a>\n<\/p>\n<p>\t\t<\/div>\n\t\t\t\t\t<\/div>\n\n\t<br \/>\n\n\t<div id=\"col-1418446389\" class=\"col medium-6 small-12 large-6\"  >\n\t\t\t\t<div class=\"col-inner\"  >\n\t\t\t\n\t\t\t<\/p>\n<p>\t<div class=\"img has-hover x md-x lg-x y md-y lg-y\" id=\"image_948713602\">\n\t\t\t\t\t\t\t\t<div class=\"img-inner dark\" >\n\t\t\t<img loading=\"lazy\" decoding=\"async\" width=\"800\" height=\"800\" src=\"https:\/\/mesrecettesww.com\/livres\/wp-content\/uploads\/2025\/11\/ww-a-petit-budget-800x800.jpg\" class=\"attachment-large size-large\" alt=\"\" srcset=\"https:\/\/mesrecettesww.com\/livres\/wp-content\/uploads\/2025\/11\/ww-a-petit-budget-800x800.jpg 800w, https:\/\/mesrecettesww.com\/livres\/wp-content\/uploads\/2025\/11\/ww-a-petit-budget-400x400.jpg 400w, https:\/\/mesrecettesww.com\/livres\/wp-content\/uploads\/2025\/11\/ww-a-petit-budget-280x280.jpg 280w, https:\/\/mesrecettesww.com\/livres\/wp-content\/uploads\/2025\/11\/ww-a-petit-budget-768x768.jpg 768w, https:\/\/mesrecettesww.com\/livres\/wp-content\/uploads\/2025\/11\/ww-a-petit-budget-300x300.jpg 300w, https:\/\/mesrecettesww.com\/livres\/wp-content\/uploads\/2025\/11\/ww-a-petit-budget-600x600.jpg 600w, https:\/\/mesrecettesww.com\/livres\/wp-content\/uploads\/2025\/11\/ww-a-petit-budget-100x100.jpg 100w, https:\/\/mesrecettesww.com\/livres\/wp-content\/uploads\/2025\/11\/ww-a-petit-budget-60x60.jpg 60w, https:\/\/mesrecettesww.com\/livres\/wp-content\/uploads\/2025\/11\/ww-a-petit-budget-90x90.jpg 90w, https:\/\/mesrecettesww.com\/livres\/wp-content\/uploads\/2025\/11\/ww-a-petit-budget.jpg 1500w\" sizes=\"auto, (max-width: 800px) 100vw, 800px\" \/>\t\t\t\t\t\t\n\t\t\t\t\t<\/div>\n\t\t\t\t\t\t\t\t\n<style>\n#image_948713602 {\n  width: 100%;\n}\n<\/style>\n\t<\/div>\n\t<\/p>\n<p>\t\t<\/div>\n\t\t\t\t\t<\/div>\n\n\t<\/p>\n<p><\/div>\n<h3>DESCRIPTION COMPL\u00c8TE DU LIVRE<\/h3>\n<h2 data-start=\"1761\" data-end=\"1838\"><strong data-start=\"1764\" data-end=\"1838\">\u2714 PARTIE 1 : STRAT\u00c9GIE ANTI-CRISE \u2014 Ma\u00eetrisez Votre Budget Alimentaire<\/strong><\/h2>\n<p data-start=\"1840\" data-end=\"1956\">Un v\u00e9ritable plan d&rsquo;action pour \u00e9conomiser <strong data-start=\"1883\" data-end=\"1915\">des centaines d\u2019euros par an<\/strong> sans sacrifier la qualit\u00e9 ni les points.<\/p>\n<p data-start=\"1958\" data-end=\"1978\">Vous y trouverez :<\/p>\n<ul data-start=\"1979\" data-end=\"2344\">\n<li data-start=\"1979\" data-end=\"2097\">\n<p data-start=\"1981\" data-end=\"2097\"><strong data-start=\"1981\" data-end=\"2042\">Le Top 10 des ingr\u00e9dients \u00e9conomiques &amp; faibles en points<\/strong> (lentilles, \u0153ufs, haricots, l\u00e9gumes surgel\u00e9s, etc.).<\/p>\n<\/li>\n<li data-start=\"2098\" data-end=\"2254\">\n<p data-start=\"2100\" data-end=\"2254\"><strong data-start=\"2100\" data-end=\"2130\">La m\u00e9thode z\u00e9ro-gaspillage<\/strong>, dont la strat\u00e9gie <em data-start=\"2150\" data-end=\"2172\">Cook Once, Eat Twice<\/em> : un poulet r\u00f4ti se transforme en soupe, puis en salade \u2014 3 repas, 1 seul co\u00fbt.<\/p>\n<\/li>\n<li data-start=\"2255\" data-end=\"2344\">\n<p data-start=\"2257\" data-end=\"2344\">Des astuces de substitution intelligentes pour cuisiner les m\u00eames plats \u00e0 moindre co\u00fbt.<\/p>\n<\/li>\n<\/ul>\n<h2 data-start=\"2351\" data-end=\"2435\"><strong data-start=\"2354\" data-end=\"2435\">\u2714 PARTIE 2 : 70+ RECETTES \u00c9CONOMIQUES, GOURMANDES &amp; APPROUV\u00c9ES PAR LA FAMILLE<\/strong><\/h2>\n<p data-start=\"2437\" data-end=\"2506\">Des recettes simples, savoureuses et pens\u00e9es pour les budgets serr\u00e9s.<\/p>\n<ul data-start=\"2508\" data-end=\"2847\">\n<li data-start=\"2508\" data-end=\"2620\">\n<p data-start=\"2510\" data-end=\"2620\"><strong data-start=\"2510\" data-end=\"2533\">30 Plats Principaux<\/strong> : rago\u00fbts, chili, cabillaud, dinde hach\u00e9e, pulled pork, recettes v\u00e9g\u00e9tariennes, etc.<\/p>\n<\/li>\n<li data-start=\"2621\" data-end=\"2740\">\n<p data-start=\"2623\" data-end=\"2740\"><strong data-start=\"2623\" data-end=\"2648\">15 Lunchs \u00c9conomiques<\/strong> : p\u00e2tes grecques froides, salades prot\u00e9in\u00e9es, soupes \u201cbudget friendly\u201d, repas \u00e0 emporter.<\/p>\n<\/li>\n<li data-start=\"2741\" data-end=\"2847\">\n<p data-start=\"2743\" data-end=\"2847\"><strong data-start=\"2743\" data-end=\"2775\">25 Petits D\u00e9jeuners &amp; Snacks<\/strong> : muffins prot\u00e9in\u00e9s, pois chiches grill\u00e9s, chou \u00e9pic\u00e9, desserts l\u00e9gers.<\/p>\n<\/li>\n<\/ul>\n<p data-start=\"2849\" data-end=\"2994\">Ces recettes sont pens\u00e9es pour :<br data-start=\"2881\" data-end=\"2884\" \/>\u2714 co\u00fbter peu<br data-start=\"2896\" data-end=\"2899\" \/>\u2714 \u00eatre faibles en points<br data-start=\"2923\" data-end=\"2926\" \/>\u2714 utiliser peu d\u2019ingr\u00e9dients<br data-start=\"2954\" data-end=\"2957\" \/>\u2714 plaire aux enfants et au conjoint<\/p>\n<h2 data-start=\"3001\" data-end=\"3076\"><strong data-start=\"3004\" data-end=\"3076\">\u2714 PARTIE 3 : LE SYST\u00c8ME CL\u00c9 EN MAIN \u2013 <em data-start=\"3044\" data-end=\"3074\">Z\u00e9ro Stress, Z\u00e9ro Gaspillage<\/em><\/strong><\/h2>\n<p data-start=\"3078\" data-end=\"3133\">Vous n\u2019aurez plus jamais \u00e0 r\u00e9fl\u00e9chir \u00e0 \u201cquoi cuisiner\u201d.<\/p>\n<ul data-start=\"3135\" data-end=\"3388\">\n<li data-start=\"3135\" data-end=\"3193\">\n<p data-start=\"3137\" data-end=\"3193\"><strong data-start=\"3137\" data-end=\"3191\">Un plan de repas complet sur 4 semaines (28 jours)<\/strong><\/p>\n<\/li>\n<li data-start=\"3194\" data-end=\"3254\">\n<p data-start=\"3196\" data-end=\"3254\"><strong data-start=\"3196\" data-end=\"3252\">4 listes de courses imprimables et pr\u00eates \u00e0 l\u2019emploi<\/strong><\/p>\n<\/li>\n<li data-start=\"3255\" data-end=\"3388\">\n<p data-start=\"3257\" data-end=\"3388\">Optimisation totale : chaque ingr\u00e9dient achet\u00e9 sert dans plusieurs recettes<br data-start=\"3332\" data-end=\"3335\" \/>\u27a1\ufe0f r\u00e9sultat : <strong data-start=\"3349\" data-end=\"3369\">0% de gaspillage<\/strong>, 100% d\u2019\u00e9conomies.<\/p>\n<\/li>\n<\/ul>\n<div class=\"row align-middle\"  id=\"row-259928544\"><\/p>\n<p>\n\t<div id=\"col-1379392185\" class=\"col medium-6 small-12 large-6\"  >\n\t\t\t\t<div class=\"col-inner\"  >\n\t\t\t\n\t\t\t<\/p>\n<h1 data-start=\"3395\" data-end=\"3435\">\ud83d\udcac <strong data-start=\"3400\" data-end=\"3435\">POURQUOI CE GUIDE EST DIFF\u00c9RENT<\/strong><\/h1>\n<p data-start=\"3437\" data-end=\"3687\">Parce que vous n\u2019achetez pas seulement un livre.<br data-start=\"3485\" data-end=\"3488\" \/>Vous achetez un <strong data-start=\"3504\" data-end=\"3523\">syst\u00e8me complet<\/strong>, pens\u00e9 pour :<br data-start=\"3537\" data-end=\"3540\" \/>\u2728 all\u00e9ger votre charge mentale<br data-start=\"3570\" data-end=\"3573\" \/>\u2728 stabiliser votre budget<br data-start=\"3598\" data-end=\"3601\" \/>\u2728 faciliter votre suivi WW\u00ae<br data-start=\"3628\" data-end=\"3631\" \/>\u2728 nourrir votre famille sainement, sans faire deux repas<\/p>\n<p>\t\t<\/div>\n\t\t\t\t\t<\/div>\n\n\t<br \/>\n\n\t<div id=\"col-1091838076\" class=\"col medium-6 small-12 large-6\"  >\n\t\t\t\t<div class=\"col-inner text-center\"  >\n\t\t\t\n\t\t\t<\/p>\n<p>\t<div class=\"img has-hover x md-x lg-x y md-y lg-y\" id=\"image_669241327\">\n\t\t\t\t\t\t\t\t<div class=\"img-inner dark\" >\n\t\t\t<img loading=\"lazy\" decoding=\"async\" width=\"1000\" height=\"667\" src=\"https:\/\/mesrecettesww.com\/livres\/wp-content\/uploads\/2025\/11\/181130.jpg\" class=\"attachment-large size-large\" alt=\"\" srcset=\"https:\/\/mesrecettesww.com\/livres\/wp-content\/uploads\/2025\/11\/181130.jpg 1000w, https:\/\/mesrecettesww.com\/livres\/wp-content\/uploads\/2025\/11\/181130-600x400.jpg 600w, https:\/\/mesrecettesww.com\/livres\/wp-content\/uploads\/2025\/11\/181130-768x512.jpg 768w, https:\/\/mesrecettesww.com\/livres\/wp-content\/uploads\/2025\/11\/181130-90x60.jpg 90w, https:\/\/mesrecettesww.com\/livres\/wp-content\/uploads\/2025\/11\/181130-135x90.jpg 135w\" sizes=\"auto, (max-width: 1000px) 100vw, 1000px\" \/>\t\t\t\t\t\t\n\t\t\t\t\t<\/div>\n\t\t\t\t\t\t\t\t\n<style>\n#image_669241327 {\n  width: 100%;\n}\n<\/style>\n\t<\/div>\n\t<\/p>\n<p>\t\t<\/div>\n\t\t\t\t\t<\/div>\n\n\t<\/p>\n<p><\/div>\n<h2>PR\u00caT(E) \u00c0 FAIRE DES \u00c9CONOMIES TOUT EN PERDANT DU POIDS ?<\/h2>\n<p>Le prix va rester accessible seulement pour le lancement \u2014 et le stock est limit\u00e9.<\/p>\n<a href=\"https:\/\/mesrecettesww.com\/livres\/?add-to-cart=13708\" target=\"_self\" class=\"button primary is-large\"  >\n    <span>Oui, je souhaite commander mon livre et commencer \u00e0 \u00e9conomiser d\u00e8s aujourd\u2019hui !<\/span>\n  <\/a>\n\n<div class=\"container section-title-container\" ><h3 class=\"section-title section-title-center\"><b><\/b><span class=\"section-title-main\" >Ce que les gens disent de ce livre<\/span><b><\/b><\/h3><\/div>\n<div class=\"row\"  id=\"row-1770486988\"><\/p>\n<p>\n\t<div id=\"col-2018924327\" class=\"col medium-4 small-12 large-4\"  >\n\t\t\t\t<div class=\"col-inner\"  >\n\t\t\t\n\t\t\t<\/p>\n<p>  <div class=\"icon-box testimonial-box icon-box-center text-center\">\n                <div class=\"icon-box-img testimonial-image circle\" style=\"width: 80px\">\n              <img loading=\"lazy\" decoding=\"async\" width=\"280\" height=\"280\" src=\"https:\/\/mesrecettesww.com\/livres\/wp-content\/uploads\/2025\/10\/avatar-icon-280x280-1.png\" class=\"attachment-thumbnail size-thumbnail\" alt=\"\" srcset=\"https:\/\/mesrecettesww.com\/livres\/wp-content\/uploads\/2025\/10\/avatar-icon-280x280-1.png 280w, https:\/\/mesrecettesww.com\/livres\/wp-content\/uploads\/2025\/10\/avatar-icon-280x280-1-100x100.png 100w, https:\/\/mesrecettesww.com\/livres\/wp-content\/uploads\/2025\/10\/avatar-icon-280x280-1-60x60.png 60w, https:\/\/mesrecettesww.com\/livres\/wp-content\/uploads\/2025\/10\/avatar-icon-280x280-1-90x90.png 90w\" sizes=\"auto, (max-width: 280px) 100vw, 280px\" \/>        <\/div>\n                <div class=\"icon-box-text p-last-0\">\n          <div class=\"star-rating\"><span style=\"width:100%\"><strong class=\"rating\"><\/strong><\/span><\/div>  \t\t\t\t<div class=\"testimonial-text line-height-small italic test_text first-reset last-reset is-italic\">\n            <\/p>\n<p>\u201cAvec la hausse des prix, je pensais devoir abandonner WW. Ce livre m\u2019a litt\u00e9ralement sauv\u00e9e : les recettes sont simples, d\u00e9licieuses et vraiment \u00e9conomiques. Le plan de 4 semaines est un vrai soulagement, je n\u2019ai plus \u00e0 r\u00e9fl\u00e9chir et je d\u00e9pense moins qu\u2019avant. Toute la famille mange la m\u00eame chose, m\u00eame mes enfants !\u201d<\/p>\n<p>          <\/div>\n          <div class=\"testimonial-meta pt-half\">\n             <strong class=\"testimonial-name test_name\">Sabrina M.<\/strong>\n             <span class=\"testimonial-name-divider\"> \/ <\/span>             <span class=\"testimonial-company test_company\">Facebook<\/span>\n          <\/div>\n        <\/div>\n  <\/div>\n\n  <\/p>\n<p>\t\t<\/div>\n\t\t\t\t\t<\/div>\n\n\t<br \/>\n\n\t<div id=\"col-245872795\" class=\"col medium-4 small-12 large-4\"  >\n\t\t\t\t<div class=\"col-inner\"  >\n\t\t\t\n\t\t\t<\/p>\n<p>  <div class=\"icon-box testimonial-box icon-box-center text-center\">\n                <div class=\"icon-box-img testimonial-image circle\" style=\"width: 80px\">\n              <img loading=\"lazy\" decoding=\"async\" width=\"280\" height=\"280\" src=\"https:\/\/mesrecettesww.com\/livres\/wp-content\/uploads\/2025\/10\/avatar-icon-280x280-1.png\" class=\"attachment-thumbnail size-thumbnail\" alt=\"\" srcset=\"https:\/\/mesrecettesww.com\/livres\/wp-content\/uploads\/2025\/10\/avatar-icon-280x280-1.png 280w, https:\/\/mesrecettesww.com\/livres\/wp-content\/uploads\/2025\/10\/avatar-icon-280x280-1-100x100.png 100w, https:\/\/mesrecettesww.com\/livres\/wp-content\/uploads\/2025\/10\/avatar-icon-280x280-1-60x60.png 60w, https:\/\/mesrecettesww.com\/livres\/wp-content\/uploads\/2025\/10\/avatar-icon-280x280-1-90x90.png 90w\" sizes=\"auto, (max-width: 280px) 100vw, 280px\" \/>        <\/div>\n                <div class=\"icon-box-text p-last-0\">\n          <div class=\"star-rating\"><span style=\"width:100%\"><strong class=\"rating\"><\/strong><\/span><\/div>  \t\t\t\t<div class=\"testimonial-text line-height-small italic test_text first-reset last-reset is-italic\">\n            <\/p>\n<p>\u201cJ\u2019\u00e9tais sceptique au d\u00e9but, mais d\u00e8s la premi\u00e8re semaine, j\u2019ai vu la diff\u00e9rence : le total de mes courses a baiss\u00e9, je mange mieux et je reste dans mes points sans stress. Les listes de courses sont extr\u00eamement pratiques et les recettes deviennent vite des classiques. Franchement, ce livre vaut chaque centime.\u201d<\/p>\n<p>          <\/div>\n          <div class=\"testimonial-meta pt-half\">\n             <strong class=\"testimonial-name test_name\">Sara L.<\/strong>\n             <span class=\"testimonial-name-divider\"> \/ <\/span>             <span class=\"testimonial-company test_company\">Facebook<\/span>\n          <\/div>\n        <\/div>\n  <\/div>\n\n  <\/p>\n<p>\t\t<\/div>\n\t\t\t\t\t<\/div>\n\n\t<br \/>\n\n\t<div id=\"col-1231483548\" class=\"col medium-4 small-12 large-4\"  >\n\t\t\t\t<div class=\"col-inner\"  >\n\t\t\t\n\t\t\t<\/p>\n<p>  <div class=\"icon-box testimonial-box icon-box-center text-center\">\n                <div class=\"icon-box-img testimonial-image circle\" style=\"width: 80px\">\n              <img loading=\"lazy\" decoding=\"async\" width=\"280\" height=\"280\" src=\"https:\/\/mesrecettesww.com\/livres\/wp-content\/uploads\/2025\/10\/avatar-icon-280x280-1.png\" class=\"attachment-thumbnail size-thumbnail\" alt=\"\" srcset=\"https:\/\/mesrecettesww.com\/livres\/wp-content\/uploads\/2025\/10\/avatar-icon-280x280-1.png 280w, https:\/\/mesrecettesww.com\/livres\/wp-content\/uploads\/2025\/10\/avatar-icon-280x280-1-100x100.png 100w, https:\/\/mesrecettesww.com\/livres\/wp-content\/uploads\/2025\/10\/avatar-icon-280x280-1-60x60.png 60w, https:\/\/mesrecettesww.com\/livres\/wp-content\/uploads\/2025\/10\/avatar-icon-280x280-1-90x90.png 90w\" sizes=\"auto, (max-width: 280px) 100vw, 280px\" \/>        <\/div>\n                <div class=\"icon-box-text p-last-0\">\n          <div class=\"star-rating\"><span style=\"width:100%\"><strong class=\"rating\"><\/strong><\/span><\/div>  \t\t\t\t<div class=\"testimonial-text line-height-small italic test_text first-reset last-reset is-italic\">\n            <\/p>\n<p>\u201cCe que j\u2019adore dans ce guide, c\u2019est la strat\u00e9gie z\u00e9ro-gaspillage. Je n\u2019ach\u00e8te que l\u2019essentiel, tout est utilis\u00e9, rien ne part \u00e0 la poubelle. Les plats sont vraiment bons et rassasiants, et je n\u2019ai plus jamais besoin de cuisiner un deuxi\u00e8me repas pour mon mari. C\u2019est devenu mon livre de cuisine pr\u00e9f\u00e9r\u00e9.\u201d<\/p>\n<p>          <\/div>\n          <div class=\"testimonial-meta pt-half\">\n             <strong class=\"testimonial-name test_name\">\u00c9lodie F.<\/strong>\n             <span class=\"testimonial-name-divider\"> \/ <\/span>             <span class=\"testimonial-company test_company\">Facebook<\/span>\n          <\/div>\n        <\/div>\n  <\/div>\n\n  <\/p>\n<p>\t\t<\/div>\n\t\t\t\t\t<\/div>\n\n\t<\/p>\n<p><\/div>\n","protected":false},"excerpt":{"rendered":"<p><strong><span style=\"color: #50b848;\">Le Livre de Recettes Ultime Pour Weight Watchers\u00ae : 70+ Recettes Simples et Faibles en Points pour \u00c9conomiser et Garder le Cap. Inclut 4 Semaines de Plans Repas &amp; Listes de Courses.<\/span><\/strong><\/p>\n","protected":false},"featured_media":13709,"comment_status":"closed","ping_status":"closed","template":"","meta":{"_iconic_wsb_product_page_order_bump_ids":[[13937,12156,13625]],"_sku":[],"_iconic_wsb_product_page_bump_modal_ids":[[]]},"product_brand":[],"product_cat":[70],"product_tag":[],"class_list":{"0":"post-13708","1":"product","2":"type-product","3":"status-publish","4":"has-post-thumbnail","6":"product_cat-livres-weight-watchers","8":"first","9":"instock","10":"sale","11":"downloadable","12":"virtual","13":"sold-individually","14":"taxable","15":"purchasable","16":"product-type-simple"},"_links":{"self":[{"href":"https:\/\/mesrecettesww.com\/livres\/wp-json\/wp\/v2\/product\/13708","targetHints":{"allow":["GET"]}}],"collection":[{"href":"https:\/\/mesrecettesww.com\/livres\/wp-json\/wp\/v2\/product"}],"about":[{"href":"https:\/\/mesrecettesww.com\/livres\/wp-json\/wp\/v2\/types\/product"}],"replies":[{"embeddable":true,"href":"https:\/\/mesrecettesww.com\/livres\/wp-json\/wp\/v2\/comments?post=13708"}],"wp:featuredmedia":[{"embeddable":true,"href":"https:\/\/mesrecettesww.com\/livres\/wp-json\/wp\/v2\/media\/13709"}],"wp:attachment":[{"href":"https:\/\/mesrecettesww.com\/livres\/wp-json\/wp\/v2\/media?parent=13708"}],"wp:term":[{"taxonomy":"product_brand","embeddable":true,"href":"https:\/\/mesrecettesww.com\/livres\/wp-json\/wp\/v2\/product_brand?post=13708"},{"taxonomy":"product_cat","embeddable":true,"href":"https:\/\/mesrecettesww.com\/livres\/wp-json\/wp\/v2\/product_cat?post=13708"},{"taxonomy":"product_tag","embeddable":true,"href":"https:\/\/mesrecettesww.com\/livres\/wp-json\/wp\/v2\/product_tag?post=13708"}],"curies":[{"name":"wp","href":"https:\/\/api.w.org\/{rel}","templated":true}]}}