{"id":13625,"date":"2025-10-31T21:29:24","date_gmt":"2025-10-31T21:29:24","guid":{"rendered":"https:\/\/mesrecettesww.com\/livres\/?post_type=product&#038;p=13625"},"modified":"2025-12-29T21:14:54","modified_gmt":"2025-12-29T21:14:54","slug":"recettes-weight-watchers-au-air-fryer","status":"publish","type":"product","link":"https:\/\/mesrecettesww.com\/livres\/product\/recettes-weight-watchers-au-air-fryer\/","title":{"rendered":"Recettes Weight Watchers au Air Fryer"},"content":{"rendered":"<div class=\"row align-center\"  id=\"row-1756655180\"><\/p>\n<p>\n\t<div id=\"col-919248118\" class=\"col medium-6 small-12 large-6\"  >\n\t\t\t\t<div class=\"col-inner\"  >\n\t\t\t\n\t\t\t<\/p>\n<p><a href=\"https:\/\/mesrecettesww.com\/livres\/?add-to-cart=13625\" target=\"_self\" class=\"button primary is-shade box-shadow-3 box-shadow-5-hover\"  style=\"border-radius:5px;\">\n    <span>Exclusivit\u00e9 en ligne ! Non disponible en magasin. Commandez votre exemplaire d\u00e8s maintenant !<\/span>\n  <\/a>\n<\/p>\n<p>\t\t<\/div>\n\t\t\t\t\t<\/div>\n\n\t<\/p>\n<p><\/div>\n<h2 class=\"uppercase\">Croustillant, savoureux et sain<\/h2>\n<h3 class=\"thin-font\">Enfin\u00a0! Le livre de recettes qui vous permet de cuisiner facilement de d\u00e9licieux plats sans compromettre vos objectifs de sant\u00e9. Gagnez du temps, utilisez un minimum d&rsquo;huile et savourez chaque bouch\u00e9e.<\/h3>\n<div class=\"row align-middle\"  id=\"row-918271823\"><\/p>\n<p>\n\t<div id=\"col-422404970\" class=\"col medium-6 small-12 large-6\"  >\n\t\t\t\t<div class=\"col-inner\"  >\n\t\t\t\n\t\t\t<\/p>\n<p class=\"lead\">Enfin ! Il est l\u00e0 ! un magnifique livre de recettes qui vous permettra de savourer de d\u00e9licieux plats sans compromettre vos objectifs sant\u00e9.<\/p>\n<p class=\"lead\">Parcourez les recettes, laissez-vous inspirer et cuisinez !<\/p>\n<p class=\"lead\"><strong>Votre nouveau livre de recettes imprim\u00e9 avec 70 d\u00e9licieuses recettes pour friteuse \u00e0 air chaud (Air Fryer), id\u00e9ales pour le programme Weight Watchers\u00ae !<\/strong><\/p>\n<p>\t\t<\/div>\n\t\t\t\t\t<\/div>\n\n\t<br \/>\n\n\t<div id=\"col-1179047227\" class=\"col medium-6 small-12 large-6\"  >\n\t\t\t\t<div class=\"col-inner\"  >\n\t\t\t\n\t\t\t<\/p>\n<p>\t<div class=\"img has-hover x md-x lg-x y md-y lg-y\" id=\"image_141279539\">\n\t\t\t\t\t\t\t\t<div class=\"img-inner dark\" >\n\t\t\t<img loading=\"lazy\" decoding=\"async\" width=\"800\" height=\"800\" src=\"https:\/\/mesrecettesww.com\/livres\/wp-content\/uploads\/2025\/10\/Recettes-Weight-Watchers-au-Air-Fryer-800x800.jpg\" class=\"attachment-large size-large\" alt=\"\" srcset=\"https:\/\/mesrecettesww.com\/livres\/wp-content\/uploads\/2025\/10\/Recettes-Weight-Watchers-au-Air-Fryer-800x800.jpg 800w, https:\/\/mesrecettesww.com\/livres\/wp-content\/uploads\/2025\/10\/Recettes-Weight-Watchers-au-Air-Fryer-400x400.jpg 400w, https:\/\/mesrecettesww.com\/livres\/wp-content\/uploads\/2025\/10\/Recettes-Weight-Watchers-au-Air-Fryer-280x280.jpg 280w, https:\/\/mesrecettesww.com\/livres\/wp-content\/uploads\/2025\/10\/Recettes-Weight-Watchers-au-Air-Fryer-768x768.jpg 768w, https:\/\/mesrecettesww.com\/livres\/wp-content\/uploads\/2025\/10\/Recettes-Weight-Watchers-au-Air-Fryer-300x300.jpg 300w, https:\/\/mesrecettesww.com\/livres\/wp-content\/uploads\/2025\/10\/Recettes-Weight-Watchers-au-Air-Fryer-600x600.jpg 600w, https:\/\/mesrecettesww.com\/livres\/wp-content\/uploads\/2025\/10\/Recettes-Weight-Watchers-au-Air-Fryer-100x100.jpg 100w, https:\/\/mesrecettesww.com\/livres\/wp-content\/uploads\/2025\/10\/Recettes-Weight-Watchers-au-Air-Fryer-60x60.jpg 60w, https:\/\/mesrecettesww.com\/livres\/wp-content\/uploads\/2025\/10\/Recettes-Weight-Watchers-au-Air-Fryer-90x90.jpg 90w, https:\/\/mesrecettesww.com\/livres\/wp-content\/uploads\/2025\/10\/Recettes-Weight-Watchers-au-Air-Fryer.jpg 1500w\" sizes=\"auto, (max-width: 800px) 100vw, 800px\" \/>\t\t\t\t\t\t\n\t\t\t\t\t<\/div>\n\t\t\t\t\t\t\t\t\n<style>\n#image_141279539 {\n  width: 100%;\n}\n<\/style>\n\t<\/div>\n\t<\/p>\n<p>\t\t<\/div>\n\t\t\t\t\t<\/div>\n\n\t<\/p>\n<p><\/div>\n<p data-start=\"0\" data-end=\"102\">Aimes-tu ton Air Fryer mais as-tu l\u2019impression de tourner toujours en rond avec les m\u00eames recettes ?<\/p>\n<p data-start=\"104\" data-end=\"354\">En as-tu assez de faire d\u00e9filer des recettes sur un \u00e9cran de t\u00e9l\u00e9phone collant pendant que tu cuisines ? Souhaites-tu une source d\u2019inspiration que tu peux r\u00e9ellement tenir entre tes mains, tout en suivant facilement ton programme Weight Watchers\u00ae ?<\/p>\n<p data-start=\"356\" data-end=\"415\">Alors, nous avons cr\u00e9\u00e9 quelque chose de sp\u00e9cial pour toi.<\/p>\n<p data-start=\"417\" data-end=\"656\">Nous sommes fiers de te pr\u00e9senter notre nouvelle collection de <strong data-start=\"480\" data-end=\"522\">70 de nos recettes Air Fryer pr\u00e9f\u00e9r\u00e9es<\/strong>, r\u00e9unies dans un <strong data-start=\"540\" data-end=\"585\">livre de cuisine de haute qualit\u00e9<\/strong>. C\u2019est <strong data-start=\"593\" data-end=\"654\">le livre qui m\u00e9rite une place permanente dans ta cuisine.<\/strong><\/p>\n<div class=\"row align-middle\"  id=\"row-1792902434\">\n\n\t<div id=\"col-2090608333\" class=\"col medium-6 small-12 large-6\"  >\n\t\t\t\t<div class=\"col-inner\"  >\n\t\t\t\n\t\t\t\n<h3 data-start=\"0\" data-end=\"55\"><strong>Pourquoi tu vas adorer cette collection de recettes :<\/strong><\/h3>\n<ul>\n<li data-start=\"57\" data-end=\"346\"><strong data-start=\"57\" data-end=\"109\">Un plaisir pour la cuisine (et pour le ventre !)<\/strong><br data-start=\"109\" data-end=\"112\" \/>Ceci est bien plus qu\u2019une simple collection de recettes \u2014 c\u2019est une v\u00e9ritable exp\u00e9rience culinaire. D\u00e9couvre des plats inspirants, magnifiquement pr\u00e9sent\u00e9s, qui te donneront envie d\u2019essayer quelque chose de nouveau encore et encore.<\/li>\n<li data-start=\"348\" data-end=\"609\"><strong data-start=\"348\" data-end=\"383\">Saveur maximale, huile minimale<\/strong><br data-start=\"383\" data-end=\"386\" \/>D\u00e9couvre le secret de cette texture dor\u00e9e et croustillante irr\u00e9sistible que tu adores. Chaque recette est sp\u00e9cialement con\u00e7ue pour l\u2019Air Fryer, afin d\u2019obtenir un int\u00e9rieur tendre et juteux avec peu ou pas d\u2019huile ajout\u00e9e.<\/li>\n<li data-start=\"611\" data-end=\"918\"><strong data-start=\"611\" data-end=\"660\">Cr\u00e9\u00e9e pour ton programme (sans prise de t\u00eate)<\/strong><br data-start=\"660\" data-end=\"663\" \/>Fini les calculs compliqu\u00e9s. Chaque recette est \u00e9labor\u00e9e pour s\u2019adapter \u00e0 ton mode de vie sain et comprend des informations nutritionnelles compl\u00e8tes. Tu peux ainsi suivre ton programme facilement tout en pr\u00e9parant des repas que toute la famille aimera.<\/li>\n<li data-start=\"920\" data-end=\"1215\"><strong data-start=\"920\" data-end=\"958\">Des instructions claires pour tous<\/strong><br data-start=\"958\" data-end=\"961\" \/>Que tu sois un expert de l\u2019Air Fryer ou que tu viennes tout juste d\u2019en acheter un, cette collection est ton compagnon id\u00e9al. Nous te guidons pas \u00e0 pas avec des listes d\u2019ingr\u00e9dients pr\u00e9cises et des instructions simples pour r\u00e9ussir chaque plat \u00e0 coup s\u00fbr.<\/li>\n<\/ul>\n<p>\t\t<\/div>\n\t\t\t\t\t<\/div>\n\n\t<br \/>\n\n\t<div id=\"col-1710914964\" class=\"col medium-6 small-12 large-6\"  >\n\t\t\t\t<div class=\"col-inner text-center\"  >\n\t\t\t\n\t\t\t<\/p>\n\t<div class=\"img has-hover x md-x lg-x y md-y lg-y\" id=\"image_189623434\">\n\t\t\t\t\t\t\t\t<div class=\"img-inner dark\" >\n\t\t\t<img loading=\"lazy\" decoding=\"async\" width=\"622\" height=\"800\" src=\"https:\/\/mesrecettesww.com\/livres\/wp-content\/uploads\/2025\/10\/airfryer-ww-1-1194x1536-1-622x800.jpg\" class=\"attachment-large size-large\" alt=\"\" srcset=\"https:\/\/mesrecettesww.com\/livres\/wp-content\/uploads\/2025\/10\/airfryer-ww-1-1194x1536-1-622x800.jpg 622w, https:\/\/mesrecettesww.com\/livres\/wp-content\/uploads\/2025\/10\/airfryer-ww-1-1194x1536-1-311x400.jpg 311w, https:\/\/mesrecettesww.com\/livres\/wp-content\/uploads\/2025\/10\/airfryer-ww-1-1194x1536-1-768x988.jpg 768w, https:\/\/mesrecettesww.com\/livres\/wp-content\/uploads\/2025\/10\/airfryer-ww-1-1194x1536-1-600x772.jpg 600w, https:\/\/mesrecettesww.com\/livres\/wp-content\/uploads\/2025\/10\/airfryer-ww-1-1194x1536-1-47x60.jpg 47w, https:\/\/mesrecettesww.com\/livres\/wp-content\/uploads\/2025\/10\/airfryer-ww-1-1194x1536-1-70x90.jpg 70w, https:\/\/mesrecettesww.com\/livres\/wp-content\/uploads\/2025\/10\/airfryer-ww-1-1194x1536-1.jpg 1194w\" sizes=\"auto, (max-width: 622px) 100vw, 622px\" \/>\t\t\t\t\t\t\n\t\t\t\t\t<\/div>\n\t\t\t\t\t\t\t\t\n<style>\n#image_189623434 {\n  width: 91%;\n}\n<\/style>\n\t<\/div>\n\t\n<p>\t\t<\/div>\n\t\t\t\t\t<\/div>\n\n\t<\/p>\n<p><\/div><br \/>\n<div class=\"row align-middle\"  id=\"row-2105156524\"><\/p>\n\n\t<div id=\"col-552113020\" class=\"col medium-6 small-12 large-6\"  >\n\t\t\t\t<div class=\"col-inner\"  >\n\t\t\t\n\t\t\t\n<h3>Ce que tu trouveras dans ta nouvelle collection de recettes :<\/h3>\n<ul>\n<li data-start=\"65\" data-end=\"199\"><strong data-start=\"65\" data-end=\"92\">70 recettes inspirantes<\/strong> \u2013 Des petits-d\u00e9jeuners rapides et des d\u00e9jeuners copieux aux d\u00eeners impressionnants et aux en-cas malins.<\/li>\n<li data-start=\"201\" data-end=\"380\"><strong data-start=\"201\" data-end=\"231\">Astuces et conseils de pro<\/strong> \u2013 D\u00e9couvre comment tirer le meilleur parti de ton Air Fryer, quel que soit le mod\u00e8le, avec des recommandations pratiques pour planifier tes repas.<\/li>\n<li data-start=\"382\" data-end=\"527\"><strong data-start=\"382\" data-end=\"401\">Un cadeau id\u00e9al<\/strong> \u2013 Parfait pour toi ou pour quelqu\u2019un qui aime cuisiner avec son Air Fryer et cherche toujours de nouvelles id\u00e9es d\u00e9licieuses.<\/li>\n<\/ul>\n<p>\t\t<\/div>\n\t\t\t\t\t<\/div>\n\n\t<br \/>\n\n\t<div id=\"col-64785620\" class=\"col medium-6 small-12 large-6\"  >\n\t\t\t\t<div class=\"col-inner text-center\"  >\n\t\t\t\n\t\t\t<\/p>\n\t<div class=\"img has-hover x md-x lg-x y md-y lg-y\" id=\"image_2008294519\">\n\t\t\t\t\t\t\t\t<div class=\"img-inner dark\" >\n\t\t\t<img loading=\"lazy\" decoding=\"async\" width=\"534\" height=\"800\" src=\"https:\/\/mesrecettesww.com\/livres\/wp-content\/uploads\/2025\/10\/meal-planning-food-arrangement-1-534x800.jpg\" class=\"attachment-large size-large\" alt=\"\" srcset=\"https:\/\/mesrecettesww.com\/livres\/wp-content\/uploads\/2025\/10\/meal-planning-food-arrangement-1-534x800.jpg 534w, https:\/\/mesrecettesww.com\/livres\/wp-content\/uploads\/2025\/10\/meal-planning-food-arrangement-1-267x400.jpg 267w, https:\/\/mesrecettesww.com\/livres\/wp-content\/uploads\/2025\/10\/meal-planning-food-arrangement-1-768x1151.jpg 768w, https:\/\/mesrecettesww.com\/livres\/wp-content\/uploads\/2025\/10\/meal-planning-food-arrangement-1-1024x1536.jpg 1024w, https:\/\/mesrecettesww.com\/livres\/wp-content\/uploads\/2025\/10\/meal-planning-food-arrangement-1-1366x2048.jpg 1366w, https:\/\/mesrecettesww.com\/livres\/wp-content\/uploads\/2025\/10\/meal-planning-food-arrangement-1-600x900.jpg 600w, https:\/\/mesrecettesww.com\/livres\/wp-content\/uploads\/2025\/10\/meal-planning-food-arrangement-1-40x60.jpg 40w, https:\/\/mesrecettesww.com\/livres\/wp-content\/uploads\/2025\/10\/meal-planning-food-arrangement-1-60x90.jpg 60w, https:\/\/mesrecettesww.com\/livres\/wp-content\/uploads\/2025\/10\/meal-planning-food-arrangement-1.jpg 1534w\" sizes=\"auto, (max-width: 534px) 100vw, 534px\" \/>\t\t\t\t\t\t\n\t\t\t\t\t<\/div>\n\t\t\t\t\t\t\t\t\n<style>\n#image_2008294519 {\n  width: 71%;\n}\n<\/style>\n\t<\/div>\n\t\n<p>\t\t<\/div>\n\t\t\t\t\t<\/div>\n\n\t<\/p>\n<p><\/div>\n<h2>Es-tu pr\u00eat(e) \u00e0 faire passer ta cuisine \u00e0 l\u2019Air Fryer \u00e0 un niveau plus sain et plus d\u00e9licieux ?<\/h2>\n<a href=\"https:\/\/mesrecettesww.com\/livres\/?add-to-cart=13625\" target=\"_self\" class=\"button primary is-large\"  >\n    <span>Oui, je souhaite commander mon livre de recettes imprim\u00e9 !<\/span>\n  <\/a>\n\n<div class=\"container section-title-container\" ><h3 class=\"section-title section-title-center\"><b><\/b><span class=\"section-title-main\" >Ce que les gens disent de ce livre<\/span><b><\/b><\/h3><\/div>\n<div class=\"row\"  id=\"row-1833724184\"><\/p>\n<p>\n\t<div id=\"col-46345371\" class=\"col medium-4 small-12 large-4\"  >\n\t\t\t\t<div class=\"col-inner\"  >\n\t\t\t\n\t\t\t<\/p>\n<p>  <div class=\"icon-box testimonial-box icon-box-center text-center\">\n                <div class=\"icon-box-img testimonial-image circle\" style=\"width: 80px\">\n              <img loading=\"lazy\" decoding=\"async\" width=\"280\" height=\"280\" src=\"https:\/\/mesrecettesww.com\/livres\/wp-content\/uploads\/2025\/10\/avatar-icon-280x280-1.png\" class=\"attachment-thumbnail size-thumbnail\" alt=\"\" srcset=\"https:\/\/mesrecettesww.com\/livres\/wp-content\/uploads\/2025\/10\/avatar-icon-280x280-1.png 280w, https:\/\/mesrecettesww.com\/livres\/wp-content\/uploads\/2025\/10\/avatar-icon-280x280-1-100x100.png 100w, https:\/\/mesrecettesww.com\/livres\/wp-content\/uploads\/2025\/10\/avatar-icon-280x280-1-60x60.png 60w, https:\/\/mesrecettesww.com\/livres\/wp-content\/uploads\/2025\/10\/avatar-icon-280x280-1-90x90.png 90w\" sizes=\"auto, (max-width: 280px) 100vw, 280px\" \/>        <\/div>\n                <div class=\"icon-box-text p-last-0\">\n          <div class=\"star-rating\"><span style=\"width:100%\"><strong class=\"rating\"><\/strong><\/span><\/div>  \t\t\t\t<div class=\"testimonial-text line-height-small italic test_text first-reset last-reset is-italic\">\n            <\/p>\n<p>Je suis absolument ravie ! Depuis que j\u2019ai d\u00e9couvert cette collection, mon Air Fryer ne s\u2019arr\u00eate plus de tourner. Les recettes sont vari\u00e9es, faciles \u00e0 suivre et tellement savoureuses ! J\u2019adore le fait qu\u2019il y ait des options pour tous les moments de la journ\u00e9e \u2014 du petit-d\u00e9jeuner l\u00e9ger aux d\u00eeners plus gourmands. Ce que j\u2019aime le plus, c\u2019est que m\u00eame sans passer des heures en cuisine, j\u2019obtiens toujours des plats croustillants et parfaitement cuits. Ma famille est conquise, et moi aussi !<\/p>\n<p>          <\/div>\n          <div class=\"testimonial-meta pt-half\">\n             <strong class=\"testimonial-name test_name\">Sara L.<\/strong>\n             <span class=\"testimonial-name-divider\"> \/ <\/span>             <span class=\"testimonial-company test_company\">Facebook<\/span>\n          <\/div>\n        <\/div>\n  <\/div>\n\n  <\/p>\n<p>\t\t<\/div>\n\t\t\t\t\t<\/div>\n\n\t<br \/>\n\n\t<div id=\"col-929712243\" class=\"col medium-4 small-12 large-4\"  >\n\t\t\t\t<div class=\"col-inner\"  >\n\t\t\t\n\t\t\t<\/p>\n<p>  <div class=\"icon-box testimonial-box icon-box-center text-center\">\n                <div class=\"icon-box-img testimonial-image circle\" style=\"width: 80px\">\n              <img loading=\"lazy\" decoding=\"async\" width=\"280\" height=\"280\" src=\"https:\/\/mesrecettesww.com\/livres\/wp-content\/uploads\/2025\/10\/avatar-icon-280x280-1.png\" class=\"attachment-thumbnail size-thumbnail\" alt=\"\" srcset=\"https:\/\/mesrecettesww.com\/livres\/wp-content\/uploads\/2025\/10\/avatar-icon-280x280-1.png 280w, https:\/\/mesrecettesww.com\/livres\/wp-content\/uploads\/2025\/10\/avatar-icon-280x280-1-100x100.png 100w, https:\/\/mesrecettesww.com\/livres\/wp-content\/uploads\/2025\/10\/avatar-icon-280x280-1-60x60.png 60w, https:\/\/mesrecettesww.com\/livres\/wp-content\/uploads\/2025\/10\/avatar-icon-280x280-1-90x90.png 90w\" sizes=\"auto, (max-width: 280px) 100vw, 280px\" \/>        <\/div>\n                <div class=\"icon-box-text p-last-0\">\n          <div class=\"star-rating\"><span style=\"width:100%\"><strong class=\"rating\"><\/strong><\/span><\/div>  \t\t\t\t<div class=\"testimonial-text line-height-small italic test_text first-reset last-reset is-italic\">\n            <\/p>\n<p>Franchement, un vrai coup de c\u0153ur ! J\u2019utilisais d\u00e9j\u00e0 mon Air Fryer, mais je tournais toujours avec les m\u00eames trois recettes\u2026 Gr\u00e2ce \u00e0 cette collection, j\u2019ai d\u00e9couvert plein de nouvelles id\u00e9es, \u00e9quilibr\u00e9es et pleines de go\u00fbt. Les instructions sont claires, les ingr\u00e9dients simples \u00e0 trouver, et les r\u00e9sultats sont bluffants. J\u2019aime aussi que chaque recette ait des infos nutritionnelles \u2014 \u00e7a m\u2019aide \u00e0 rester dans mon programme sans me priver du plaisir de bien manger. Je recommande \u00e0 100 % !<\/p>\n<p>          <\/div>\n          <div class=\"testimonial-meta pt-half\">\n             <strong class=\"testimonial-name test_name\">Sophie M.<\/strong>\n             <span class=\"testimonial-name-divider\"> \/ <\/span>             <span class=\"testimonial-company test_company\">Facebook<\/span>\n          <\/div>\n        <\/div>\n  <\/div>\n\n  <\/p>\n<p>\t\t<\/div>\n\t\t\t\t\t<\/div>\n\n\t<br \/>\n\n\t<div id=\"col-812262397\" class=\"col medium-4 small-12 large-4\"  >\n\t\t\t\t<div class=\"col-inner\"  >\n\t\t\t\n\t\t\t<\/p>\n<p>  <div class=\"icon-box testimonial-box icon-box-center text-center\">\n                <div class=\"icon-box-img testimonial-image circle\" style=\"width: 80px\">\n              <img loading=\"lazy\" decoding=\"async\" width=\"280\" height=\"280\" src=\"https:\/\/mesrecettesww.com\/livres\/wp-content\/uploads\/2025\/10\/avatar-icon-280x280-1.png\" class=\"attachment-thumbnail size-thumbnail\" alt=\"\" srcset=\"https:\/\/mesrecettesww.com\/livres\/wp-content\/uploads\/2025\/10\/avatar-icon-280x280-1.png 280w, https:\/\/mesrecettesww.com\/livres\/wp-content\/uploads\/2025\/10\/avatar-icon-280x280-1-100x100.png 100w, https:\/\/mesrecettesww.com\/livres\/wp-content\/uploads\/2025\/10\/avatar-icon-280x280-1-60x60.png 60w, https:\/\/mesrecettesww.com\/livres\/wp-content\/uploads\/2025\/10\/avatar-icon-280x280-1-90x90.png 90w\" sizes=\"auto, (max-width: 280px) 100vw, 280px\" \/>        <\/div>\n                <div class=\"icon-box-text p-last-0\">\n          <div class=\"star-rating\"><span style=\"width:100%\"><strong class=\"rating\"><\/strong><\/span><\/div>  \t\t\t\t<div class=\"testimonial-text line-height-small italic test_text first-reset last-reset is-italic\">\n            <\/p>\n<p>Je ne pensais pas que l\u2019Air Fryer pouvait offrir autant de possibilit\u00e9s ! Chaque recette que j\u2019ai test\u00e9e est un vrai succ\u00e8s : croustillante \u00e0 l\u2019ext\u00e9rieur, tendre \u00e0 l\u2019int\u00e9rieur, et toujours pleine de saveurs. Ce que j\u2019appr\u00e9cie particuli\u00e8rement, c\u2019est la diversit\u00e9 \u2014 il y a des plats pour tous les go\u00fbts et toutes les occasions. Les explications sont limpides, m\u00eame pour quelqu\u2019un qui d\u00e9bute. J\u2019ai repris go\u00fbt \u00e0 cuisiner gr\u00e2ce \u00e0 cette collection, et je me sens inspir\u00e9e chaque jour \u00e0 essayer quelque chose de nouveau.<\/p>\n<p>          <\/div>\n          <div class=\"testimonial-meta pt-half\">\n             <strong class=\"testimonial-name test_name\">Claire D.<\/strong>\n             <span class=\"testimonial-name-divider\"> \/ <\/span>             <span class=\"testimonial-company test_company\">Facebook<\/span>\n          <\/div>\n        <\/div>\n  <\/div>\n\n  <\/p>\n<p>\t\t<\/div>\n\t\t\t\t\t<\/div>\n\n\t<\/p>\n<p><\/div>\n","protected":false},"excerpt":{"rendered":"<p><strong><span style=\"color: #50b848;\">Le guide ultime WW\u00ae pour une cuisine saine \u00e0 la friteuse \u00e0 air (AirFryer)\u00a0: des recettes d\u00e9licieuses et nutritives pour toute la famille<\/span><\/strong><\/p>\n","protected":false},"featured_media":13626,"comment_status":"closed","ping_status":"closed","template":"","meta":{"_iconic_wsb_product_page_order_bump_ids":[[5787,13708,13937,12156]],"_sku":[],"_iconic_wsb_product_page_bump_modal_ids":[[]]},"product_brand":[],"product_cat":[70],"product_tag":[],"class_list":{"0":"post-13625","1":"product","2":"type-product","3":"status-publish","4":"has-post-thumbnail","6":"product_cat-livres-weight-watchers","8":"first","9":"instock","10":"sale","11":"downloadable","12":"virtual","13":"sold-individually","14":"taxable","15":"purchasable","16":"product-type-simple"},"_links":{"self":[{"href":"https:\/\/mesrecettesww.com\/livres\/wp-json\/wp\/v2\/product\/13625","targetHints":{"allow":["GET"]}}],"collection":[{"href":"https:\/\/mesrecettesww.com\/livres\/wp-json\/wp\/v2\/product"}],"about":[{"href":"https:\/\/mesrecettesww.com\/livres\/wp-json\/wp\/v2\/types\/product"}],"replies":[{"embeddable":true,"href":"https:\/\/mesrecettesww.com\/livres\/wp-json\/wp\/v2\/comments?post=13625"}],"wp:featuredmedia":[{"embeddable":true,"href":"https:\/\/mesrecettesww.com\/livres\/wp-json\/wp\/v2\/media\/13626"}],"wp:attachment":[{"href":"https:\/\/mesrecettesww.com\/livres\/wp-json\/wp\/v2\/media?parent=13625"}],"wp:term":[{"taxonomy":"product_brand","embeddable":true,"href":"https:\/\/mesrecettesww.com\/livres\/wp-json\/wp\/v2\/product_brand?post=13625"},{"taxonomy":"product_cat","embeddable":true,"href":"https:\/\/mesrecettesww.com\/livres\/wp-json\/wp\/v2\/product_cat?post=13625"},{"taxonomy":"product_tag","embeddable":true,"href":"https:\/\/mesrecettesww.com\/livres\/wp-json\/wp\/v2\/product_tag?post=13625"}],"curies":[{"name":"wp","href":"https:\/\/api.w.org\/{rel}","templated":true}]}}