{"id":12156,"date":"2025-03-12T00:36:47","date_gmt":"2025-03-12T00:36:47","guid":{"rendered":"https:\/\/mesrecettesww.com\/livres\/?post_type=product&#038;p=12156"},"modified":"2025-12-29T21:14:45","modified_gmt":"2025-12-29T21:14:45","slug":"recettes-zero-point-weight-watchers-2","status":"publish","type":"product","link":"https:\/\/mesrecettesww.com\/livres\/product\/recettes-zero-point-weight-watchers-2\/","title":{"rendered":"Recettes Zero Point Weight Watchers"},"content":{"rendered":"<h3><strong>Recettes Zero Point Weight Watchers \u2013 Le livre essentiel pour une vie saine !<\/strong><\/h3>\n<p>\u00cates-vous pr\u00eat \u00e0 r\u00e9volutionner votre fa\u00e7on de manger sainement ? Avec <em>Recettes Zero Point Weight Watchers<\/em>, dites adieu au comptage des calories et profitez de repas d\u00e9licieux et sans culpabilit\u00e9. Que vous soyez un adepte de longue date du programme Weight Watchers\u00ae ou que vous d\u00e9butiez, ce livre de recettes est con\u00e7u pour rendre la perte de poids plus simple, agr\u00e9able et durable.<\/p>\n<h3><strong>Pourquoi cette version est sp\u00e9ciale ?<\/strong><\/h3>\n<p>Cette \u00e9dition am\u00e9lior\u00e9e de <em>Recettes Zero Point Weight Watchers<\/em> vous propose <strong>de magnifiques photographies en couleur<\/strong> pour chaque recette, vous offrant ainsi une source d\u2019inspiration visuelle pour vos repas. De plus, nous avons inclus en <strong>bonus exclusif une liste compl\u00e8te des aliments \u00e0 z\u00e9ro point<\/strong>, afin de vous aider \u00e0 faire des choix plus sains au quotidien, en toute libert\u00e9.<\/p>\n<h3><strong>Une nouvelle fa\u00e7on de manger, de se faire plaisir et de perdre du poids<\/strong><\/h3>\n<p>Dans ce livre, d\u00e9couvrez <strong>70 recettes vari\u00e9es et savoureuses<\/strong>, \u00e9labor\u00e9es avec soin pour respecter le syst\u00e8me <strong>ZeroPoint Weight Watchers\u00ae<\/strong>. Vous pourrez savourer des repas rassasiants sans ajouter un seul point \u00e0 votre quota quotidien. Que ce soit pour le petit-d\u00e9jeuner, le d\u00e9jeuner, le d\u00eener ou m\u00eame les collations et desserts, ces recettes conviennent \u00e0 toutes les pr\u00e9f\u00e9rences alimentaires et styles de vie.<\/p>\n<h4><strong>Ce que vous allez trouver :<\/strong><\/h4>\n<p>\ud83e\udd57 <strong>Salades color\u00e9es et rafra\u00eechissantes<\/strong> : Salade m\u00e9diterran\u00e9enne aux pois chiches, Salade \u00e9pic\u00e9e mangue et concombre.<br \/>\n\ud83e\udd63 <strong>Soupes r\u00e9confortantes et nutritives<\/strong> : Velout\u00e9 de chou-fleur cr\u00e9meux, Rago\u00fbt rustique aux lentilles.<br \/>\n\ud83c\udf57 <strong>Prot\u00e9ines savoureuses<\/strong> : Brochettes de poulet grill\u00e9 aux \u00e9pices, Saumon citronn\u00e9 aux herbes.<br \/>\n\ud83c\udf4e <strong>Gourmandises sans culpabilit\u00e9<\/strong> : Parfait au yaourt grec et fruits rouges, Compote de pommes \u00e0 la cannelle sans sucre.<\/p>\n<p>Chaque recette est accompagn\u00e9e d\u2019une <strong>photo de haute qualit\u00e9<\/strong>, pour vous guider et vous inspirer en cuisine.<\/p>\n<div class=\"row align-middle\"  id=\"row-68579797\"><\/p>\n<p>\n\t<div id=\"col-740878250\" class=\"col medium-6 small-12 large-6\"  >\n\t\t\t\t<div class=\"col-inner\"  >\n\t\t\t\n\t\t\t<\/p>\n<p>\t<div class=\"img has-hover x md-x lg-x y md-y lg-y\" id=\"image_904267080\">\n\t\t\t\t\t\t\t\t<div class=\"img-inner dark\" >\n\t\t\t<img loading=\"lazy\" decoding=\"async\" width=\"800\" height=\"800\" src=\"https:\/\/mesrecettesww.com\/livres\/wp-content\/uploads\/2025\/03\/zero-point-ww-recettes-800x800.jpg\" class=\"attachment-large size-large\" alt=\"\" srcset=\"https:\/\/mesrecettesww.com\/livres\/wp-content\/uploads\/2025\/03\/zero-point-ww-recettes-800x800.jpg 800w, https:\/\/mesrecettesww.com\/livres\/wp-content\/uploads\/2025\/03\/zero-point-ww-recettes-400x400.jpg 400w, https:\/\/mesrecettesww.com\/livres\/wp-content\/uploads\/2025\/03\/zero-point-ww-recettes-280x280.jpg 280w, https:\/\/mesrecettesww.com\/livres\/wp-content\/uploads\/2025\/03\/zero-point-ww-recettes-768x768.jpg 768w, https:\/\/mesrecettesww.com\/livres\/wp-content\/uploads\/2025\/03\/zero-point-ww-recettes-300x300.jpg 300w, https:\/\/mesrecettesww.com\/livres\/wp-content\/uploads\/2025\/03\/zero-point-ww-recettes-600x600.jpg 600w, https:\/\/mesrecettesww.com\/livres\/wp-content\/uploads\/2025\/03\/zero-point-ww-recettes-100x100.jpg 100w, https:\/\/mesrecettesww.com\/livres\/wp-content\/uploads\/2025\/03\/zero-point-ww-recettes-60x60.jpg 60w, https:\/\/mesrecettesww.com\/livres\/wp-content\/uploads\/2025\/03\/zero-point-ww-recettes-90x90.jpg 90w, https:\/\/mesrecettesww.com\/livres\/wp-content\/uploads\/2025\/03\/zero-point-ww-recettes.jpg 1500w\" sizes=\"auto, (max-width: 800px) 100vw, 800px\" \/>\t\t\t\t\t\t\n\t\t\t\t\t<\/div>\n\t\t\t\t\t\t\t\t\n<style>\n#image_904267080 {\n  width: 100%;\n}\n<\/style>\n\t<\/div>\n\t<\/p>\n<p>\t\t<\/div>\n\t\t\t\t\t<\/div>\n\n\t<br \/>\n\n\t<div id=\"col-1476843446\" class=\"col medium-6 small-12 large-6\"  >\n\t\t\t\t<div class=\"col-inner\"  >\n\t\t\t\n\t\t\t<\/p>\n<h3><strong>Bien plus qu\u2019un simple livre de recettes<\/strong><\/h3>\n<p><em>Recettes Zero Point Weight Watchers<\/em> ne se limite pas \u00e0 la cuisine : c\u2019est un v\u00e9ritable guide pour <strong>reprendre le contr\u00f4le de votre alimentation et adopter un mode de vie plus sain<\/strong>. En plus des recettes, vous d\u00e9couvrirez :<\/p>\n<p>\u2705 <strong>Des astuces de substitution d\u2019ingr\u00e9dients<\/strong> : Pour all\u00e9ger vos plats pr\u00e9f\u00e9r\u00e9s sans sacrifier la saveur.<br \/>\n\u2705 <strong>Des conseils sur le contr\u00f4le des portions<\/strong> : Pour savourer vos repas tout en maintenant un \u00e9quilibre alimentaire.<br \/>\n\u2705 <strong>Des pratiques d\u2019alimentation consciente<\/strong> : Apprenez \u00e0 appr\u00e9cier chaque bouch\u00e9e et \u00e0 mieux \u00e9couter votre corps.<\/p>\n<p>\t\t<\/div>\n\t\t\t\t\t<\/div>\n\n\t<\/p>\n<p><\/div>\n<h3><strong>\ud83c\udf81 Bonus exclusif : La liste compl\u00e8te des aliments \u00e0 z\u00e9ro point !<\/strong><\/h3>\n<p>En compl\u00e9ment de ce livre, nous avons inclus <strong>une liste d\u00e9taill\u00e9e des aliments \u00e0 z\u00e9ro point<\/strong>, votre alli\u00e9e id\u00e9ale pour comprendre et utiliser les aliments que vous pouvez consommer librement dans le programme Weight Watchers\u00ae. Des fruits et l\u00e9gumes aux prot\u00e9ines maigres et l\u00e9gumineuses, cette liste vous aidera \u00e0 composer des repas \u00e0 la fois d\u00e9licieux et compatibles avec vos objectifs de perte de poids.<\/p>\n<h3><strong>Pourquoi ce livre va changer votre vie ?<\/strong><\/h3>\n<p><em>Recettes Zero Point Weight Watchers<\/em> est bien plus qu\u2019un simple recueil de recettes. C\u2019est un outil qui vous aidera \u00e0 transformer votre alimentation et \u00e0 atteindre vos objectifs sans frustration. Voici ce qui le rend unique :<\/p>\n<p>\ud83d\udcf8 <strong>Une forte valeur visuelle<\/strong> : Chaque recette est illustr\u00e9e par une superbe photo, pour vous inspirer et vous guider en cuisine.<br \/>\n\ud83d\udc69\u200d\ud83c\udf73 <strong>Des recettes faciles et accessibles<\/strong> : Des instructions claires et d\u00e9taill\u00e9es pour cuisiner sans prise de t\u00eate.<br \/>\n\ud83e\udd57 <strong>Une alimentation durable<\/strong> : En int\u00e9grant davantage d\u2019aliments \u00e0 z\u00e9ro point, perdre du poids devient plus simple et naturel.<br \/>\n\ud83d\udd25 <strong>Un regain de motivation<\/strong> : D\u00e9couvrez le plaisir de cuisiner et de manger sainement, sans sacrifier le go\u00fbt ni le plaisir.<\/p>\n<h3><strong>Prenez le premier pas vers une meilleure alimentation !<\/strong><\/h3>\n<p>Il est temps de <strong>red\u00e9finir votre fa\u00e7on de manger sainement<\/strong>. Avec <em>Recettes Zero Point Weight Watchers<\/em>, concoctez des plats qui nourrissent votre corps et ravissent vos papilles \u2013 tout en restant align\u00e9 avec vos objectifs de perte de poids.<\/p>\n<p>Plongez d\u00e8s maintenant dans l\u2019univers des <strong>recettes z\u00e9ro point<\/strong> et d\u00e9couvrez \u00e0 quel point une alimentation saine peut \u00eatre <strong>d\u00e9licieuse, vari\u00e9e et lib\u00e9ratrice<\/strong>. Gr\u00e2ce \u00e0 des recettes gourmandes, des conseils pr\u00e9cieux et la <strong>liste bonus des aliments \u00e0 z\u00e9ro point<\/strong>, ce livre sera votre alli\u00e9 id\u00e9al vers une vie plus \u00e9quilibr\u00e9e et heureuse.<\/p>\n<p>\ud83d\udcd6 <strong>Ne perdez plus de temps \u2013 commandez d\u00e8s maintenant votre exemplaire de Recettes Zero Point Weight Watchers !<\/strong><\/p>\n<p>\ud83d\udccc <strong>Avis important<\/strong> : Les marques et noms commerciaux mentionn\u00e9s dans ce livre sont la propri\u00e9t\u00e9 exclusive de leurs d\u00e9tenteurs respectifs. Aucune affiliation ou approbation de Weight Watchers\u00ae n\u2019est implicite ou revendiqu\u00e9e.<\/p>\n<div class=\"row align-equal row-box-shadow-2 row-box-shadow-5-hover\"  id=\"row-236390808\">\n\n\t<div id=\"col-1284763114\" class=\"col medium-4 small-12 large-4\"  >\n\t\t\t\t<div class=\"col-inner\"  >\n\t\t\t\n\t\t\t\n  <div class=\"icon-box testimonial-box icon-box-center text-center\">\n                <div class=\"icon-box-img testimonial-image circle\" style=\"width: 121px\">\n                      <\/div>\n                <div class=\"icon-box-text p-last-0\">\n          <div class=\"star-rating\"><span style=\"width:100%\"><strong class=\"rating\"><\/strong><\/span><\/div>  \t\t\t\t<div class=\"testimonial-text line-height-small italic test_text first-reset last-reset is-italic\">\n            <\/p>\n<p>\u00ab\u00a0Ce livre est une vraie r\u00e9v\u00e9lation ! Les recettes sont simples, d\u00e9licieuses et parfaitement adapt\u00e9es au programme Weight Watchers\u00ae. J\u2019adore le fait qu\u2019il y ait une photo pour chaque plat, \u00e7a donne encore plus envie de cuisiner !\u00a0\u00bb<\/p>\n<p>          <\/div>\n          <div class=\"testimonial-meta pt-half\">\n             <strong class=\"testimonial-name test_name\">Sophie L.<\/strong>\n             <span class=\"testimonial-name-divider\"> \/ <\/span>             <span class=\"testimonial-company test_company\">Achat Verifi\u00e9<\/span>\n          <\/div>\n        <\/div>\n  <\/div>\n\n  \n<p>\t\t<\/div>\n\t\t\t\t\t<\/div>\n\n\t<br \/>\n\n\t<div id=\"col-1840559160\" class=\"col medium-4 small-12 large-4\"  >\n\t\t\t\t<div class=\"col-inner\"  >\n\t\t\t\n\t\t\t<\/p>\n  <div class=\"icon-box testimonial-box icon-box-center text-center\">\n                <div class=\"icon-box-img testimonial-image circle\" style=\"width: 121px\">\n                      <\/div>\n                <div class=\"icon-box-text p-last-0\">\n          <div class=\"star-rating\"><span style=\"width:100%\"><strong class=\"rating\"><\/strong><\/span><\/div>  \t\t\t\t<div class=\"testimonial-text line-height-small italic test_text first-reset last-reset is-italic\">\n            <\/p>\n<p>\u00ab\u00a0Enfin un livre de recettes qui rend la perte de poids agr\u00e9able ! Les plats sont vari\u00e9s et savoureux, et je ne me sens jamais priv\u00e9e. La liste des aliments \u00e0 z\u00e9ro point est un vrai bonus qui m\u2019aide au quotidien.\u00a0\u00bb<\/p>\n<p>          <\/div>\n          <div class=\"testimonial-meta pt-half\">\n             <strong class=\"testimonial-name test_name\">Mark Jance<\/strong>\n             <span class=\"testimonial-name-divider\"> \/ <\/span>             <span class=\"testimonial-company test_company\">Achat Verifi\u00e9<\/span>\n          <\/div>\n        <\/div>\n  <\/div>\n\n  \n<p>\t\t<\/div>\n\t\t\t\t\t<\/div>\n\n\t<br \/>\n\n\t<div id=\"col-1072333902\" class=\"col medium-4 small-12 large-4\"  >\n\t\t\t\t<div class=\"col-inner\"  >\n\t\t\t\n\t\t\t<\/p>\n  <div class=\"icon-box testimonial-box icon-box-center text-center\">\n                <div class=\"icon-box-img testimonial-image circle\" style=\"width: 121px\">\n                      <\/div>\n                <div class=\"icon-box-text p-last-0\">\n          <div class=\"star-rating\"><span style=\"width:100%\"><strong class=\"rating\"><\/strong><\/span><\/div>  \t\t\t\t<div class=\"testimonial-text line-height-small italic test_text first-reset last-reset is-italic\">\n            <\/p>\n<p>\u00ab\u00a0J\u2019ai essay\u00e9 plusieurs recettes et elles sont toutes excellentes ! Faciles \u00e0 pr\u00e9parer et surtout tr\u00e8s rassasiantes. Ce livre m\u2019aide \u00e9norm\u00e9ment \u00e0 garder le cap sur mes objectifs sans frustration.\u00a0\u00bb<\/p>\n<p>          <\/div>\n          <div class=\"testimonial-meta pt-half\">\n             <strong class=\"testimonial-name test_name\">Emma D.<\/strong>\n             <span class=\"testimonial-name-divider\"> \/ <\/span>             <span class=\"testimonial-company test_company\">Achat Verifi\u00e9<\/span>\n          <\/div>\n        <\/div>\n  <\/div>\n\n  \n<p>\t\t<\/div>\n\t\t\t\t\t<\/div>\n\n\t<\/p>\n<p>\n<style>\n#row-236390808 > .col > .col-inner {\n  padding: 30px 30px 30px 30px;\n}\n<\/style>\n<\/div><br \/>\n<div class=\"row align-equal row-box-shadow-2 row-box-shadow-5-hover\"  id=\"row-214331685\"><\/p>\n\n\t<div id=\"col-1955341221\" class=\"col medium-4 small-12 large-4\"  >\n\t\t\t\t<div class=\"col-inner\"  >\n\t\t\t\n\t\t\t\n  <div class=\"icon-box testimonial-box icon-box-center text-center\">\n                <div class=\"icon-box-img testimonial-image circle\" style=\"width: 121px\">\n                      <\/div>\n                <div class=\"icon-box-text p-last-0\">\n          <div class=\"star-rating\"><span style=\"width:100%\"><strong class=\"rating\"><\/strong><\/span><\/div>  \t\t\t\t<div class=\"testimonial-text line-height-small italic test_text first-reset last-reset is-italic\">\n            <\/p>\n<p>\u00ab\u00a0Je recommande ce livre \u00e0 toutes celles qui veulent manger sainement sans se compliquer la vie. Les instructions sont claires, les ingr\u00e9dients simples et le go\u00fbt est toujours au rendez-vous. Un indispensable !\u00a0\u00bb<\/p>\n<p>          <\/div>\n          <div class=\"testimonial-meta pt-half\">\n             <strong class=\"testimonial-name test_name\">Isabelle T.<\/strong>\n             <span class=\"testimonial-name-divider\"> \/ <\/span>             <span class=\"testimonial-company test_company\">Achat Verifi\u00e9<\/span>\n          <\/div>\n        <\/div>\n  <\/div>\n\n  \n<p>\t\t<\/div>\n\t\t\t\t\t<\/div>\n\n\t<br \/>\n\n\t<div id=\"col-843360315\" class=\"col medium-4 small-12 large-4\"  >\n\t\t\t\t<div class=\"col-inner\"  >\n\t\t\t\n\t\t\t<\/p>\n  <div class=\"icon-box testimonial-box icon-box-center text-center\">\n                <div class=\"icon-box-img testimonial-image circle\" style=\"width: 121px\">\n                      <\/div>\n                <div class=\"icon-box-text p-last-0\">\n          <div class=\"star-rating\"><span style=\"width:100%\"><strong class=\"rating\"><\/strong><\/span><\/div>  \t\t\t\t<div class=\"testimonial-text line-height-small italic test_text first-reset last-reset is-italic\">\n            <\/p>\n<p>\u00ab\u00a0Un vrai coup de c\u0153ur ! Gr\u00e2ce \u00e0 ce livre, je d\u00e9couvre de nouvelles saveurs et je prends plaisir \u00e0 cuisiner. En plus, voir les photos m\u2019aide \u00e0 mieux visualiser les recettes et \u00e0 me motiver.\u00a0\u00bb<\/p>\n<p>          <\/div>\n          <div class=\"testimonial-meta pt-half\">\n             <strong class=\"testimonial-name test_name\">Camille B.<\/strong>\n             <span class=\"testimonial-name-divider\"> \/ <\/span>             <span class=\"testimonial-company test_company\">Achat Verifi\u00e9<\/span>\n          <\/div>\n        <\/div>\n  <\/div>\n\n  \n<p>\t\t<\/div>\n\t\t\t\t\t<\/div>\n\n\t<br \/>\n\n\t<div id=\"col-2002129146\" class=\"col medium-4 small-12 large-4\"  >\n\t\t\t\t<div class=\"col-inner\"  >\n\t\t\t\n\t\t\t<\/p>\n  <div class=\"icon-box testimonial-box icon-box-center text-center\">\n                <div class=\"icon-box-img testimonial-image circle\" style=\"width: 121px\">\n                      <\/div>\n                <div class=\"icon-box-text p-last-0\">\n          <div class=\"star-rating\"><span style=\"width:100%\"><strong class=\"rating\"><\/strong><\/span><\/div>  \t\t\t\t<div class=\"testimonial-text line-height-small italic test_text first-reset last-reset is-italic\">\n            <\/p>\n<p>\u00ab\u00a0J\u2019adore ce livre ! Il m\u2019a aid\u00e9e \u00e0 mieux organiser mes repas tout en restant fid\u00e8le au programme Weight Watchers\u00ae. Chaque recette est une r\u00e9ussite, et le fait de ne pas compter de points est un vrai soulagement !\u00a0\u00bb<\/p>\n<p>          <\/div>\n          <div class=\"testimonial-meta pt-half\">\n             <strong class=\"testimonial-name test_name\">Nathalie R.<\/strong>\n             <span class=\"testimonial-name-divider\"> \/ <\/span>             <span class=\"testimonial-company test_company\">Achat Verifi\u00e9<\/span>\n          <\/div>\n        <\/div>\n  <\/div>\n\n  \n<p>\t\t<\/div>\n\t\t\t\t\t<\/div>\n\n\t<\/p>\n<p>\n<style>\n#row-214331685 > .col > .col-inner {\n  padding: 30px 30px 30px 30px;\n}\n<\/style>\n<\/div>\n<p style=\"text-align: center;\"><a data-animate=\"fadeInLeft\" href=\"https:\/\/mesrecettesww.com\/?add-to-cart=12156\" target=\"_self\" class=\"button secondary is-secondary is-large\"  >\n    <span>Ajouter au panier<\/span>\n  <i class=\"icon-angle-right\" ><\/i><\/a>\n<\/p>\n","protected":false},"excerpt":{"rendered":"<p><strong><span style=\"color: #00a859;\">Mangez sans compter, savourez chaque bouch\u00e9e ! 70 recettes Zero Point pour une perte de poids sans frustration !<\/span><\/strong><\/p>\n","protected":false},"featured_media":12157,"comment_status":"closed","ping_status":"closed","template":"","meta":{"_iconic_wsb_product_page_order_bump_ids":[[5787,13937,9002]],"_sku":[],"_iconic_wsb_product_page_bump_modal_ids":[[]]},"product_brand":[],"product_cat":[70],"product_tag":[],"class_list":{"0":"post-12156","1":"product","2":"type-product","3":"status-publish","4":"has-post-thumbnail","6":"product_cat-livres-weight-watchers","8":"first","9":"instock","10":"sale","11":"downloadable","12":"virtual","13":"sold-individually","14":"taxable","15":"purchasable","16":"product-type-simple"},"_links":{"self":[{"href":"https:\/\/mesrecettesww.com\/livres\/wp-json\/wp\/v2\/product\/12156","targetHints":{"allow":["GET"]}}],"collection":[{"href":"https:\/\/mesrecettesww.com\/livres\/wp-json\/wp\/v2\/product"}],"about":[{"href":"https:\/\/mesrecettesww.com\/livres\/wp-json\/wp\/v2\/types\/product"}],"replies":[{"embeddable":true,"href":"https:\/\/mesrecettesww.com\/livres\/wp-json\/wp\/v2\/comments?post=12156"}],"wp:featuredmedia":[{"embeddable":true,"href":"https:\/\/mesrecettesww.com\/livres\/wp-json\/wp\/v2\/media\/12157"}],"wp:attachment":[{"href":"https:\/\/mesrecettesww.com\/livres\/wp-json\/wp\/v2\/media?parent=12156"}],"wp:term":[{"taxonomy":"product_brand","embeddable":true,"href":"https:\/\/mesrecettesww.com\/livres\/wp-json\/wp\/v2\/product_brand?post=12156"},{"taxonomy":"product_cat","embeddable":true,"href":"https:\/\/mesrecettesww.com\/livres\/wp-json\/wp\/v2\/product_cat?post=12156"},{"taxonomy":"product_tag","embeddable":true,"href":"https:\/\/mesrecettesww.com\/livres\/wp-json\/wp\/v2\/product_tag?post=12156"}],"curies":[{"name":"wp","href":"https:\/\/api.w.org\/{rel}","templated":true}]}}