{"id":11758,"date":"2025-02-12T20:13:32","date_gmt":"2025-02-12T20:13:32","guid":{"rendered":"https:\/\/mesrecettesww.com\/livres\/?post_type=product&#038;p=11758"},"modified":"2025-12-29T21:15:05","modified_gmt":"2025-12-29T21:15:05","slug":"plan-de-repas-weight-watchers-sur-28-jours","status":"publish","type":"product","link":"https:\/\/mesrecettesww.com\/livres\/product\/plan-de-repas-weight-watchers-sur-28-jours\/","title":{"rendered":"Plan de repas Weight Watchers\u00ae sur 28 jours"},"content":{"rendered":"<h2>Transformez votre mode de vie d\u00e8s aujourd\u2019hui avec le Plan de Repas Weight Watchers\u00ae de 28 Jours<\/h2>\n<p class=\"lead\"><span style=\"color: #282828;\">Vous en avez assez du stress li\u00e9 \u00e0 la planification des repas et des r\u00e9gimes compliqu\u00e9s ? Il est temps de reprendre le contr\u00f4le de votre sant\u00e9 et de dire oui \u00e0 une alimentation \u00e9quilibr\u00e9e et savoureuse ! <\/span><\/p>\n<p class=\"lead\"><span style=\"color: #282828;\">\ud83d\udcd6 Votre guide ultime pour une perte de poids efficace et un mode de vie sain Ce livre combine les principes \u00e9prouv\u00e9s de Weight Watchers\u00ae avec un programme de repas simple et pratique. <\/span><\/p>\n<p class=\"lead\"><strong><span style=\"color: #282828;\">En seulement 28 jours, d\u00e9couvrez comment adopter une alimentation \u00e9quilibr\u00e9e sans frustration ni privation.<\/span><\/strong><\/p>\n<div class=\"row align-middle\"  id=\"row-2016053817\"><\/p>\n<p>\n\t<div id=\"col-1491840030\" class=\"col medium-6 small-12 large-6\"  >\n\t\t\t\t<div class=\"col-inner\"  >\n\t\t\t\n\t\t\t<\/p>\n<h3>\ud83c\udf1f Ce que vous trouverez dans ce livre :<\/h3>\n<p data-start=\"760\" data-end=\"927\">\u2705 <strong data-start=\"762\" data-end=\"804\">28 jours de repas \u00e9quilibr\u00e9s et vari\u00e9s<\/strong> \u2013 Fini le casse-t\u00eate des repas ! Profitez d\u2019un programme clair, con\u00e7u pour vous aider \u00e0 manger sainement et sans stress.<\/p>\n<p data-start=\"929\" data-end=\"1147\">\u2705 <strong data-start=\"931\" data-end=\"966\">Recettes faciles et d\u00e9licieuses<\/strong> \u2013 Du <strong data-start=\"972\" data-end=\"999\">petit-d\u00e9jeuner au d\u00eener<\/strong>, en passant par des collations gourmandes, chaque recette est adapt\u00e9e au syst\u00e8me de points <strong data-start=\"1091\" data-end=\"1111\">Weight Watchers\u00ae<\/strong> pour une perte de poids efficace.<\/p>\n<p data-start=\"1149\" data-end=\"1323\">\u2705 <strong data-start=\"1151\" data-end=\"1177\">Flexibilit\u00e9 et plaisir<\/strong> \u2013 Pas question d\u2019\u00e9liminer vos plats pr\u00e9f\u00e9r\u00e9s ! Apprenez \u00e0 <strong data-start=\"1236\" data-end=\"1273\">g\u00e9rer vos portions intelligemment<\/strong> tout en vous faisant plaisir de temps en temps.<\/p>\n<p data-start=\"1325\" data-end=\"1475\">\u2705 <strong data-start=\"1327\" data-end=\"1352\">Soutien et motivation<\/strong> \u2013 Rejoignez une communaut\u00e9 inspirante et partagez votre parcours avec d\u2019autres personnes engag\u00e9es dans la m\u00eame d\u00e9marche.<\/p>\n<p data-start=\"1477\" data-end=\"1642\">\u2705 <strong data-start=\"1479\" data-end=\"1503\">Un bien-\u00eatre durable<\/strong> \u2013 Ce n\u2019est pas juste un r\u00e9gime, mais <strong data-start=\"1541\" data-end=\"1559\">un mode de vie<\/strong> ! Apprenez \u00e0 cr\u00e9er des habitudes saines qui vous accompagneront toute votre vie.<\/p>\n<p>\t\t<\/div>\n\t\t\t\t\t<\/div>\n\n\t<br \/>\n\n\t<div id=\"col-1194794841\" class=\"col medium-6 small-12 large-6\"  >\n\t\t\t\t<div class=\"col-inner\"  >\n\t\t\t\n\t\t\t<\/p>\n<p>\t<div class=\"img has-hover x md-x lg-x y md-y lg-y\" id=\"image_1596024040\">\n\t\t\t\t\t\t\t\t<div class=\"img-inner dark\" >\n\t\t\t<img loading=\"lazy\" decoding=\"async\" width=\"800\" height=\"800\" src=\"https:\/\/mesrecettesww.com\/livres\/wp-content\/uploads\/2025\/02\/Plan-de-repas-Weight-Watchers\u00ae-sur-28-jours-800x800.jpg\" class=\"attachment-large size-large\" alt=\"\" srcset=\"https:\/\/mesrecettesww.com\/livres\/wp-content\/uploads\/2025\/02\/Plan-de-repas-Weight-Watchers\u00ae-sur-28-jours-800x800.jpg 800w, https:\/\/mesrecettesww.com\/livres\/wp-content\/uploads\/2025\/02\/Plan-de-repas-Weight-Watchers\u00ae-sur-28-jours-400x400.jpg 400w, https:\/\/mesrecettesww.com\/livres\/wp-content\/uploads\/2025\/02\/Plan-de-repas-Weight-Watchers\u00ae-sur-28-jours-280x280.jpg 280w, https:\/\/mesrecettesww.com\/livres\/wp-content\/uploads\/2025\/02\/Plan-de-repas-Weight-Watchers\u00ae-sur-28-jours-768x768.jpg 768w, https:\/\/mesrecettesww.com\/livres\/wp-content\/uploads\/2025\/02\/Plan-de-repas-Weight-Watchers\u00ae-sur-28-jours-300x300.jpg 300w, https:\/\/mesrecettesww.com\/livres\/wp-content\/uploads\/2025\/02\/Plan-de-repas-Weight-Watchers\u00ae-sur-28-jours-600x600.jpg 600w, https:\/\/mesrecettesww.com\/livres\/wp-content\/uploads\/2025\/02\/Plan-de-repas-Weight-Watchers\u00ae-sur-28-jours-100x100.jpg 100w, https:\/\/mesrecettesww.com\/livres\/wp-content\/uploads\/2025\/02\/Plan-de-repas-Weight-Watchers\u00ae-sur-28-jours-60x60.jpg 60w, https:\/\/mesrecettesww.com\/livres\/wp-content\/uploads\/2025\/02\/Plan-de-repas-Weight-Watchers\u00ae-sur-28-jours-90x90.jpg 90w, https:\/\/mesrecettesww.com\/livres\/wp-content\/uploads\/2025\/02\/Plan-de-repas-Weight-Watchers\u00ae-sur-28-jours.jpg 1500w\" sizes=\"auto, (max-width: 800px) 100vw, 800px\" \/>\t\t\t\t\t\t\n\t\t\t\t\t<\/div>\n\t\t\t\t\t\t\t\t\n<style>\n#image_1596024040 {\n  width: 100%;\n}\n<\/style>\n\t<\/div>\n\t<\/p>\n<p>\t\t<\/div>\n\t\t\t\t\t<\/div>\n\n\t<\/p>\n<p><\/div>\n<blockquote><p>\ud83d\udca1 <strong data-start=\"1647\" data-end=\"1690\">Faites le premier pas d\u00e8s aujourd\u2019hui !<\/strong><br data-start=\"1690\" data-end=\"1693\" \/>Ne remettez plus votre bien-\u00eatre \u00e0 plus tard. <strong data-start=\"1739\" data-end=\"1767\">Commandez d\u00e8s maintenant<\/strong> le <strong data-start=\"1771\" data-end=\"1817\">Plan de Repas Weight Watchers\u00ae de 28 Jours<\/strong> et commencez votre transformation vers une vie plus saine et plus heureuse.<\/p><\/blockquote>\n<blockquote><p>\ud83d\udc49 Votre nouvelle vie commence ici !<\/p><\/blockquote>\n<p><center><br \/>\n<a href=\"https:\/\/mesrecettesww.com\/livres\/?add-to-cart=11758\" target=\"_self\" class=\"button alert is-alert is-medium\"  >\n    <span>Exclusivit\u00e9 en ligne : non disponible en magasin<\/span>\n  <\/a>\n<\/center><center><\/center><br \/>\n<div class=\"container section-title-container\" style=\"margin-top:28px;\"><h3 class=\"section-title section-title-center\"><b><\/b><span class=\"section-title-main\" >Ce que les gens disent de ce livre<\/span><b><\/b><\/h3><\/div>\n<div class=\"row\"  id=\"row-73825037\"><\/p>\n<p>\n\t<div id=\"col-881263958\" class=\"col medium-1\/3 large-4\"  >\n\t\t\t\t<div class=\"col-inner\"  >\n\t\t\t\n\t\t\t<\/p>\n<p>  <div class=\"icon-box testimonial-box icon-box-left text-left\">\n                <div class=\"icon-box-img testimonial-image circle\" style=\"width: 80px\">\n              <img decoding=\"async\" src=\"http:\/\/mesrecettesww.com\/livres\/wp-content\/uploads\/2021\/08\/user-avatar.png\" alt=\"Sophie L.\" \/>        <\/div>\n                <div class=\"icon-box-text p-last-0\">\n          <div class=\"star-rating\"><span style=\"width:100%\"><strong class=\"rating\"><\/strong><\/span><\/div>  \t\t\t\t<div class=\"testimonial-text line-height-small italic test_text first-reset last-reset is-italic\">\n            <\/p>\n<p>J\u2019ai toujours eu du mal \u00e0 planifier mes repas tout en respectant mon r\u00e9gime, mais ce livre m\u2019a <strong data-start=\"136\" data-end=\"171\">compl\u00e8tement simplifi\u00e9 la t\u00e2che<\/strong> ! Les recettes sont vari\u00e9es, faciles \u00e0 pr\u00e9parer et surtout d\u00e9licieuses. En seulement quelques semaines, j\u2019ai perdu du poids <strong data-start=\"296\" data-end=\"316\">sans frustration<\/strong>. Je recommande \u00e0 100 % !<\/p>\n<p>          <\/div>\n          <div class=\"testimonial-meta pt-half\">\n             <strong class=\"testimonial-name test_name\">Sophie L.<\/strong>\n                          <span class=\"testimonial-company test_company\"><\/span>\n          <\/div>\n        <\/div>\n  <\/div>\n\n  <\/p>\n<p>\t\t<\/div>\n\t\t\t\t\t<\/div>\n\n\t<br \/>\n\n\t<div id=\"col-2114027831\" class=\"col medium-1\/3 large-4\"  >\n\t\t\t\t<div class=\"col-inner\"  >\n\t\t\t\n\t\t\t<\/p>\n<p>  <div class=\"icon-box testimonial-box icon-box-left text-left\">\n                <div class=\"icon-box-img testimonial-image circle\" style=\"width: 80px\">\n              <img decoding=\"async\" src=\"http:\/\/mesrecettesww.com\/livres\/wp-content\/uploads\/2021\/08\/user-avatar.png\" alt=\"Sara D.\" \/>        <\/div>\n                <div class=\"icon-box-text p-last-0\">\n          <div class=\"star-rating\"><span style=\"width:100%\"><strong class=\"rating\"><\/strong><\/span><\/div>  \t\t\t\t<div class=\"testimonial-text line-height-small italic test_text first-reset last-reset is-italic\">\n            <\/p>\n<div class=\"testimonial-text line-height-small italic test_text first-reset last-reset is-italic\">Ce guide est exactement ce dont j\u2019avais besoin. Les <strong data-start=\"478\" data-end=\"516\">28 jours de menus sont bien pens\u00e9s<\/strong>, avec des recettes gourmandes et saines. J\u2019aime particuli\u00e8rement la flexibilit\u00e9 qui me permet d\u2019adapter les plats selon mes envies. Un vrai plus pour garder la motivation et ne pas se lasser.<\/div>\n<p>          <\/div>\n          <div class=\"testimonial-meta pt-half\">\n             <strong class=\"testimonial-name test_name\">Sara D.<\/strong>\n                          <span class=\"testimonial-company test_company\"><\/span>\n          <\/div>\n        <\/div>\n  <\/div>\n\n  <\/p>\n<p>\t\t<\/div>\n\t\t\t\t\t<\/div>\n\n\t<br \/>\n\n\t<div id=\"col-462758376\" class=\"col medium-1\/3 large-4\"  >\n\t\t\t\t<div class=\"col-inner\"  >\n\t\t\t\n\t\t\t<\/p>\n<p>  <div class=\"icon-box testimonial-box icon-box-left text-left\">\n                <div class=\"icon-box-img testimonial-image circle\" style=\"width: 80px\">\n              <img decoding=\"async\" src=\"http:\/\/mesrecettesww.com\/livres\/wp-content\/uploads\/2021\/08\/user-avatar.png\" alt=\"Isabelle R.\" \/>        <\/div>\n                <div class=\"icon-box-text p-last-0\">\n          <div class=\"star-rating\"><span style=\"width:100%\"><strong class=\"rating\"><\/strong><\/span><\/div>  \t\t\t\t<div class=\"testimonial-text line-height-small italic test_text first-reset last-reset is-italic\">\n            <\/p>\n<p>Je ne pensais pas qu\u2019un simple livre de recettes pouvait autant m\u2019aider dans ma perte de poids. Gr\u00e2ce \u00e0 ce programme, je mange mieux, je me sens plus en forme et <strong data-start=\"933\" data-end=\"978\">je vois d\u00e9j\u00e0 des r\u00e9sultats sur la balance<\/strong>. Le format est clair, pratique et motivant. <strong data-start=\"1023\" data-end=\"1070\">Un excellent investissement pour sa sant\u00e9 !<\/strong><\/p>\n<p>          <\/div>\n          <div class=\"testimonial-meta pt-half\">\n             <strong class=\"testimonial-name test_name\">Isabelle R.<\/strong>\n                          <span class=\"testimonial-company test_company\"><\/span>\n          <\/div>\n        <\/div>\n  <\/div>\n\n  <\/p>\n<p>\t\t<\/div>\n\t\t\t\t\t<\/div>\n\n\t<\/p>\n<p><\/div>\n<p style=\"text-align: center;\"><a data-animate=\"fadeInLeft\" href=\"https:\/\/mesrecettesww.com\/livres\/?add-to-cart=11758\" target=\"_self\" class=\"button secondary is-secondary is-large\"  >\n    <span>Ajouter au panier<\/span>\n  <i class=\"icon-angle-right\" ><\/i><\/a>\n<\/p>\n<p data-start=\"0\" data-end=\"211\"><strong data-start=\"0\" data-end=\"22\">Mentions l\u00e9gales :<\/strong> Ce livre est une publication ind\u00e9pendante et n\u2019est en aucun cas affili\u00e9 au groupe Weight Watchers\u00ae. <strong data-start=\"123\" data-end=\"143\">Weight Watchers\u00ae<\/strong> est une marque d\u00e9pos\u00e9e de <strong data-start=\"170\" data-end=\"209\">Weight Watchers International, Inc.<\/strong><\/p>\n<p data-start=\"213\" data-end=\"450\" data-is-last-node=\"\">Les recettes pr\u00e9sent\u00e9es dans cet ouvrage ne sont ni contr\u00f4l\u00e9es, ni approuv\u00e9es, ni recommand\u00e9es par Weight Watchers\u00ae ou par tout autre groupe. Ce livre ne r\u00e9alise aucune d\u00e9monstration, promotion, achat ou vente au nom d\u2019une entit\u00e9 tierce.<\/p>\n","protected":false},"excerpt":{"rendered":"<p><strong><span style=\"color: #ed1c24;\">Simplifiez votre quotidien d\u00e8s aujourd\u2019hui ! Adoptez ce plan de repas sur un mois et dites adieu au stress de la planification des repas.\u00a0<\/span><\/strong><\/p>\n","protected":false},"featured_media":11760,"comment_status":"closed","ping_status":"closed","template":"","meta":{"_iconic_wsb_product_page_order_bump_ids":[[5787,12156,13937]],"_sku":[],"_iconic_wsb_product_page_bump_modal_ids":[[]]},"product_brand":[],"product_cat":[76,70],"product_tag":[],"class_list":{"0":"post-11758","1":"product","2":"type-product","3":"status-publish","4":"has-post-thumbnail","6":"product_cat-livre-perte-de-poids","7":"product_cat-livres-weight-watchers","9":"first","10":"instock","11":"downloadable","12":"virtual","13":"sold-individually","14":"taxable","15":"purchasable","16":"product-type-simple"},"_links":{"self":[{"href":"https:\/\/mesrecettesww.com\/livres\/wp-json\/wp\/v2\/product\/11758","targetHints":{"allow":["GET"]}}],"collection":[{"href":"https:\/\/mesrecettesww.com\/livres\/wp-json\/wp\/v2\/product"}],"about":[{"href":"https:\/\/mesrecettesww.com\/livres\/wp-json\/wp\/v2\/types\/product"}],"replies":[{"embeddable":true,"href":"https:\/\/mesrecettesww.com\/livres\/wp-json\/wp\/v2\/comments?post=11758"}],"wp:featuredmedia":[{"embeddable":true,"href":"https:\/\/mesrecettesww.com\/livres\/wp-json\/wp\/v2\/media\/11760"}],"wp:attachment":[{"href":"https:\/\/mesrecettesww.com\/livres\/wp-json\/wp\/v2\/media?parent=11758"}],"wp:term":[{"taxonomy":"product_brand","embeddable":true,"href":"https:\/\/mesrecettesww.com\/livres\/wp-json\/wp\/v2\/product_brand?post=11758"},{"taxonomy":"product_cat","embeddable":true,"href":"https:\/\/mesrecettesww.com\/livres\/wp-json\/wp\/v2\/product_cat?post=11758"},{"taxonomy":"product_tag","embeddable":true,"href":"https:\/\/mesrecettesww.com\/livres\/wp-json\/wp\/v2\/product_tag?post=11758"}],"curies":[{"name":"wp","href":"https:\/\/api.w.org\/{rel}","templated":true}]}}