{"id":8995,"date":"2024-07-02T23:35:28","date_gmt":"2024-07-02T23:35:28","guid":{"rendered":"http:\/\/mesrecettesww.com\/livres\/?page_id=8995"},"modified":"2026-02-20T15:22:03","modified_gmt":"2026-02-20T15:22:03","slug":"politique-de-retour-et-de-remboursement","status":"publish","type":"page","link":"https:\/\/mesrecettesww.com\/livres\/politique-de-retour-et-de-remboursement\/","title":{"rendered":"Politique de retour et de remboursement"},"content":{"rendered":"<h2>Politique de retour et de remboursement<\/h2>\n<div><\/div>\n<div>Nous nous engageons \u00e0 proposer des livres de cuisine num\u00e9riques de haute qualit\u00e9 pour am\u00e9liorer votre exp\u00e9rience culinaire. Nous comprenons l&rsquo;importance de la clart\u00e9 dans nos politiques et nous souhaitons vous informer de notre politique de retour et de remboursement pour nos produits num\u00e9riques.<\/div>\n<ul>\n<li><strong>Aucune exp\u00e9dition impliqu\u00e9e :<\/strong> Puisque nos produits sont des livres de cuisine num\u00e9riques, aucune exp\u00e9dition physique n\u2019est impliqu\u00e9e. Vous recevrez un acc\u00e8s instantan\u00e9 \u00e0 vos livres de recettes num\u00e9riques achet\u00e9s une fois votre achat termin\u00e9.<\/li>\n<li><strong>Droit de r\u00e9tractation :<\/strong> En tant que client, vous disposez d&rsquo;un droit de r\u00e9tractation de 14 jours \u00e0 compter de la date d&rsquo;achat. Une fois achet\u00e9 et t\u00e9l\u00e9charg\u00e9, un produit num\u00e9rique ne peut \u00eatre ni repris ni \u00e9chang\u00e9. Cette politique vise \u00e0 garantir la protection des droits de propri\u00e9t\u00e9 intellectuelle et la qualit\u00e9 de nos produits.<\/li>\n<li><strong>Probl\u00e8mes de t\u00e9l\u00e9chargement :<\/strong> si vous rencontrez des probl\u00e8mes ou des difficult\u00e9s techniques lors du t\u00e9l\u00e9chargement de votre ou vos livres de recettes num\u00e9riques, veuillez contacter notre \u00e9quipe d&rsquo;assistance client au <a href=\"http:\/\/mesrecettesww.com\/livres\/contactez-nous\/\">[support client].<\/a> Nous sommes l\u00e0 pour vous aider et garantir que vous recevez rapidement le produit que vous avez achet\u00e9.<\/li>\n<li><strong>Assistance produit :<\/strong> pour toute question ou pr\u00e9occupation concernant le contenu ou les fonctionnalit\u00e9s de votre livre de recettes num\u00e9rique, notre \u00e9quipe d&rsquo;assistance client est disponible pour vous aider. Nous nous engageons \u00e0 assurer votre satisfaction avec nos produits.<\/li>\n<li><strong>Modifications apport\u00e9es aux produits :<\/strong> dans les rares cas o\u00f9 nous effectuons des mises \u00e0 jour ou des modifications \u00e0 un livre de recettes num\u00e9rique que vous avez pr\u00e9c\u00e9demment achet\u00e9, vous aurez droit \u00e0 un t\u00e9l\u00e9chargement gratuit de la version mise \u00e0 jour. Nous vous informerons de ces mises \u00e0 jour via l&rsquo;adresse e-mail que vous avez fournie lors de l&rsquo;achat.<\/li>\n<li><strong>S\u00e9curit\u00e9 et confidentialit\u00e9 :<\/strong> Nous prenons au s\u00e9rieux la s\u00e9curit\u00e9 et la confidentialit\u00e9 de vos informations personnelles. Soyez assur\u00e9 que vos informations sont prot\u00e9g\u00e9es conform\u00e9ment \u00e0 notre politique de confidentialit\u00e9, que vous pouvez consulter sur notre site Web.<\/li>\n<\/ul>\n<div><\/div>\n<div>Nous appr\u00e9cions votre compr\u00e9hension de notre politique de retour et de remboursement pour les livres de cuisine num\u00e9riques. Si vous avez d&rsquo;autres questions ou avez besoin d&rsquo;informations suppl\u00e9mentaires, n&rsquo;h\u00e9sitez pas \u00e0 nous contacter \u00e0 partir d&rsquo;ici.<\/div>\n","protected":false},"excerpt":{"rendered":"<p>Politique de retour et de remboursement Nous nous engageons \u00e0 proposer des livres de cuisine num\u00e9riques de haute qualit\u00e9 pour am\u00e9liorer votre exp\u00e9rience culinaire. Nous comprenons l&rsquo;importance de la clart\u00e9 dans nos politiques et nous souhaitons vous informer de notre politique de retour et de remboursement pour nos produits num\u00e9riques. Aucune exp\u00e9dition impliqu\u00e9e : Puisque [&#8230;]\n","protected":false},"author":1,"featured_media":0,"parent":0,"menu_order":0,"comment_status":"closed","ping_status":"closed","template":"","meta":{"footnotes":""},"class_list":["post-8995","page","type-page","status-publish","hentry"],"_links":{"self":[{"href":"https:\/\/mesrecettesww.com\/livres\/wp-json\/wp\/v2\/pages\/8995","targetHints":{"allow":["GET"]}}],"collection":[{"href":"https:\/\/mesrecettesww.com\/livres\/wp-json\/wp\/v2\/pages"}],"about":[{"href":"https:\/\/mesrecettesww.com\/livres\/wp-json\/wp\/v2\/types\/page"}],"author":[{"embeddable":true,"href":"https:\/\/mesrecettesww.com\/livres\/wp-json\/wp\/v2\/users\/1"}],"replies":[{"embeddable":true,"href":"https:\/\/mesrecettesww.com\/livres\/wp-json\/wp\/v2\/comments?post=8995"}],"version-history":[{"count":6,"href":"https:\/\/mesrecettesww.com\/livres\/wp-json\/wp\/v2\/pages\/8995\/revisions"}],"predecessor-version":[{"id":15114,"href":"https:\/\/mesrecettesww.com\/livres\/wp-json\/wp\/v2\/pages\/8995\/revisions\/15114"}],"wp:attachment":[{"href":"https:\/\/mesrecettesww.com\/livres\/wp-json\/wp\/v2\/media?parent=8995"}],"curies":[{"name":"wp","href":"https:\/\/api.w.org\/{rel}","templated":true}]}}