{"id":295,"date":"2021-08-11T20:27:05","date_gmt":"2021-08-11T20:27:05","guid":{"rendered":"http:\/\/mesrecettesww.com\/livres\/?page_id=295"},"modified":"2021-08-11T20:28:57","modified_gmt":"2021-08-11T20:28:57","slug":"securite","status":"publish","type":"page","link":"https:\/\/mesrecettesww.com\/livres\/securite\/","title":{"rendered":"S\u00e9curit\u00e9"},"content":{"rendered":"<p><strong>Quels sont les modes de paiement accept\u00e9s ?<\/strong><\/p>\n<ul>\n<li>Visa<\/li>\n<li>Carte Bleue<\/li>\n<li>MasterCard<\/li>\n<li>American Express<\/li>\n<li>Paypal<\/li>\n<\/ul>\n<p><b>Nous garantissons que toutes vos transactions effectu\u00e9es sur notre site sont enti\u00e8rement s\u00e9curitaires<\/b>.<\/p>\n<p>Les informations transmises sont encrypt\u00e9es et ne peuvent \u00eatre lues durant le transfert \u00e0 votre institution financi\u00e8re.<\/p>\n<p>Vous pouvez donc inscrire vos nom, adresse compl\u00e8te et num\u00e9ro de carte de cr\u00e9dit en toute s\u00e9curit\u00e9.<\/p>\n<p><strong>S\u00e9curit\u00e9 des paiements<\/strong><br \/>\n<strong><span style=\"color: #50b848;\">MesRecettesWW<\/span><\/strong> s\u2019est associ\u00e9 avec<strong><span style=\"color: #50b848;\"> Stripe et PayPal <\/span><\/strong>dans le but d\u2019offrir une solution de paiement s\u00e9curis\u00e9.<\/p>\n<p>Nous utilisons le protocole de chiffrement <strong><span style=\"color: #50b848;\">SSL<\/span><\/strong>, standard de l\u2019industrie, qui prot\u00e8ge vos informations personnelles lorsque vous effectuez une commande via notre site internet.<\/p>\n<p>&nbsp;<\/p>\n","protected":false},"excerpt":{"rendered":"<p>Quels sont les modes de paiement accept\u00e9s ? Visa Carte Bleue MasterCard American Express Paypal Nous garantissons que toutes vos transactions effectu\u00e9es sur notre site sont enti\u00e8rement s\u00e9curitaires. Les informations transmises sont encrypt\u00e9es et ne peuvent \u00eatre lues durant le transfert \u00e0 votre institution financi\u00e8re. Vous pouvez donc inscrire vos nom, adresse compl\u00e8te et num\u00e9ro [&#8230;]\n","protected":false},"author":1,"featured_media":0,"parent":0,"menu_order":0,"comment_status":"closed","ping_status":"closed","template":"","meta":{"footnotes":""},"class_list":["post-295","page","type-page","status-publish","hentry"],"_links":{"self":[{"href":"https:\/\/mesrecettesww.com\/livres\/wp-json\/wp\/v2\/pages\/295","targetHints":{"allow":["GET"]}}],"collection":[{"href":"https:\/\/mesrecettesww.com\/livres\/wp-json\/wp\/v2\/pages"}],"about":[{"href":"https:\/\/mesrecettesww.com\/livres\/wp-json\/wp\/v2\/types\/page"}],"author":[{"embeddable":true,"href":"https:\/\/mesrecettesww.com\/livres\/wp-json\/wp\/v2\/users\/1"}],"replies":[{"embeddable":true,"href":"https:\/\/mesrecettesww.com\/livres\/wp-json\/wp\/v2\/comments?post=295"}],"version-history":[{"count":2,"href":"https:\/\/mesrecettesww.com\/livres\/wp-json\/wp\/v2\/pages\/295\/revisions"}],"predecessor-version":[{"id":298,"href":"https:\/\/mesrecettesww.com\/livres\/wp-json\/wp\/v2\/pages\/295\/revisions\/298"}],"wp:attachment":[{"href":"https:\/\/mesrecettesww.com\/livres\/wp-json\/wp\/v2\/media?parent=295"}],"curies":[{"name":"wp","href":"https:\/\/api.w.org\/{rel}","templated":true}]}}