{"id":288,"date":"2021-08-11T20:19:45","date_gmt":"2021-08-11T20:19:45","guid":{"rendered":"http:\/\/mesrecettesww.com\/livres\/?page_id=288"},"modified":"2026-02-20T15:20:05","modified_gmt":"2026-02-20T15:20:05","slug":"conditions-generales-de-vente","status":"publish","type":"page","link":"https:\/\/mesrecettesww.com\/livres\/conditions-generales-de-vente\/","title":{"rendered":"Conditions g\u00e9n\u00e9rales de vente"},"content":{"rendered":"<h4 style=\"text-align: center;\"><span style=\"font-size: 130%; color: #00a859;\"><strong>Conditions g\u00e9n\u00e9rales de vente<\/strong><\/span><\/h4>\n<h4><strong><span style=\"color: #50b848;\">Article 1 \u2013 Objet<\/span><\/strong><\/h4>\n<ul>\n<li>Les pr\u00e9sentes conditions r\u00e9gissent les produits commercialis\u00e9s appartient et exploit\u00e9 par la soci\u00e9t\u00e9 MesRecettesWW.<\/li>\n<li>Les termes \u00ab nous \u00bb, \u00ab notre \u00bb, \u00ab nos \u00bb et \u00abMesRecettesWW Livres\u00bb font r\u00e9f\u00e9rence \u00e0 la soci\u00e9t\u00e9 MesRecettesWW et \u00e0 nos sites internet.<\/li>\n<li>Le terme \u00ab vous \u00bb fait r\u00e9f\u00e9rence au client qui visite le site.<\/li>\n<\/ul>\n<p><strong><span style=\"color: #50b848;\">Article 2 : Activit\u00e9 de la boutique :<\/span><br \/>\n<\/strong><\/p>\n<p>Vente en ligne de livres num\u00e9riques sous format PDF.<\/p>\n<p><strong><span style=\"color: #50b848;\">Article 3 : Envois et exp\u00e9ditions :<\/span><br \/>\n<\/strong><\/p>\n<p>La pr\u00e9paration des commandes est r\u00e9alis\u00e9e de fa\u00e7on automatique par courriel.<\/p>\n<p><strong><span style=\"color: #50b848;\">Article 4 : Prise et Validation de votre commande :<\/span><br \/>\n<\/strong><\/p>\n<p>&#8211; Les commandes s\u2019effectuent sur Internet uniquement \u00e0 l\u2019adresse : http:\/\/mesrecettesww.com\/livres\/<br \/>\n&#8211; La commande est prise en compte et trait\u00e9e \u00e0 la r\u00e9ception du r\u00e8glement par Carte Bancaire \/ Paypal<br \/>\n&#8211; D\u00e9s la fin du paiement, Paypal notifie le paiement et notre syst\u00e8me envoie imm\u00e9diatement un email avec une adresse internet, un identifiant et un mot de passe pour acc\u00e9der \u00e0 votre produit.<br \/>\n&#8211; Les livres ne sont pas fournis sous le format papier.<\/p>\n<p>&#8211; Toute confirmation de commande sur le site Internet http:\/\/mesrecettesww.com\/livres\/ entra\u00eene votre adh\u00e9sion pleine et enti\u00e8re aux pr\u00e9sentes conditions g\u00e9n\u00e9rales de vente, sans exception ni r\u00e9serve.<\/p>\n<p>&#8211; L\u2019ensemble des donn\u00e9es fournies et la confirmation enregistr\u00e9e vaudront preuve de la transaction.<\/p>\n<p>&#8211; Vous d\u00e9clarez en avoir parfaite connaissance.<\/p>\n<p>&#8211; La confirmation de commande vaudra signature et acceptation des op\u00e9rations effectu\u00e9es.<\/p>\n<p>&#8211; Un r\u00e9capitulatif des informations de votre commande vous sera communiqu\u00e9 via l\u2019adresse e-mail de confirmation de votre commande.<\/p>\n<p><strong><span style=\"color: #50b848;\">Article 5: Prix catalogue :<\/span><br \/>\n<\/strong><\/p>\n<p>Les prix mentionn\u00e9s dans la boutique sont valables au moment de leur consultation par le client. Les prix factur\u00e9s sont ceux en vigueur au moment de la commande. Ils sont exprim\u00e9s en Euros.<\/p>\n<p><span style=\"color: #50b848;\"><strong>Article 6 : Modes de r\u00e8glements accept\u00e9s :<\/strong><\/span><\/p>\n<ul>\n<li>Le r\u00e8glement de vos achats s\u2019effectue par carte bancaire ou avec la solution Paypal.<\/li>\n<li>Pour un r\u00e8glement par carte bancaire, le d\u00e9bit de la carte est effectu\u00e9 au moment de la validation de votre commande.<\/li>\n<\/ul>\n<p><span style=\"color: #50b848;\"><strong>Article 7 : Droit de r\u00e9tractation et remboursement :<\/strong><\/span><\/p>\n<p>En tant que client, vous disposez d\u2019un droit de r\u00e9tractation de 14 jours \u00e0 compter de la date d\u2019achat.<\/p>\n<h4><strong><span style=\"color: #50b848;\">Article 8 : Donn\u00e9es personnelles :<\/span><\/strong><\/h4>\n<ul>\n<li>La soci\u00e9t\u00e9 MesRecettesWW se r\u00e9serve le droit de collecter les informations nominatives et les donn\u00e9es personnelles vous concernant. Elles sont n\u00e9cessaires \u00e0 la gestion de votre commande, ainsi qu\u2019\u00e0 l\u2019am\u00e9lioration des services et des informations que nous vous adressons.<\/li>\n<li>Elles peuvent aussi \u00eatre transmises aux soci\u00e9t\u00e9s qui contribuent \u00e0 ces relations, telles que celles charg\u00e9es de l\u2019ex\u00e9cution des services et commandes pour leur gestion, ex\u00e9cution, traitement et paiement.<\/li>\n<li>Ces informations et donn\u00e9es sont \u00e9galement conserv\u00e9es \u00e0 des fins de s\u00e9curit\u00e9, afin de respecter les obligations l\u00e9gales et r\u00e9glementaires.<\/li>\n<li>Vous disposez d\u2019un droit d\u2019acc\u00e8s, de rectification et d\u2019opposition aux informations nominatives et aux donn\u00e9es personnelles vous concernant, directement sur le site Internet.<\/li>\n<li>Pour plus d&rsquo;information, <a href=\"http:\/\/mesrecettesww.com\/livres\/politique-de-confidentialite\/\">Consultez notre politique de protection des donn\u00e9es.<\/a><\/li>\n<\/ul>\n<p>&nbsp;<\/p>\n","protected":false},"excerpt":{"rendered":"<p>Conditions g\u00e9n\u00e9rales de vente Article 1 \u2013 Objet Les pr\u00e9sentes conditions r\u00e9gissent les produits commercialis\u00e9s appartient et exploit\u00e9 par la soci\u00e9t\u00e9 MesRecettesWW. Les termes \u00ab nous \u00bb, \u00ab notre \u00bb, \u00ab nos \u00bb et \u00abMesRecettesWW Livres\u00bb font r\u00e9f\u00e9rence \u00e0 la soci\u00e9t\u00e9 MesRecettesWW et \u00e0 nos sites internet. Le terme \u00ab vous \u00bb fait r\u00e9f\u00e9rence au [&#8230;]\n","protected":false},"author":1,"featured_media":0,"parent":0,"menu_order":0,"comment_status":"closed","ping_status":"closed","template":"","meta":{"footnotes":""},"class_list":["post-288","page","type-page","status-publish","hentry"],"_links":{"self":[{"href":"https:\/\/mesrecettesww.com\/livres\/wp-json\/wp\/v2\/pages\/288","targetHints":{"allow":["GET"]}}],"collection":[{"href":"https:\/\/mesrecettesww.com\/livres\/wp-json\/wp\/v2\/pages"}],"about":[{"href":"https:\/\/mesrecettesww.com\/livres\/wp-json\/wp\/v2\/types\/page"}],"author":[{"embeddable":true,"href":"https:\/\/mesrecettesww.com\/livres\/wp-json\/wp\/v2\/users\/1"}],"replies":[{"embeddable":true,"href":"https:\/\/mesrecettesww.com\/livres\/wp-json\/wp\/v2\/comments?post=288"}],"version-history":[{"count":8,"href":"https:\/\/mesrecettesww.com\/livres\/wp-json\/wp\/v2\/pages\/288\/revisions"}],"predecessor-version":[{"id":15113,"href":"https:\/\/mesrecettesww.com\/livres\/wp-json\/wp\/v2\/pages\/288\/revisions\/15113"}],"wp:attachment":[{"href":"https:\/\/mesrecettesww.com\/livres\/wp-json\/wp\/v2\/media?parent=288"}],"curies":[{"name":"wp","href":"https:\/\/api.w.org\/{rel}","templated":true}]}}