{"id":285,"date":"2021-08-11T20:15:43","date_gmt":"2021-08-11T20:15:43","guid":{"rendered":"http:\/\/mesrecettesww.com\/livres\/?page_id=285"},"modified":"2021-08-11T20:16:34","modified_gmt":"2021-08-11T20:16:34","slug":"politique-de-confidentialite","status":"publish","type":"page","link":"https:\/\/mesrecettesww.com\/livres\/politique-de-confidentialite\/","title":{"rendered":"Politique de confidentialit\u00e9"},"content":{"rendered":"<div class=\"pw-hidden-cp\">\n<div class=\"pw-hidden-cp\">\n<p>Lors de votre navigation sur notre site, des cookies sont susceptibles d\u2019\u00eatre d\u00e9pos\u00e9s sur votre disque dur. Ces Cookies nous permettent ainsi qu\u2019\u00e0 nos partenaires d\u2019am\u00e9liorer au quotidien le service que nous vous rendons sur notre site.<\/p>\n<p>Un Cookie est un fichier teste qui enregistre les informations concernant votre navigation sur le site. Attention en aucun cas, le Cookie permet \u00e0 celui qui l\u2019a d\u00e9pos\u00e9 d\u2019obtenir des informations enregistr\u00e9es sur votre disque dur ou des informations personnelles. Il permet de vous reconna\u00eetre lorsque vous revenez sur notre site et nous permet de vous faciliter l\u2019utilisation du site<\/p>\n<p>Et c\u2019est pourquoi nous ne collectons et n\u2019utilisons de l\u2019information \u00e0 travers notre site Web que selon les m\u00e9thodes d\u00e9crites ci-dessous:<\/p>\n<\/div>\n<h3>Information personnelle identifiable :<\/h3>\n<p>MesRecettesWW ne collecte de l\u2019information personnelle identifiable qu\u2019avec votre accord et \u00e0 votre connaissance.<\/p>\n<p>Boutique MesRecettesWW utilise les services de paiement par carte de cr\u00e9dit des entreprises PAYPAL, STRIPE pour le traitement du paiement en ligne. Veuillez, s\u2019il vous pla\u00eet, visiter leurs sites Web pour de plus amples informations sur les politiques de confidentialit\u00e9 de ces entreprises.<\/p>\n<p>Lorsque vous ferez un achat via la Boutique MesRecettesWW, nous vous demanderons votre nom, votre prenom, votre adresse courriel et toute autre information n\u00e9cessaire au traitement et au suivi de votre commande. \u00c0 des fins de facturation, vous devrez \u00e9galement fournir un type de carte de cr\u00e9dit, un num\u00e9ro de carte, une date d\u2019expiration et une adresse de facturation li\u00e9e \u00e0 la carte.<\/p>\n<p>Boutique MesRecettesWW vous demandera aussi de cr\u00e9er un compte en fournissant une adresse courriel et en cr\u00e9ant un mot de passe unique, afin de pouvoir acc\u00e9der \u00e0 vos informations personnelles par la suite. La cr\u00e9ation d\u2019un compte permet \u00e0 Boutique MesRecettesWW de sauvegarder vos informations de facturation, de mani\u00e8re \u00e0 vous \u00e9viter de devoir entrer ces informations chaque fois que vous faites un achat sur le site. Pour des raisons de s\u00e9curit\u00e9 et de confidentialit\u00e9, les num\u00e9ros de carte de cr\u00e9dit ne sont pas sauvegard\u00e9s dans le syst\u00e8me de Boutique MesRecettesWW.<\/p>\n<p>Boutique MesRecettesWW collecte aussi votre nom et votre adresse courriel si vous vous enregistrez pour recevoir l\u2019infolettre \u00e9lectronique.<\/p>\n<h3>Information personnelle non identifiable :<\/h3>\n<p>Nous collectons aussi de l\u2019information personnelle non identifiable afin de nous permettre de mieux comprendre comment notre site Web est utilis\u00e9. \u00c0 chaque visite, de l\u2019information d\u2019usager est enregistr\u00e9e, cependant l\u2019adresse IP n\u2019est jamais sauvegard\u00e9e dans les param\u00e8tres d\u2019information personnelle identifiable. Les statistiques d\u2019utilisation sont enregistr\u00e9es de mani\u00e8re discr\u00e8te. Les fichiers de consignation sont des documents priv\u00e9s et sont principalement utilis\u00e9s par les administrateurs du serveur \u00e0 des fins d\u2019avis d\u2019erreur, d\u2019administration et d\u2019observation de la performance du site Web. Occasionnellement, des parties de ces fichiers de consignation peuvent \u00eatre vues \u00e0 des fins d\u2019administration du serveur, de s\u00e9curit\u00e9 ou lorsque requis par la loi.<\/p>\n<h3>Cookies :<\/h3>\n<p>Lorsque vous visitez Boutique MesRecettesWW, de petits fichiers textes connus sous le nom de \u00abcookies\u00bb peuvent \u00eatre sauvegard\u00e9s sur le disque dur de votre ordinateur. Nous personnalisons le contenu de certaines pages Web selon le type de fureteur que vous utilisez ou toute autre information fournie par notre cookie. Boutique MesRecettesWW n\u2019utilise pas ces cookies pour rechercher des informations personnelles dans votre ordinateur. Si vous rejetez le cookie, vous serez toujours capable de visiter notre site Web; cependant, il est possible que vous ne puissiez pas utiliser le site de Boutique MesRecettesWW pour acheter des cartes-cadeaux. Cela s\u2019explique par le fait que les cookies sont requis par le panier d\u2019achat pour retenir l\u2019information n\u00e9cessaire au traitement de votre commande.<\/p>\n<div class=\"pw-hidden-cp\">\n<h3 class=\"txtgrey6 fontLight\"><span class=\"title-text\">Propres cookies et cookies de tiers, collecte de donn\u00e9es d\u2019utilisation et services de web tracking<\/span><\/h3>\n<p class=\"mb20\">Attention, l\u2019\u00e9mission et l\u2019utilisation de cookies d\u00e9pos\u00e9s par tiers via notre site rel\u00e8ve de la politique de protection de la vie priv\u00e9e de ces derniers.<\/p>\n<div>\n<p>Pour rendre la visite de notre site plus attrayante et pour permettre l\u2019utilisation de certaines fonctions, telles que la fonction du panier, nous utilisons des cookies sur diff\u00e9rentes pages. Il s\u2019agit de fichiers de texte qui sont d\u00e9pos\u00e9s sur votre disque dur. La plupart des cookies que nous utilisons sont supprim\u00e9s de votre disque dur \u00e0 la fin de la session du navigateur (cookies de session). Les autres cookies restent sur votre ordinateur pour nous permettre de reconna\u00eetre votre ordinateur lors de votre prochaine visite (cookies permanents). Pour des raisons de s\u00e9curit\u00e9, votre mot de passe n\u2019est \u00e9videmment pas enregistr\u00e9. Vous pouvez \u00e9galement consulter notre boutique en ligne sans cookies. Si vous ne souhaitez pas que nous reconnaissions votre ordinateur, vous pouvez emp\u00eacher l\u2019enregistrement des cookies sur votre disque dur en r\u00e9glant les param\u00e8tres de votre navigateur. Pour toute pr\u00e9cision, veuillez consulter la notice de votre navigateur. Le refus de cookies peut conduire \u00e0 une utilisation restreinte des fonctionnalit\u00e9s de nos offres.<\/p>\n<p>Pour la configuration de nos pages Web conform\u00e9ment aux besoins et pour son optimisation est utilis\u00e9 Google Analytics, un service d\u2019analyse du Web de Google Inc (\u00ab Google \u00bb). Google Analytics utilise des cookies, qui sont des fichiers texte enregistr\u00e9s sur votre ordinateur permettant d\u2019analyser votre utilisation du site. Les informations qui sont g\u00e9n\u00e9r\u00e9es via votre utilisation de ce site web (y compris votre adresse IP) sont transmises \u00e0 un serveur aux \u00c9tats-Unis et y sont enregistr\u00e9es. Google utilisera ces informations pour \u00e9valuer votre utilisation du site Web, pour \u00e9tablir des rapports sur les activit\u00e9s du site Web pour l\u2019exploitant du site et pour fournir d\u2019autres prestations de services associ\u00e9es \u00e0 l\u2019utilisation du site et d\u2019Internet. De m\u00eame, Google transf\u00e8re le cas \u00e9ch\u00e9ant ces informations \u00e0 des tiers pour autant que ceci soit pr\u00e9vu l\u00e9galement ou si des tiers traitent ces donn\u00e9es \u00e0 la demande de Google. Google n\u2019\u00e9tablit en aucun cas de lien entre votre adresse IP et d\u2019autres donn\u00e9es de Google. En utilisant ce site Web, vous consentez au traitement des donn\u00e9es obtenues par Google vous concernant de la mani\u00e8re d\u00e9crite ci-dessus et pour le but cit\u00e9. Vous pouvez <a href=\"https:\/\/tools.google.com\/dlpage\/gaoptout?hl=fr\" target=\"_blank\" rel=\"noopener\">d\u00e9sactiver<\/a> pour l\u2019avenir cette collecte et cet enregistrement de donn\u00e9es en installant un add-on.<\/p>\n<p>Nos pages Internet utilisent Google Adwords Conversion-Tracking, un service d\u2019analyse du web de Google Inc. 1600 Amphitheatre Parkway, Mountain View, CA 94043, \u00c9tats-Unis ( \u00ab Google \u00bb) en vue d\u2019am\u00e9liorer le site Web et les activit\u00e9s publicitaires. Le cookie pour le suivi des conversions est cr\u00e9\u00e9 lorsqu\u2019un utilisateur clique sur une annonce propos\u00e9e par Google. Ces cookies perdent leur validit\u00e9 apr\u00e8s 30 jours et ne servent pas \u00e0 l\u2019identification personnelle. Si vous visitez certaines pages de notre site Web pendant ces 30 jours, il nous est possible \u00e0 nous et \u00e0 Google \u00c9tats-Unis, de reconna\u00eetre que vous avez cliqu\u00e9 sur cette annonce et que vous avez \u00e9t\u00e9 redirig\u00e9 vers cette page. Chaque client Google AdWords re\u00e7oit un cookie diff\u00e9rent. Les cookies ne peuvent ainsi pas \u00eatre suivis \u00e0 partir des sites Web des clients AdWords. Les informations pr\u00e9lev\u00e9es \u00e0 l\u2019aide des cookies de suivi des conversions nous servent \u00e0 \u00e9tablir des statistiques de conversions. Nous connaissons le nombre total d\u2019utilisateurs qui ont cliqu\u00e9 sur notre annonce et qui ont \u00e9t\u00e9 redirig\u00e9s vers notre page. Nous n\u2019obtenons cependant aucune information qui permette de vous identifier personnellement. Si vous ne voulez pas participer au suivi, vous pouvez facilement d\u00e9sactiver le cookie de suivi de conversion sous les param\u00e8tres utilisateur de votre navigateur Internet. Vous ne serez ainsi pas pris en compte dans les statistiques de suivi de conversion.<br \/>\nVous trouverez d\u2019autres options de param\u00e9trage sur la <a href=\"https:\/\/www.google.com\/policies\/technologies\/ads\/\" target=\"_blank\" rel=\"noopener\">Page de d\u00e9sactivation de la publicit\u00e9 Google<\/a>. Vous pouvez d\u00e9sactiver les cookies de fournisseurs tiers en appelant la <a href=\"https:\/\/www.networkadvertising.org\/choices\/\" target=\"_blank\" rel=\"noopener\">Page de d\u00e9sactivation de l\u2019Initiative pour la publicit\u00e9 en r\u00e9seau<\/a>. Vous trouverez <a href=\"https:\/\/www.google.com\/intl\/fr\/policies\/privacy\/\" target=\"_self\" rel=\"noopener\">ici<\/a> des informations compl\u00e9mentaires sur les principes de protection des donn\u00e9es de Google.<\/p>\n<p>Nous chargeons des soci\u00e9t\u00e9s tierces de placer des annonces publicitaires de nos produits sur les sites Web de nos partenaires afin de les rendre plus attrayants pour vous. Des techniques de reciblage des entreprises mandat\u00e9es sont alors utilis\u00e9es pour collecter \u00e0 l\u2019aide de cookies des donn\u00e9es enti\u00e8rement anonymis\u00e9es par le biais de pages, cat\u00e9gories ou produits que vous avez consult\u00e9s. Nous pouvons ainsi concevoir les annonces en fonction de l\u2019int\u00e9r\u00eat que vous portez \u00e0 notre boutique en ligne ou \u00e0 nos produits. Les donn\u00e9es personnelles ne sont \u00e0 aucun moment transmises \u00e0 des tiers. Il ne nous est pas possible, \u00e0 nous ou aux entreprises tierces, d\u2019\u00e9tablir un lien avec votre personne ou vos donn\u00e9es personnelles. Nous ne pouvons \u00e9tablir aucun lien avec les donn\u00e9es que vous avez communiqu\u00e9es dans le cadre de votre commande. Nous utilisons les donn\u00e9es collect\u00e9es uniquement pour optimiser nos mesures publicitaires sous forme de banni\u00e8res publicitaires. Sur chacune de ces banni\u00e8res publicitaires se trouve un symbole \u00ab i \u00bb qui vous permet de r\u00e9voquer le reciblage (Opt-out) avec effet pour l\u2019avenir et qui vous permet d\u2019obtenir des informations suppl\u00e9mentaires sur la technologie utilis\u00e9e.<\/p>\n<p>Les utilisateurs de Facebook doivent noter que l&rsquo;outil de communication Website Custom Audiences de Facebook est utilis\u00e9 sur notre site. Un \u00ab pixel Facebook \u00bb est ainsi int\u00e9gr\u00e9 \u00e0 notre site Web. Celui-ci vous marque comme un utilisateur de notre site Web de fa\u00e7on anonyme, c&rsquo;est \u00e0 dire sans vous identifier en tant que personne. Si vous vous connectez plus tard sur Facebook, une somme de contr\u00f4le (profil) non-r\u00e9versible et donc non-nominative de vos donn\u00e9es d&rsquo;utilisation est transmise \u00e0 Facebook \u00e0 des fins d&rsquo;analyse et de marketing. Pour plus d&rsquo;informations sur l&rsquo;objectif et l&rsquo;\u00e9tendue de la collecte de donn\u00e9es et leur traitement et utilisation ult\u00e9rieurs par Facebook, ainsi que sur vos options de configuration afin de prot\u00e9ger votre vie priv\u00e9e, veuillez consulter la politique de Facebook en mati\u00e8re d&rsquo;utilisation des donn\u00e9es, que vous pouvez notamment trouver aux adresses <a href=\"https:\/\/www.facebook.com\/ads\/website_custom_audiences\/\" target=\"_blank\" rel=\"noopener\">https:\/\/www.facebook.com\/ads\/website_custom_audiences\/<\/a> et<a href=\"http:\/\/https:\/\/www.facebook.com\/privacy\/explanation\"> https:\/\/www.facebook.com\/privacy\/explanation<\/a>.<\/p>\n<p>Si vous souhaitez vous opposer \u00e0 l&rsquo;utilisation de Facebook Website Custom Audiences, vous pouvez le faire \u00e0 l&rsquo;adresse suivante <a href=\"https:\/\/www.facebook.com\/ads\/website_custom_audiences\/\" target=\"_blank\" rel=\"noopener\">https:\/\/www.facebook.com\/ads\/website_custom_audiences\/<\/a>.<\/p>\n<p>Si vous avez cliqu\u00e9 sur une banni\u00e8re publicitaire affich\u00e9e sur Facebook pour acc\u00e9der \u00e0 notre site, l&rsquo;heure de votre commande sera communiqu\u00e9e \u00e0 Facebook Inc., 1601 S. California Ave, Palo Alto, CA 94304, USA. La communication de ces donn\u00e9es permet \u00e0 Facebook de nous facturer la publicit\u00e9. Facebook peut relier ces donn\u00e9es \u00e0 votre compte Facebook et les utiliser \u00e0 ses propres fins publicitaires. Pour de plus amples informations, merci de consulter la rubrique<a href=\"https:\/\/www.facebook.com\/about\/privacy\/\" target=\"_blank\" rel=\"noopener\"> Politique d&rsquo;utilisation des donn\u00e9es<\/a>). Vous pouvez vous opposer \u00e0 la saisie et \u00e0 l\u2019enregistrement de vos donn\u00e9es \u00e0 l\u2019avenir en cliquant <a href=\"https:\/\/www.facebook.com\/ads\/website_custom_audiences\/\" target=\"_self\" rel=\"noopener\">ici<\/a>.<\/p>\n<p>Enfin, si notre site vous met \u00e0 disposition les outils vous permettant de partager des contenus de notre site tels que par exemple les boutons \u00ab partager \u00bb et \u00ab j\u2019aime \u00bb, issues des r\u00e9seaux sociaux comme Facebook, Twitter etc\u2026<\/p>\n<h3>Partage de l\u2019information avec des tierces parties :<\/h3>\n<p>Nous ne louons, ni ne vendons, ni n\u2019\u00e9changeons votre nom ou toute autre information personnelle identifiable \u00e0 d\u2019autres entreprises, pour aucune raison. Votre information personnelle n\u2019est divulgu\u00e9e \u00e0 aucune tierce partie externe, sous aucun pr\u00e9texte, \u00e0 moins d\u2019avoir au pr\u00e9alable re\u00e7u votre consentement personnel, ou que ce ne soit requis par la loi.<\/p>\n<h3 class=\"cbr-headline lineswitch_hideLine align-left\"><span class=\"title-text\">S\u00e9curit\u00e9 des donn\u00e9es<\/span><\/h3>\n<div>\n<p>En ce qui concerne vos donn\u00e9es personnelles, vous pouvez nous faire confiance. Lors du processus de commande, les donn\u00e9es nous sont transmises avec un cryptage de 128 bits. La boutique en ligne MesRecettesWW et vos donn\u00e9es sont prot\u00e9g\u00e9es par des mesures techniques et organisationnelles contre tout dommage, toute destruction, toute modification ou tout acc\u00e8s par des personnes non autoris\u00e9es. Malgr\u00e9 des contr\u00f4les r\u00e9guliers, une protection totale contre toutes les menaces ne peut cependant pas \u00eatre garantie.<br \/>\nSi vous vous enregistrez chez nous comme client, l\u2019acc\u00e8s \u00e0 votre compte client n\u2019est possible qu\u2019apr\u00e8s avoir saisi votre mot de passe personnel. Vous devez toujours traiter vos informations de paiement confidentiellement et fermer la fen\u00eatre du navigateur d\u00e8s que vous avez mis fin \u00e0 la communication avec nous, notamment si vous partagez votre ordinateur avec d\u2019autres personnes.<br \/>\nNous prenons \u00e9galement tr\u00e8s au s\u00e9rieux la protection des donn\u00e9s au sein de notre entreprise. Nos collaborateurs et les entreprises que nous mandatons sont tenus au secret professionnel et au respect des dispositions sur la protection des donn\u00e9es.<\/p>\n<\/div>\n<\/div>\n<h3>Comment exercer votre choix<\/h3>\n<p>Vous avez la possibilit\u00e9 de vous opposer \u00e0 tout moment \u00e0 l\u2019enregistrement de \u00ab\u00a0cookies\u00a0\u00bb en configurant votre navigateur<\/p>\n<p>N\u00e9anmoins si vous d\u00e9cidez de supprimer ces cookies, vous devrez renouveler l\u2019op\u00e9ration, et si vous naviguez via un autre op\u00e9rateur, vous devrez faire la m\u00eame d\u00e9marche.<\/p>\n<p>Voici la d\u00e9marche \u00e0 suivre pour supprimer les cookies sur les diff\u00e9rents navigateurs sur le site de la CNIL : <a href=\"https:\/\/www.cnil.fr\/fr\/cookies-les-outils-pour-les-maitriser\" target=\"_blank\" rel=\"noopener\">https:\/\/www.cnil.fr\/fr\/cookies-les-outils-pour-les-maitriser<\/a><\/p>\n<\/div>\n<\/div>\n<h3 class=\"cbr-headline lineswitch_hideLine align-left\"><span class=\"title-text\">Droit d\u2019information, droit d\u2019opposition et droit de r\u00e9tractation<\/span><\/h3>\n<div>\n<p>Selon la loi f\u00e9d\u00e9rale de protection des donn\u00e9es, vous avez le droit aux informations gratuites sur vos donn\u00e9es enregistr\u00e9es de m\u00eame qu\u2019\u00e0 la rectification, au blocage ou \u00e0 l\u2019annulation des donn\u00e9es. Vous pouvez en outre vous opposer \u00e0 la collecte et \u00e0 l\u2019enregistrement de vos donn\u00e9es anonymis\u00e9es ou pseudonymis\u00e9es aux fins d\u2019optimisation de notre site Web. De m\u00eame, vous pouvez \u00e0 tout moment annuler, avec effet pour l\u2019avenir, les \u00e9ventuelles autorisations de collecte, d\u2019enregistrement et d\u2019utilisation de vos donn\u00e9es que vous nous avez accord\u00e9es.<br \/>\nNous nous tenons \u00e0 votre disposition pour de plus amples renseignements concernant la protection des donn\u00e9es et le traitement de vos donn\u00e9es personnelles. Pour toute question ou tout renseignement ainsi que pour la rectification, le blocage ou l\u2019effacement de donn\u00e9es, <a href=\"http:\/\/mesrecettesww.com\/livres\/contactez-nous\/\">veuillez nous \u00e9crire par ici.<\/a><\/p>\n<div>\n<h3 class=\"cbr-headline lineswitch_hideLine align-left\"><span class=\"title-text\">\u00c9ventuelles autorisations accord\u00e9es<\/span><\/h3>\n<div>\n<p>Le cas \u00e9ch\u00e9ant, vous nous avez express\u00e9ment accord\u00e9 l\u2019autorisation suivante lors de votre inscription \u00e0 notre newsletter, de l\u2019enregistrement pour l\u2019espace membres ou lors du processus de commande. Dans ce cas, au-del\u00e0 du cadre sp\u00e9cifi\u00e9 jusqu\u2019ici dans la pr\u00e9sente d\u00e9claration de protection des donn\u00e9es, vos donn\u00e9es personnelles seront \u00e9galement utilis\u00e9es conform\u00e9ment \u00e0 la d\u00e9claration de consentement suivante :<\/p>\n<p><strong>Autorisation d\u2019envoi d\u2019e-mails<\/strong><br \/>\nJe souhaite \u00eatre inform\u00e9 par e-mail des recettes, des promotions, des produits et des jeux-concours. \u00c0 cet effet, mes donn\u00e9es ne seront transmises qu\u2019\u00e0 MesRecettesWW. Je peux \u00e0 tout moment se d\u00e9sabonner l\u2019e-mail de newsletter via un lien compris dans toutes les newsletters envoy\u00e9es par MesRecettesWW. J\u2019ai pris connaissance des dispositions relatives \u00e0 la protection des donn\u00e9es.<\/p>\n<\/div>\n<p>&nbsp;<\/p>\n<\/div>\n<\/div>\n","protected":false},"excerpt":{"rendered":"<p>Lors de votre navigation sur notre site, des cookies sont susceptibles d\u2019\u00eatre d\u00e9pos\u00e9s sur votre disque dur. Ces Cookies nous permettent ainsi qu\u2019\u00e0 nos partenaires d\u2019am\u00e9liorer au quotidien le service que nous vous rendons sur notre site. Un Cookie est un fichier teste qui enregistre les informations concernant votre navigation sur le site. Attention en [&#8230;]\n","protected":false},"author":1,"featured_media":0,"parent":0,"menu_order":0,"comment_status":"closed","ping_status":"closed","template":"","meta":{"footnotes":""},"class_list":["post-285","page","type-page","status-publish","hentry"],"_links":{"self":[{"href":"https:\/\/mesrecettesww.com\/livres\/wp-json\/wp\/v2\/pages\/285","targetHints":{"allow":["GET"]}}],"collection":[{"href":"https:\/\/mesrecettesww.com\/livres\/wp-json\/wp\/v2\/pages"}],"about":[{"href":"https:\/\/mesrecettesww.com\/livres\/wp-json\/wp\/v2\/types\/page"}],"author":[{"embeddable":true,"href":"https:\/\/mesrecettesww.com\/livres\/wp-json\/wp\/v2\/users\/1"}],"replies":[{"embeddable":true,"href":"https:\/\/mesrecettesww.com\/livres\/wp-json\/wp\/v2\/comments?post=285"}],"version-history":[{"count":2,"href":"https:\/\/mesrecettesww.com\/livres\/wp-json\/wp\/v2\/pages\/285\/revisions"}],"predecessor-version":[{"id":287,"href":"https:\/\/mesrecettesww.com\/livres\/wp-json\/wp\/v2\/pages\/285\/revisions\/287"}],"wp:attachment":[{"href":"https:\/\/mesrecettesww.com\/livres\/wp-json\/wp\/v2\/media?parent=285"}],"curies":[{"name":"wp","href":"https:\/\/api.w.org\/{rel}","templated":true}]}}