{"id":275,"date":"2021-08-11T19:58:28","date_gmt":"2021-08-11T19:58:28","guid":{"rendered":"http:\/\/mesrecettesww.com\/livres\/?page_id=275"},"modified":"2023-02-04T16:09:38","modified_gmt":"2023-02-04T16:09:38","slug":"contactez-nous","status":"publish","type":"page","link":"https:\/\/mesrecettesww.com\/livres\/contactez-nous\/","title":{"rendered":"Contactez-Nous"},"content":{"rendered":"<p>Vous n\u2019avez pas trouv\u00e9 la r\u00e9ponse \u00e0 votre question dans notre <a href=\"http:\/\/mesrecettesww.com\/livres\/faq\/\">FAQ<\/a> ou vous souhaitez prendre contact avec l\u2019\u00e9quipe Mes Recettes WW ?<\/p>\n<p>Merci de remplir le formulaire ci-dessous avec une adresse e-mail valide, nous vous r\u00e9pondrons dans les plus brefs d\u00e9lais.<\/p>\n<div class=\"wpforms-container wpforms-container-full\" id=\"wpforms-283\"><form id=\"wpforms-form-283\" class=\"wpforms-validate wpforms-form wpforms-ajax-form\" data-formid=\"283\" method=\"post\" enctype=\"multipart\/form-data\" action=\"\/livres\/wp-json\/wp\/v2\/pages\/275\" data-token=\"44dca4f69f1de00f5437a946de22642d\" data-token-time=\"1778978228\"><noscript class=\"wpforms-error-noscript\">Veuillez activer JavaScript dans votre navigateur pour remplir ce formulaire.<\/noscript><div class=\"wpforms-field-container\"><div id=\"wpforms-283-field_0-container\" class=\"wpforms-field wpforms-field-name\" data-field-id=\"0\"><label class=\"wpforms-field-label\" for=\"wpforms-283-field_0\">Nom <span class=\"wpforms-required-label\">*<\/span><\/label><input type=\"text\" id=\"wpforms-283-field_0\" class=\"wpforms-field-medium wpforms-field-required\" name=\"wpforms[fields][0]\" required><\/div><div id=\"wpforms-283-field_5-container\" class=\"wpforms-field wpforms-field-name\" data-field-id=\"5\"><label class=\"wpforms-field-label\" for=\"wpforms-283-field_5\">Pr\u00e9nom <span class=\"wpforms-required-label\">*<\/span><\/label><input type=\"text\" id=\"wpforms-283-field_5\" class=\"wpforms-field-medium wpforms-field-required\" name=\"wpforms[fields][5]\" required><\/div><div id=\"wpforms-283-field_1-container\" class=\"wpforms-field wpforms-field-email\" data-field-id=\"1\"><label class=\"wpforms-field-label\" for=\"wpforms-283-field_1\">E-mail <span class=\"wpforms-required-label\">*<\/span><\/label><input type=\"email\" id=\"wpforms-283-field_1\" class=\"wpforms-field-medium wpforms-field-required\" name=\"wpforms[fields][1]\" spellcheck=\"false\" required><\/div><div id=\"wpforms-283-field_3-container\" class=\"wpforms-field wpforms-field-text\" data-field-id=\"3\"><label class=\"wpforms-field-label\" for=\"wpforms-283-field_3\">Num\u00e9ro de commande<\/label><input type=\"text\" id=\"wpforms-283-field_3\" class=\"wpforms-field-medium\" name=\"wpforms[fields][3]\" ><\/div><div id=\"wpforms-283-field_4-container\" class=\"wpforms-field wpforms-field-select wpforms-field-select-style-classic\" data-field-id=\"4\"><label class=\"wpforms-field-label\" for=\"wpforms-283-field_4\">Objet <span class=\"wpforms-required-label\">*<\/span><\/label><select id=\"wpforms-283-field_4\" class=\"wpforms-field-medium wpforms-field-required\" name=\"wpforms[fields][4]\" required=\"required\"><option value=\"Probl\u00e8me T\u00e9l\u00e9chargement\"  class=\"choice-1 depth-1\"  >Probl\u00e8me T\u00e9l\u00e9chargement<\/option><option value=\"Probl\u00e8mes d&#039;acc\u00e8s \u00e0 votre compte\"  class=\"choice-4 depth-1\"  >Probl\u00e8mes d'acc\u00e8s \u00e0 votre compte<\/option><option value=\"Probl\u00e8me Paiement\"  class=\"choice-2 depth-1\"  >Probl\u00e8me Paiement<\/option><option value=\"Autre\"  class=\"choice-3 depth-1\"  >Autre<\/option><\/select><\/div><div id=\"wpforms-283-field_2-container\" class=\"wpforms-field wpforms-field-textarea\" data-field-id=\"2\"><label class=\"wpforms-field-label\" for=\"wpforms-283-field_2\">Commentaire ou message <span class=\"wpforms-required-label\">*<\/span><\/label><textarea id=\"wpforms-283-field_2\" class=\"wpforms-field-medium wpforms-field-required\" name=\"wpforms[fields][2]\" required><\/textarea><\/div><\/div><!-- .wpforms-field-container --><div class=\"wpforms-submit-container\" ><input type=\"hidden\" name=\"wpforms[id]\" value=\"283\"><input type=\"hidden\" name=\"page_title\" value=\"\"><input type=\"hidden\" name=\"page_url\" value=\"https:\/\/mesrecettesww.com\/livres\/wp-json\/wp\/v2\/pages\/275\"><input type=\"hidden\" name=\"url_referer\" value=\"\"><button type=\"submit\" name=\"wpforms[submit]\" id=\"wpforms-submit-283\" class=\"wpforms-submit\" data-alt-text=\"Envoi...\" data-submit-text=\"Envoyer\" aria-live=\"assertive\" value=\"wpforms-submit\">Envoyer<\/button><img loading=\"lazy\" decoding=\"async\" src=\"https:\/\/mesrecettesww.com\/livres\/wp-content\/plugins\/wpforms-lite\/assets\/images\/submit-spin.svg\" class=\"wpforms-submit-spinner\" style=\"display: none;\" width=\"26\" height=\"26\" alt=\"Chargement en cours\"><\/div><\/form><\/div>  <!-- .wpforms-container -->\n<p>&nbsp;<\/p>\n<p>Email : hello@mesrecettesww.com<\/p>\n","protected":false},"excerpt":{"rendered":"<p>Vous n\u2019avez pas trouv\u00e9 la r\u00e9ponse \u00e0 votre question dans notre FAQ ou vous souhaitez prendre contact avec l\u2019\u00e9quipe Mes Recettes WW ? Merci de remplir le formulaire ci-dessous avec une adresse e-mail valide, nous vous r\u00e9pondrons dans les plus brefs d\u00e9lais. &nbsp; Email : hello@mesrecettesww.com<\/p>\n","protected":false},"author":1,"featured_media":0,"parent":0,"menu_order":0,"comment_status":"closed","ping_status":"closed","template":"","meta":{"footnotes":""},"class_list":["post-275","page","type-page","status-publish","hentry"],"_links":{"self":[{"href":"https:\/\/mesrecettesww.com\/livres\/wp-json\/wp\/v2\/pages\/275","targetHints":{"allow":["GET"]}}],"collection":[{"href":"https:\/\/mesrecettesww.com\/livres\/wp-json\/wp\/v2\/pages"}],"about":[{"href":"https:\/\/mesrecettesww.com\/livres\/wp-json\/wp\/v2\/types\/page"}],"author":[{"embeddable":true,"href":"https:\/\/mesrecettesww.com\/livres\/wp-json\/wp\/v2\/users\/1"}],"replies":[{"embeddable":true,"href":"https:\/\/mesrecettesww.com\/livres\/wp-json\/wp\/v2\/comments?post=275"}],"version-history":[{"count":10,"href":"https:\/\/mesrecettesww.com\/livres\/wp-json\/wp\/v2\/pages\/275\/revisions"}],"predecessor-version":[{"id":3834,"href":"https:\/\/mesrecettesww.com\/livres\/wp-json\/wp\/v2\/pages\/275\/revisions\/3834"}],"wp:attachment":[{"href":"https:\/\/mesrecettesww.com\/livres\/wp-json\/wp\/v2\/media?parent=275"}],"curies":[{"name":"wp","href":"https:\/\/api.w.org\/{rel}","templated":true}]}}